{"id":158380,"date":"2021-08-13T12:06:19","date_gmt":"2021-08-13T10:06:19","guid":{"rendered":"https:\/\/pizbube.ch\/?post_type=product&#038;p=158380"},"modified":"2021-08-13T12:28:29","modified_gmt":"2021-08-13T10:28:29","slug":"wanderkarte-zermatt-125000","status":"publish","type":"product","link":"https:\/\/pizbube.ch\/en\/shop\/wanderkarte-zermatt-125000\/","title":{"rendered":"Wanderkarte Zermatt 1:25&#8217;000"},"content":{"rendered":"<p>Wanderkarte Zermatt &#8211; T\u00e4sch &#8211; Randa; 1:25&#8217;000 auf Basis swisstopo;<br \/>\nAusgabe 2021<\/p>\n<p>Topografische Wanderkarte mit detaillierten Infos in Deutsch, Franz\u00f6sisch und Englisch.<\/p>\n<p><span class=\"value\">Rund um den Berg der Berge.Zermatt, ein weltbekannter Ferienort, dessen fantastische Bergwelt auch im Sommer eine Reise wert ist.<br \/>\nRund 30 Viertausender geben sich rund um diese Region ein Stelldichein. Eine grosse geologische Vielfalt, eine reiche Flora und Fauna, aber auch unber\u00fchrte Natur laden geradezu zum Wandern und Verweilen ein.<br \/>\nMit dem \u00f6ffentlichen Vekehr bequem erreichbar, touristisch gut erschlossen und bekannt f\u00fcr die Gastfreundschaft ist Zermatt mit seinen rund 450 km Wanderwegen ein Eldorado f\u00fcr den interessierten Besucher.<\/span><\/p>","protected":false},"excerpt":{"rendered":"<p>Wanderkarte Zermatt &#8211; T\u00e4sch &#8211; Randa; 1:25&#8217;000 auf Basis swisstopo; Ausgabe 2021 Topografische Wanderkarte mit detaillierten Infos in Deutsch, Franz\u00f6sisch und Englisch. Rund um den Berg der Berge.Zermatt, ein weltbekannter Ferienort, dessen fantastische Bergwelt auch im Sommer eine Reise wert ist. Rund 30 Viertausender geben sich rund um diese Region ein Stelldichein. Eine grosse geologische [&#8230;]\n","protected":false},"featured_media":158381,"template":"","meta":[],"product_brand":[],"product_cat":[21543],"product_tag":[],"class_list":{"0":"post-158380","1":"product","2":"type-product","3":"status-publish","4":"has-post-thumbnail","6":"product_cat-landkarten","7":"pa_autor-rotten","8":"pa_erscheinungsjahr-25440","9":"pa_region-schweiz","10":"pa_sprache-de-fr-en-2","12":"first","13":"instock","14":"taxable","15":"shipping-taxable","16":"purchasable","17":"product-type-simple"},"_links":{"self":[{"href":"https:\/\/pizbube.ch\/en\/wp-json\/wp\/v2\/product\/158380","targetHints":{"allow":["GET"]}}],"collection":[{"href":"https:\/\/pizbube.ch\/en\/wp-json\/wp\/v2\/product"}],"about":[{"href":"https:\/\/pizbube.ch\/en\/wp-json\/wp\/v2\/types\/product"}],"wp:featuredmedia":[{"embeddable":true,"href":"https:\/\/pizbube.ch\/en\/wp-json\/wp\/v2\/media\/158381"}],"wp:attachment":[{"href":"https:\/\/pizbube.ch\/en\/wp-json\/wp\/v2\/media?parent=158380"}],"wp:term":[{"taxonomy":"product_brand","embeddable":true,"href":"https:\/\/pizbube.ch\/en\/wp-json\/wp\/v2\/product_brand?post=158380"},{"taxonomy":"product_cat","embeddable":true,"href":"https:\/\/pizbube.ch\/en\/wp-json\/wp\/v2\/product_cat?post=158380"},{"taxonomy":"product_tag","embeddable":true,"href":"https:\/\/pizbube.ch\/en\/wp-json\/wp\/v2\/product_tag?post=158380"}],"curies":[{"name":"wp","href":"https:\/\/api.w.org\/{rel}","templated":true}]}}