{"id":158386,"date":"2021-08-14T09:33:58","date_gmt":"2021-08-14T07:33:58","guid":{"rendered":"https:\/\/pizbube.ch\/?post_type=product&#038;p=158386"},"modified":"2026-02-05T09:19:40","modified_gmt":"2026-02-05T08:19:40","slug":"kletterfuehrer-frankenjura-band-1-inkl-app-2","status":"publish","type":"product","link":"https:\/\/pizbube.ch\/en\/shop\/kletterfuehrer-frankenjura-band-1-inkl-app-2\/","title":{"rendered":"Kletterf\u00fchrer Frankenjura Band 1 inkl. App"},"content":{"rendered":"<div id=\"description\" class=\"data item content\" role=\"tabpanel\" data-role=\"content\" aria-labelledby=\"tab-label-description\" aria-hidden=\"false\">\n<div class=\"product attribute description\">\n<div class=\"value\">\n<p>Dieser F\u00fchrer \u00fcber das Spitzenklettergebiet der Republik &#8211; das Frankenjura &#8211; erscheint bereits in der 13. Auflage (Stand der Neutouren = April 2024).<br \/>\nWie die elf vorangegangenen Auflagen, die von s\u00e4mtlichen Klettermagazinen hoch gelobt wurden, ist der F\u00fchrer sehr sorgf\u00e4ltig recherchiert. Mit exakten Zustiegsbeschreibungen und Gebietskarten sowie detaillierten Topos bringt F\u00fchrerautor Sebastian Schwertner Licht ins fr\u00e4nkische Unterholz. Auf 608 Seiten werden \u00fcber 6500 Routen vorgestellt.<\/p>\n<p>Neben einigen Korrekturen wurden zus\u00e4tzlich zu den GPS-Koordinaten der Felsen und aller zugeh\u00f6rigen Parkpl\u00e4tze bzw. Ausgangspunkte QR-Codes der Ausgangspunkte aufgenommen. Schlie\u00dflich wollt ihr Klettern und nicht Felsen-Suchen spielen.<\/p>\n<p>Beschriebene Gebiete: Leinleitertal, Wiesenttal, G\u00f6\u00dfweinstein, P\u00fcttlachtal, Weihersbachtal, Klumpertal, Ailsbachtal, Paradiestal, Kaiserbachtal, Sche\u00dflitzer Gebiete, Staffelberg, Kleinziegenfelder Tal, B\u00e4rental und das Zillertal! Diese feinen Zutaten werden mit leckeren Kletterfotos u.a. von Johannes Ingrisch, Frank Kretschmann, Karsten Oelze, J\u00f6rg Zeidelhack u.v.m. garniert.<\/p>\n<\/div>\n<\/div>\n<\/div>\n<p>Dem F\u00fchrer liegt ein Downloadcode f\u00fcr eine kostenlose Anwendung f\u00fcr iOS und<br \/>\nAndroid bei. Ihr bekommt damit alle im Kletterf\u00fchrer enthaltenen Topos in Form<br \/>\neiner App f\u00fcr euer Smartphone 3 Jahre gratis dazu.<\/p>\n<p>13. Auflage 2024,<br \/>\n608 Seiten, 148 x 185 mm, Softcover, komplett 4 Farbig<\/p>","protected":false},"excerpt":{"rendered":"<p>Dieser F\u00fchrer \u00fcber das Spitzenklettergebiet der Republik &#8211; das Frankenjura &#8211; erscheint bereits in der 13. Auflage (Stand der Neutouren = April 2024). Wie die elf vorangegangenen Auflagen, die von s\u00e4mtlichen Klettermagazinen hoch gelobt wurden, ist der F\u00fchrer sehr sorgf\u00e4ltig recherchiert. Mit exakten Zustiegsbeschreibungen und Gebietskarten sowie detaillierten Topos bringt F\u00fchrerautor Sebastian Schwertner Licht ins [&#8230;]\n","protected":false},"featured_media":174169,"template":"","meta":[],"product_brand":[],"product_cat":[21539],"product_tag":[],"class_list":{"0":"post-158386","1":"product","2":"type-product","3":"status-publish","4":"has-post-thumbnail","6":"product_cat-fuehrerliteratur-sportklettern-bouldern","7":"pa_autor-schwertner","8":"pa_erscheinungsjahr-27339","9":"pa_region-deutschland","10":"pa_sprache-de","12":"first","13":"instock","14":"taxable","15":"shipping-taxable","16":"purchasable","17":"product-type-simple"},"_links":{"self":[{"href":"https:\/\/pizbube.ch\/en\/wp-json\/wp\/v2\/product\/158386","targetHints":{"allow":["GET"]}}],"collection":[{"href":"https:\/\/pizbube.ch\/en\/wp-json\/wp\/v2\/product"}],"about":[{"href":"https:\/\/pizbube.ch\/en\/wp-json\/wp\/v2\/types\/product"}],"wp:featuredmedia":[{"embeddable":true,"href":"https:\/\/pizbube.ch\/en\/wp-json\/wp\/v2\/media\/174169"}],"wp:attachment":[{"href":"https:\/\/pizbube.ch\/en\/wp-json\/wp\/v2\/media?parent=158386"}],"wp:term":[{"taxonomy":"product_brand","embeddable":true,"href":"https:\/\/pizbube.ch\/en\/wp-json\/wp\/v2\/product_brand?post=158386"},{"taxonomy":"product_cat","embeddable":true,"href":"https:\/\/pizbube.ch\/en\/wp-json\/wp\/v2\/product_cat?post=158386"},{"taxonomy":"product_tag","embeddable":true,"href":"https:\/\/pizbube.ch\/en\/wp-json\/wp\/v2\/product_tag?post=158386"}],"curies":[{"name":"wp","href":"https:\/\/api.w.org\/{rel}","templated":true}]}}