{"id":158441,"date":"2021-08-18T10:21:51","date_gmt":"2021-08-18T08:21:51","guid":{"rendered":"https:\/\/pizbube.ch\/?post_type=product&#038;p=158441"},"modified":"2021-11-16T14:22:05","modified_gmt":"2021-11-16T13:22:05","slug":"malojawind-eine-liebesgeschichte","status":"publish","type":"product","link":"https:\/\/pizbube.ch\/en\/shop\/malojawind-eine-liebesgeschichte\/","title":{"rendered":"Malojawind &#8211; Eine Liebesgeschichte"},"content":{"rendered":"<p>Ein Mann steigt aus. Mitten in der Nacht macht er sich auf und davon &#8211; ohne zu k\u00fcndigen, ohne seiner Frau eine Nachricht zu hinterlassen.<br \/>\nSie h\u00e4tte doch nur wieder zur n\u00e4chsten Flasche gegriffen.<\/p>\n<p>In Casaccia, einem kleinen Bergdorf in den Schweizer Alpen, will er bleiben, unerkannt und alleine.<br \/>\nAber als schlie\u00dflich der Schnee von den Bergen ins Tal kommt, zieht es ihn nach Hause zur\u00fcck, so wie es ihn damals fortgetrieben hatte&#8230;<\/p>\n<p id=\"id-doc-1fcbcp9fj0\" class=\"articlecomponent text\" data-team-paragraph=\"\" data-nzz-article-component=\"\">Werner Gersdorf, der dort gar nicht landen wollte, hat schliesslich ein paar Monate im Bergell verbracht, um sich vor seinem Leben mit einer alkoholkranken Frau zu retten und verstecken. Zwischen Vergangenheit und Zukunft lebt er in einem alten Haus am Hang am Rand von Casaccia und geht dort, abgesehen von wenigen Ausfl\u00fcgen in die n\u00e4here Umgebung, abgesondert und doch unter Beobachtung der Talbewohner seinen Gedanken nach.<\/p>\n<p id=\"id-doc-1fcbcp9fn0\" class=\"articlecomponent text\" data-team-paragraph=\"\" data-nzz-article-component=\"\">Wer noch nie im Bergell war, sollte sich unbedingt einmal aufmachen \u00fcber den Malojapass.<br \/>\nWenn nicht schon zur Einstimmung, gelesen, vielleicht die Lekt\u00fcre \u00abMalojawind\u00bb von Arno Surminski im Gep\u00e4ck.<\/p>","protected":false},"excerpt":{"rendered":"<p>Ein Mann steigt aus. Mitten in der Nacht macht er sich auf und davon &#8211; ohne zu k\u00fcndigen, ohne seiner Frau eine Nachricht zu hinterlassen. Sie h\u00e4tte doch nur wieder zur n\u00e4chsten Flasche gegriffen. In Casaccia, einem kleinen Bergdorf in den Schweizer Alpen, will er bleiben, unerkannt und alleine. Aber als schlie\u00dflich der Schnee von [&#8230;]\n","protected":false},"featured_media":158442,"template":"","meta":[],"product_brand":[],"product_cat":[21629],"product_tag":[],"class_list":{"0":"post-158441","1":"product","2":"type-product","3":"status-publish","4":"has-post-thumbnail","6":"product_cat-belletristik","7":"pa_autor-surminski","8":"pa_erscheinungsjahr-22144","9":"pa_region-schweiz","10":"pa_sprache-de","12":"first","13":"instock","14":"taxable","15":"shipping-taxable","16":"purchasable","17":"product-type-simple"},"_links":{"self":[{"href":"https:\/\/pizbube.ch\/en\/wp-json\/wp\/v2\/product\/158441","targetHints":{"allow":["GET"]}}],"collection":[{"href":"https:\/\/pizbube.ch\/en\/wp-json\/wp\/v2\/product"}],"about":[{"href":"https:\/\/pizbube.ch\/en\/wp-json\/wp\/v2\/types\/product"}],"wp:featuredmedia":[{"embeddable":true,"href":"https:\/\/pizbube.ch\/en\/wp-json\/wp\/v2\/media\/158442"}],"wp:attachment":[{"href":"https:\/\/pizbube.ch\/en\/wp-json\/wp\/v2\/media?parent=158441"}],"wp:term":[{"taxonomy":"product_brand","embeddable":true,"href":"https:\/\/pizbube.ch\/en\/wp-json\/wp\/v2\/product_brand?post=158441"},{"taxonomy":"product_cat","embeddable":true,"href":"https:\/\/pizbube.ch\/en\/wp-json\/wp\/v2\/product_cat?post=158441"},{"taxonomy":"product_tag","embeddable":true,"href":"https:\/\/pizbube.ch\/en\/wp-json\/wp\/v2\/product_tag?post=158441"}],"curies":[{"name":"wp","href":"https:\/\/api.w.org\/{rel}","templated":true}]}}