{"id":158443,"date":"2021-08-18T11:35:58","date_gmt":"2021-08-18T09:35:58","guid":{"rendered":"https:\/\/pizbube.ch\/?post_type=product&#038;p=158443"},"modified":"2026-04-09T12:17:08","modified_gmt":"2026-04-09T10:17:08","slug":"matterhorn-cervin-cervino-bergsteiger-auf-den-klassischen-routen","status":"publish","type":"product","link":"https:\/\/pizbube.ch\/en\/shop\/matterhorn-cervin-cervino-bergsteiger-auf-den-klassischen-routen\/","title":{"rendered":"Matterhorn, Cervin, Cervino &#8211; Bergsteiger auf den klassischen Routen"},"content":{"rendered":"<p>Viersprachig im Wort und in grossformatigen Bildern, so kommt der Text- und<br \/>\nBildband von Luisa und Beat H. Perren daher: \u00abMatterhorn, Cervin, Cervino\u00bb<br \/>\nstellt so etwas wie die fotografische Hinterlassenschaft eines Bild- und<br \/>\nBergbesessenen dar.<\/p>\n<p>Beat H. Perren hat \u00fcber die Jahre die Gipfel um Zermatt und vor allem das<br \/>\nMatterhorn immer wieder im Bild festgehalten, meist aus einer Perspektive und<br \/>\nunter Umst\u00e4nden, die gew\u00f6hnlich Sterblichen schon aus Kostengr\u00fcnden verwehrt<br \/>\nbleiben. Denn sehr oft handelt es sich um Fotos, die aus dem Helikopter heraus<br \/>\nentstanden sind. Gelegenheit macht Bilder: Der Name von Beat H. Perren ist<br \/>\nuntrennbar mit der Zermatter Luftfahrtgesellschaft Air Zermatt verbunden.<\/p>\n<p>Frau Luisa Perren-Devoti, der Gattin von Beat H. Perren, ist es zu<br \/>\ndanken, wenn auf den fast 350 Seiten des opulenten Bandes der Blickwinkel der<br \/>\n\u00abanderen\u00bb, der italienischen Seite des Matterhorns, fast gleichwertig zur<br \/>\nDarstellung gelangt, nicht zuletzt auch sprachlich.<\/p>\n<p>&nbsp;<\/p>\n<p><span style=\"color: #555555\">Stunning photographs of the Matterhorn taken d<span id=\"descriptMore\" class=\"v2GrayLink\">uring many years service in the local rescue team.<br \/>\nThis is perhaps the most visually striking mountaineering book of Matterhorn!. <\/span><\/span><\/p>\n<p>T<span style=\"color: #555555\">ext in German, French, Italian, Spanish and English. <\/span><\/p>\n<p>374 Seiten; 31&#215;31 cm; 3,1 kg.<br \/>\n3. \u00fcberarbeitete Auflage 2021<\/p>","protected":false},"excerpt":{"rendered":"<p>Viersprachig im Wort und in grossformatigen Bildern, so kommt der Text- und Bildband von Luisa und Beat H. Perren daher: \u00abMatterhorn, Cervin, Cervino\u00bb stellt so etwas wie die fotografische Hinterlassenschaft eines Bild- und Bergbesessenen dar. Beat H. Perren hat \u00fcber die Jahre die Gipfel um Zermatt und vor allem das Matterhorn immer wieder im Bild [&#8230;]\n","protected":false},"featured_media":158444,"template":"","meta":[],"product_brand":[],"product_cat":[21542],"product_tag":[],"class_list":{"0":"post-158443","1":"product","2":"type-product","3":"status-publish","4":"has-post-thumbnail","6":"product_cat-sachbuecher-dokumentationen","7":"pa_autor-perren-perren","8":"pa_erscheinungsjahr-25440","9":"pa_region-schweiz","10":"pa_sprache-de-en-it-fr","12":"first","13":"outofstock","14":"taxable","15":"shipping-taxable","16":"purchasable","17":"product-type-simple"},"_links":{"self":[{"href":"https:\/\/pizbube.ch\/en\/wp-json\/wp\/v2\/product\/158443","targetHints":{"allow":["GET"]}}],"collection":[{"href":"https:\/\/pizbube.ch\/en\/wp-json\/wp\/v2\/product"}],"about":[{"href":"https:\/\/pizbube.ch\/en\/wp-json\/wp\/v2\/types\/product"}],"wp:featuredmedia":[{"embeddable":true,"href":"https:\/\/pizbube.ch\/en\/wp-json\/wp\/v2\/media\/158444"}],"wp:attachment":[{"href":"https:\/\/pizbube.ch\/en\/wp-json\/wp\/v2\/media?parent=158443"}],"wp:term":[{"taxonomy":"product_brand","embeddable":true,"href":"https:\/\/pizbube.ch\/en\/wp-json\/wp\/v2\/product_brand?post=158443"},{"taxonomy":"product_cat","embeddable":true,"href":"https:\/\/pizbube.ch\/en\/wp-json\/wp\/v2\/product_cat?post=158443"},{"taxonomy":"product_tag","embeddable":true,"href":"https:\/\/pizbube.ch\/en\/wp-json\/wp\/v2\/product_tag?post=158443"}],"curies":[{"name":"wp","href":"https:\/\/api.w.org\/{rel}","templated":true}]}}