{"id":158449,"date":"2021-08-18T14:40:29","date_gmt":"2021-08-18T12:40:29","guid":{"rendered":"https:\/\/pizbube.ch\/?post_type=product&#038;p=158449"},"modified":"2024-11-23T10:00:29","modified_gmt":"2024-11-23T09:00:29","slug":"vorarlberg-alpinkletterfuehrer","status":"publish","type":"product","link":"https:\/\/pizbube.ch\/en\/shop\/vorarlberg-alpinkletterfuehrer\/","title":{"rendered":"Vorarlberg Alpinkletterf\u00fchrer"},"content":{"rendered":"<div id=\"description\" class=\"data item content\" role=\"tabpanel\" data-role=\"content\" aria-labelledby=\"tab-label-description\" aria-hidden=\"false\">\n<div class=\"product attribute description\">\n<div class=\"value\">\n<p>Kletterf\u00fchrer Vorarlberg \u2013 Klettern im Bregenzerwald, Lechquellengebirge, R\u00e4tikon, Verwall und der Silvretta<\/p>\n<p>Ganz im Westen der Alpenrepublik \u2013 umrahmt vom Allg\u00e4u und der Ostschweiz \u2013 h\u00e4ngt das kleine Bundesland Vorarlberg \u00fcber ein kurze Nahtstelle am \u00f6sterreichischen Tirol. Es beinhaltet gleich f\u00fcnf Gebirgsgruppen: die Bregenzerwaldberge, das Lechquellengebirge sowie Teile von R\u00e4tikon, Silvretta und Verwall.<\/p>\n<p>Der Kletterf\u00fchrer h\u00e4lt sich nicht sklavisch an die L\u00e4ndergrenzen, sondern beschreibt alle Ziele, die von Vorarlberg aus logisch erreicht werden und macht dabei Ausfl\u00fcge in die Schweiz, nach Tirol und ins Allg\u00e4u. Die Region pr\u00e4sentiert sich abwechslungsreich wie wenige andere: plattiger Kalk an Roter Wand, Roggalspitze oder Gelbeck, griffiges Urgestein um die Darmst\u00e4dter H\u00fctte, am Patteriol oder im Jamtal. Hochbetrieb an den Spullerplatten und Bergeinsamkeit an den Pflunspitzen. Diese Vielseitigkeit und die leichte Erreichbarkeit vom S\u00fcdwesten Deutschlands machten das Gebiet zu einer der beliebtesten Kletterregionen der Alpen.<\/p>\n<p>Beschriebene Gebiete:<\/p>\n<p>Bregenzerwald<br \/>\nLechquellengebirge<br \/>\nLech\/Warth<br \/>\nR\u00e4tikon &#8211; L\u00fcner See<br \/>\nR\u00e4tikon &#8211; Lindauer H\u00fctte<br \/>\nSilvretta<br \/>\nVerwall<\/p>\n<p>Die talnahen Kletterg\u00e4rten findet ihr im <a href=\"https:\/\/pizbube.ch\/en\/shop\/vorarlberg-sportkletterfuehrer\/\" target=\"_blank\" rel=\"noopener\"><strong>Sportkletterf\u00fchrer Vorarlberg<\/strong><\/a><\/p>\n<p>6. Auflage 2021, 115 x 185 mm, 456 Seiten, 40 Topokarten, Softcover, komplett 4 Farbig, Schutzh\u00fclle<\/p>\n<\/div>\n<\/div>\n<\/div>","protected":false},"excerpt":{"rendered":"<ul>\n<li><a href=\"https:\/\/pizbube.ch\/wp-content\/uploads\/2021\/08\/Leseprobe_Kletterfuehrer_Alpin-Vorarlberg.pdf\" target=\"_blank\" rel=\"noopener\"><strong>Leseprobe_Kletterf\u00fchrer_Alpin-Vorarlberg<\/strong><\/a><\/li>\n<\/ul>","protected":false},"featured_media":158450,"template":"","meta":[],"product_brand":[],"product_cat":[21539],"product_tag":[],"class_list":{"0":"post-158449","1":"product","2":"type-product","3":"status-publish","4":"has-post-thumbnail","6":"product_cat-fuehrerliteratur-sportklettern-bouldern","7":"pa_autor-pasold","8":"pa_erscheinungsjahr-25440","9":"pa_region-oesterreich","10":"pa_sprache-de","12":"first","13":"instock","14":"taxable","15":"shipping-taxable","16":"purchasable","17":"product-type-simple"},"_links":{"self":[{"href":"https:\/\/pizbube.ch\/en\/wp-json\/wp\/v2\/product\/158449","targetHints":{"allow":["GET"]}}],"collection":[{"href":"https:\/\/pizbube.ch\/en\/wp-json\/wp\/v2\/product"}],"about":[{"href":"https:\/\/pizbube.ch\/en\/wp-json\/wp\/v2\/types\/product"}],"wp:featuredmedia":[{"embeddable":true,"href":"https:\/\/pizbube.ch\/en\/wp-json\/wp\/v2\/media\/158450"}],"wp:attachment":[{"href":"https:\/\/pizbube.ch\/en\/wp-json\/wp\/v2\/media?parent=158449"}],"wp:term":[{"taxonomy":"product_brand","embeddable":true,"href":"https:\/\/pizbube.ch\/en\/wp-json\/wp\/v2\/product_brand?post=158449"},{"taxonomy":"product_cat","embeddable":true,"href":"https:\/\/pizbube.ch\/en\/wp-json\/wp\/v2\/product_cat?post=158449"},{"taxonomy":"product_tag","embeddable":true,"href":"https:\/\/pizbube.ch\/en\/wp-json\/wp\/v2\/product_tag?post=158449"}],"curies":[{"name":"wp","href":"https:\/\/api.w.org\/{rel}","templated":true}]}}