{"id":158461,"date":"2021-08-19T14:40:10","date_gmt":"2021-08-19T12:40:10","guid":{"rendered":"https:\/\/pizbube.ch\/?post_type=product&#038;p=158461"},"modified":"2025-03-11T08:46:18","modified_gmt":"2025-03-11T07:46:18","slug":"sierra-de-guara-150000-carte-rando-editions-n14","status":"publish","type":"product","link":"https:\/\/pizbube.ch\/en\/shop\/sierra-de-guara-150000-carte-rando-editions-n14\/","title":{"rendered":"Sierra de Guara 1:50&#8217;000 &#8211; Carte Rando Editions n\u00b014"},"content":{"rendered":"<div class=\"field field-name-hw-presentation-editoriale field-type-text-long field-label-hidden\">\n<div class=\"field-items\">\n<div class=\"field-item even\">\n<p>La carte indispensable pour d\u00e9couvrir la Sierra de Guara et toutes ses activit\u00e9s outdoor : randonn\u00e9e, canyoning, VTT\u2026<\/p>\n<p>Un cadrage qui assure une couverture int\u00e9grale du massif de la Sierra de Guara (Sobrarbe, Somontano, Hoya de Huesca).<br \/>\nUne approche routi\u00e8re facilit\u00e9e depuis Sabinanigo (Port de Monrepos) et Ainsa au nord, depuis Huesca et Abiego au sud, et figurant l&#8217;A23 \u00e0 l&#8217;ouest \u00e0 l&#8217;A138 \u00e0 l&#8217;est.<\/p>\n<p>Toutes les informations sur les itin\u00e9raires d&#8217;activit\u00e9s outdoor du moment (canyoning, randonn\u00e9e, VTT) :<br \/>\n\u2022 pour le canyoning, sont figur\u00e9s principaux parkings, acc\u00e8s et sorties des rios (Guatizalema, Formiga, Alcanadre, Mascun, Balces-Isuala, Vero&#8230;) ;<br \/>\n\u2022 pour le VTT, pr\u00e9sence des itin\u00e9raires balis\u00e9s de la Zona Zero d&#8217;Ainsa (Sobrarbe) au nord et de la Hoya de Huesca au sud;<br \/>\n\u2022 pour la randonn\u00e9e, itin\u00e9raires balis\u00e9s et\/ou d&#8217;int\u00e9r\u00eat majeur \u00e0 la journ\u00e9e, ou sur plusieurs jours (GR-1 et GR-45).<\/p>\n<p>Pr\u00e9sence des nouveaux itin\u00e9raires \u00e0 \u00e9tapes que sont :<br \/>\n\u2013 le Camino Natural de la Hoya de Huesca (Arguis &#8211; Nocito &#8211; Vadiello &#8211; Bierge)<br \/>\n\u2013 le Camino Natural du Somontano (Bierge &#8211; Rodellar &#8211; Alqu\u00e9zar)<br \/>\n\u2013 le Camino de San Urbes, tout nouvel itin\u00e9raire balis\u00e9 GR, reliant Huesca \u00e0 l&#8217;ermitage de San Urbes dans le massif d&#8217;Ordesa Mont Perdu.<\/p>\n<\/div>\n<\/div>\n<\/div>","protected":false},"excerpt":{"rendered":"<p>La carte indispensable pour d\u00e9couvrir la Sierra de Guara et toutes ses activit\u00e9s outdoor : randonn\u00e9e, canyoning, VTT\u2026 Un cadrage qui assure une couverture int\u00e9grale du massif de la Sierra de Guara (Sobrarbe, Somontano, Hoya de Huesca). Une approche routi\u00e8re facilit\u00e9e depuis Sabinanigo (Port de Monrepos) et Ainsa au nord, depuis Huesca et Abiego au [&#8230;]\n","protected":false},"featured_media":158462,"template":"","meta":[],"product_brand":[],"product_cat":[21543],"product_tag":[],"class_list":{"0":"post-158461","1":"product","2":"type-product","3":"status-publish","4":"has-post-thumbnail","6":"product_cat-landkarten","7":"pa_autor-rando-ed","8":"pa_erscheinungsjahr-21558","9":"pa_region-spanien","10":"pa_sprache-fr-en","12":"first","13":"onbackorder","14":"taxable","15":"shipping-taxable","16":"purchasable","17":"product-type-simple"},"_links":{"self":[{"href":"https:\/\/pizbube.ch\/en\/wp-json\/wp\/v2\/product\/158461","targetHints":{"allow":["GET"]}}],"collection":[{"href":"https:\/\/pizbube.ch\/en\/wp-json\/wp\/v2\/product"}],"about":[{"href":"https:\/\/pizbube.ch\/en\/wp-json\/wp\/v2\/types\/product"}],"wp:featuredmedia":[{"embeddable":true,"href":"https:\/\/pizbube.ch\/en\/wp-json\/wp\/v2\/media\/158462"}],"wp:attachment":[{"href":"https:\/\/pizbube.ch\/en\/wp-json\/wp\/v2\/media?parent=158461"}],"wp:term":[{"taxonomy":"product_brand","embeddable":true,"href":"https:\/\/pizbube.ch\/en\/wp-json\/wp\/v2\/product_brand?post=158461"},{"taxonomy":"product_cat","embeddable":true,"href":"https:\/\/pizbube.ch\/en\/wp-json\/wp\/v2\/product_cat?post=158461"},{"taxonomy":"product_tag","embeddable":true,"href":"https:\/\/pizbube.ch\/en\/wp-json\/wp\/v2\/product_tag?post=158461"}],"curies":[{"name":"wp","href":"https:\/\/api.w.org\/{rel}","templated":true}]}}