{"id":158466,"date":"2021-08-19T14:51:45","date_gmt":"2021-08-19T12:51:45","guid":{"rendered":"https:\/\/pizbube.ch\/?post_type=product&#038;p=158466"},"modified":"2023-06-22T09:47:39","modified_gmt":"2023-06-22T07:47:39","slug":"sommets-des-pyrenees-les-plus-belles-courses-neige-et-rocher","status":"publish","type":"product","link":"https:\/\/pizbube.ch\/en\/shop\/sommets-des-pyrenees-les-plus-belles-courses-neige-et-rocher\/","title":{"rendered":"Sommets des Pyr\u00e9n\u00e9es &#8211; Les plus belles courses neige et rocher"},"content":{"rendered":"<p>Une s\u00e9lection de courses\u00a0en montagne\u00a0\u2013 neige et\/ou rocher \u2013 accessibles pour vivre l&#8217;aventure des sommets pyr\u00e9n\u00e9ens sans mod\u00e9ration.<\/p>\n<p>Dix ans apr\u00e8s un premier ouvrage paru aux \u00e9ditions Gl\u00e9nat, Fran\u00e7ois Laurens s\u2019est attel\u00e9 \u00e0 ce nouvel opus destin\u00e9 aux alpinistes d\u00e9sireux de gravir les sommets embl\u00e9matiques des Pyr\u00e9n\u00e9es. Les conditions \u00e9voluent, les pratiques \u00e9galement, et la s\u00e9lection d\u2019itin\u00e9raires propos\u00e9e aujourd\u2019hui s\u2019est mise au go\u00fbt du jour. Bien entendu, quelques classiques demeurent, tant elles font partie du patrimoine pyr\u00e9n\u00e9en.<\/p>\n<p>Les nouvelles courses tiennent compte du niveau g\u00e9n\u00e9ral des grimpeurs qui a augment\u00e9, et elles souvent moins \u00e9loign\u00e9es des voitures et accessibles dans la journ\u00e9e. Peu d&#8217;entre elles sont compl\u00e8tement \u00e9quip\u00e9es, la plupart des lignes permettent ainsi de se familiariser aussi \u00e0 la pose d&#8217;\u00e9quipement. Ces escalades, en plus d&#8217;\u00eatre de purs moments de plaisir, sont aussi de formidables terrains d&#8217;entra\u00eenement avant d&#8217;aller explorer des itin\u00e9raires plus sauvages en haute montagne.<\/p>\n<p>Dans les Pyr\u00e9n\u00e9es comme ailleurs le changement climatique a aussi fait \u00e9voluer la pratique. Depuis plusieurs ann\u00e9es, avec les brusques variations des temp\u00e9ratures, mieux vaut se tenir pr\u00eat pour aller se lancer au moment propice dans une course de neige ou de glace, car les conditions optimales ne durent jamais tr\u00e8s longtemps. \u00c0 l&#8217;inverse, en profitant des sierras espagnoles ou des faces sud ari\u00e9geoises, on peut quasiment grimper sur du rocher sec tout au long de l&#8217;ann\u00e9e.<\/p>\n<p>Vous l&#8217;aurez compris, vous trouverez dans ces pages assez d&#8217;itin\u00e9raires pour aller d&#8217;abord am\u00e9liorer votre pratique d&#8217;alpiniste, avant de vous lancer \u00e0 l&#8217;assaut de quelques grandes voies classiques de notre belle cha\u00eene pyr\u00e9n\u00e9enne. Tout cela en gardant bien s\u00fbr \u00e0 l&#8217;esprit l&#8217;id\u00e9e de profiter du plaisir simple d&#8217;\u00eatre en montagne.<\/p>","protected":false},"excerpt":{"rendered":"<p>Une s\u00e9lection de courses\u00a0en montagne\u00a0\u2013 neige et\/ou rocher \u2013 accessibles pour vivre l&#8217;aventure des sommets pyr\u00e9n\u00e9ens sans mod\u00e9ration. Dix ans apr\u00e8s un premier ouvrage paru aux \u00e9ditions Gl\u00e9nat, Fran\u00e7ois Laurens s\u2019est attel\u00e9 \u00e0 ce nouvel opus destin\u00e9 aux alpinistes d\u00e9sireux de gravir les sommets embl\u00e9matiques des Pyr\u00e9n\u00e9es. Les conditions \u00e9voluent, les pratiques \u00e9galement, et la [&#8230;]\n","protected":false},"featured_media":158467,"template":"","meta":[],"product_brand":[],"product_cat":[21544,21539],"product_tag":[26950],"class_list":{"0":"post-158466","1":"product","2":"type-product","3":"status-publish","4":"has-post-thumbnail","6":"product_cat-fuehrerliteratur-alpin-sommer","7":"product_cat-fuehrerliteratur-sportklettern-bouldern","8":"product_tag-pyrenaeen","9":"pa_autor-laurens","10":"pa_erscheinungsjahr-21586","11":"pa_region-frankreich","12":"pa_region-spanien","13":"pa_sprache-fr","15":"first","16":"instock","17":"taxable","18":"shipping-taxable","19":"purchasable","20":"product-type-simple"},"_links":{"self":[{"href":"https:\/\/pizbube.ch\/en\/wp-json\/wp\/v2\/product\/158466","targetHints":{"allow":["GET"]}}],"collection":[{"href":"https:\/\/pizbube.ch\/en\/wp-json\/wp\/v2\/product"}],"about":[{"href":"https:\/\/pizbube.ch\/en\/wp-json\/wp\/v2\/types\/product"}],"wp:featuredmedia":[{"embeddable":true,"href":"https:\/\/pizbube.ch\/en\/wp-json\/wp\/v2\/media\/158467"}],"wp:attachment":[{"href":"https:\/\/pizbube.ch\/en\/wp-json\/wp\/v2\/media?parent=158466"}],"wp:term":[{"taxonomy":"product_brand","embeddable":true,"href":"https:\/\/pizbube.ch\/en\/wp-json\/wp\/v2\/product_brand?post=158466"},{"taxonomy":"product_cat","embeddable":true,"href":"https:\/\/pizbube.ch\/en\/wp-json\/wp\/v2\/product_cat?post=158466"},{"taxonomy":"product_tag","embeddable":true,"href":"https:\/\/pizbube.ch\/en\/wp-json\/wp\/v2\/product_tag?post=158466"}],"curies":[{"name":"wp","href":"https:\/\/api.w.org\/{rel}","templated":true}]}}