{"id":158505,"date":"2021-08-25T09:00:56","date_gmt":"2021-08-25T07:00:56","guid":{"rendered":"https:\/\/pizbube.ch\/?post_type=product&#038;p=158505"},"modified":"2021-08-26T17:27:13","modified_gmt":"2021-08-26T15:27:13","slug":"alpinkletterfuehrer-wetterstein-nord","status":"publish","type":"product","link":"https:\/\/pizbube.ch\/en\/shop\/alpinkletterfuehrer-wetterstein-nord\/","title":{"rendered":"Alpinkletterf\u00fchrer Wetterstein Nord"},"content":{"rendered":"<div class=\"product attribute overview\">\n<div class=\"value\">\n<p>Kletterf\u00fchrer Wetterstein Nord \u2013 Meilerh\u00fctte, Oberreintal, Alpspitze, Waxensteinkamm und mehr.<\/p>\n<p>Das <em>Wettersteingebirge<\/em> mit dem h\u00f6chsten Gipfel Deutschlands \u2013 der <em>Zugspitze<\/em> \u2013 ist bei klarer Sicht von M\u00fcnchen aus zu sehen. Kein Wunder, dass es f\u00fcr die gro\u00dfe Klettercommunity aus der bairischen Landeshauptstadt zu den naheliegendsten Kletterrevieren z\u00e4hlt. Wegen der F\u00fclle an <em>Kletterm\u00f6glichkeiten<\/em> ist dieser m\u00e4chtige Gebirgsstock bei uns aber auf zwei B\u00fccher aufgeteilt. Dieser <em>Band Nord<\/em> umfasst alle Kletterrouten auf deutscher Seite. Nur im Tourengebiet der <em>Meilerh\u00fctte<\/em> verschl\u00e4gt es uns knapp nach Tirol.<\/p>\n<p>Das Herzst\u00fcck des Kletterf\u00fchrers bildet das legend\u00e4re <em>Oberreintal<\/em>, ein <em>Kletterparadies<\/em> f\u00fcr den Hochsommer und den Herbst, das sich durch seine Abgeschiedenheit den urspr\u00fcnglichen Charme bis in die Gegenwart bewahrt hat. Sehr vielf\u00e4ltig ist die Tourenauswahl rund um die <em>Alpspitze<\/em>. Von hochalpinen <em>Kletterg\u00e4rten<\/em> \u00fcber zahlreiche <em>Plaisirrouten<\/em> bis hin zu langen Gratklettereien ist alles geboten. Nimmt man die Seilbahn als Zustiegshilfe, dann ist das Gebiet vom Talort <em>Garmisch-Partenkirchen<\/em> aus sehr schnell erreichbar.<\/p>\n<p>Vervollst\u00e4ndigt wird das Buch durch einsame Routen im <em>Reintal,<\/em> steile W\u00e4nde im <em>H\u00f6llental<\/em> und die lohnendsten Klettereien am <em>Waxensteinkamm<\/em>. Die vorliegende 5. Auflage wurde von den <em>ortsans\u00e4ssigen Autoren<\/em> grundlegend \u00fcberarbeitet und um zahlreiche Neutouren erg\u00e4nzt. Der <em>topaktuelle<\/em> <em>Kletterf\u00fchrer<\/em> enth\u00e4lt des Weiteren Details zur Kletterhistorie und zu selten begangenen Routen und kann so als informative Lekt\u00fcre auch Schlechtwetter- oder Ruhetage f\u00fcllen.<\/p>\n<p>5. Auflage 2021, 115 x 185 mm, 432 Seiten, 40 Topokarten, Softcover, komplett 4 Farbig, Schutzh\u00fclle<\/p>\n<\/div>\n<\/div>","protected":false},"excerpt":{"rendered":"<ul>\n<li><a href=\"https:\/\/pizbube.ch\/wp-content\/uploads\/2021\/08\/Wetterstein_Nord_2021_Leseprobe.pdf\" target=\"_blank\" rel=\"noopener\"><strong>Wetterstein_Nord_2021_Leseprobe<\/strong><\/a><\/li>\n<\/ul>","protected":false},"featured_media":158506,"template":"","meta":[],"product_brand":[],"product_cat":[21539],"product_tag":[],"class_list":{"0":"post-158505","1":"product","2":"type-product","3":"status-publish","4":"has-post-thumbnail","6":"product_cat-fuehrerliteratur-sportklettern-bouldern","7":"pa_autor-pfanzelt-buchwieser-gemza","8":"pa_erscheinungsjahr-25440","9":"pa_region-deutschland","10":"pa_sprache-de","12":"first","13":"instock","14":"taxable","15":"shipping-taxable","16":"purchasable","17":"product-type-simple"},"_links":{"self":[{"href":"https:\/\/pizbube.ch\/en\/wp-json\/wp\/v2\/product\/158505","targetHints":{"allow":["GET"]}}],"collection":[{"href":"https:\/\/pizbube.ch\/en\/wp-json\/wp\/v2\/product"}],"about":[{"href":"https:\/\/pizbube.ch\/en\/wp-json\/wp\/v2\/types\/product"}],"wp:featuredmedia":[{"embeddable":true,"href":"https:\/\/pizbube.ch\/en\/wp-json\/wp\/v2\/media\/158506"}],"wp:attachment":[{"href":"https:\/\/pizbube.ch\/en\/wp-json\/wp\/v2\/media?parent=158505"}],"wp:term":[{"taxonomy":"product_brand","embeddable":true,"href":"https:\/\/pizbube.ch\/en\/wp-json\/wp\/v2\/product_brand?post=158505"},{"taxonomy":"product_cat","embeddable":true,"href":"https:\/\/pizbube.ch\/en\/wp-json\/wp\/v2\/product_cat?post=158505"},{"taxonomy":"product_tag","embeddable":true,"href":"https:\/\/pizbube.ch\/en\/wp-json\/wp\/v2\/product_tag?post=158505"}],"curies":[{"name":"wp","href":"https:\/\/api.w.org\/{rel}","templated":true}]}}