{"id":158542,"date":"2021-08-26T11:55:26","date_gmt":"2021-08-26T09:55:26","guid":{"rendered":"https:\/\/pizbube.ch\/?post_type=product&#038;p=158542"},"modified":"2025-04-15T14:21:44","modified_gmt":"2025-04-15T12:21:44","slug":"grandes-voies-de-corse-2","status":"publish","type":"product","link":"https:\/\/pizbube.ch\/en\/shop\/grandes-voies-de-corse-2\/","title":{"rendered":"Grandes voies de Corse"},"content":{"rendered":"<p>Mehrseill\u00e4ngen-Kletterf\u00fchrer Korsika in Franz. &amp; Engl. Sprache<\/p>\n<p>La Corse est une terre d\u2019escalade vivante et en plein essor. Chacun, quel que soit son niveau, ses ambitions et son style de pr\u00e9dilection peut y assouvir sa passion dans un environnement exceptionnel.<br \/>\nParmi les centaines de grandes voies rocheuses recens\u00e9es, ce topo pr\u00e9sente une s\u00e9lection de 155 grandes voies de tous niveaux et dans tous les styles d\u2019\u00e9quipement. Elles sont r\u00e9parties sur l\u2019ensemble des massifs corses \u00e0 l\u2019exception du massif de Bavella qui fait l\u2019objet d\u2019un topo sp\u00e9cifique (<a href=\"https:\/\/pizbube.ch\/en\/shop\/bavella-corsica-escalades-choisies\/\" target=\"_blank\" rel=\"noopener\">Voir le topo Bavella-Corsica<\/a>).<br \/>\nCette couverture g\u00e9ographique permet au grimpeur en vadrouille de varier les plaisirs, les styles d\u2019escalade, les ambiances et au grimpeur s\u00e9dentaire de trouver quelque chose proche de chez lui.<br \/>\nNous pr\u00e9sentons bien s\u00fbr les voies incontournables et les classiques, mais aussi des nouveaut\u00e9s int\u00e9ressantes et des red\u00e9couvertes.<\/p>\n<p>Pour chaque voie nous nous sommes attach\u00e9s \u00e0 \u00eatre le plus s\u00fbr et pr\u00e9cis possible. Vous trouverez un trac\u00e9 sur photo, une approche d\u00e9taill\u00e9e, le mat\u00e9riel n\u00e9cessaire et une description tr\u00e8s pr\u00e9cise des cheminements en terrain d\u2019aventure. Nous avons aussi laiss\u00e9 une large place aux photos d\u2019escalade pour vous donner un avant-go\u00fbt de vos prochaines \u00e9chapp\u00e9es verticales.<\/p>\n<p>Kletterg\u00e4rten Korsika voir ici: <a href=\"https:\/\/pizbube.ch\/en\/shop\/falaises-de-corse\/\" target=\"_blank\" rel=\"noopener\">Falaises de Corse<\/a><\/p>\n<p>&nbsp;<\/p>\n<p>Corsica is a thriving and increasingly popular area for rock climbing, with a backdrop of superb natural landscapes within which climbers of all levels, ambitions and desires will find and fulfil their climbing dreams!<br \/>\nSelected from the hundreds of known, documented multi-pitch routes located on the island\u2019s crags and cliffs, this guidebook describes 155 routes of all levels, from pure trad to fully-bolted and everything in between. They are scattered across all massifs in Corsica except Bavella, for which a specific topo guide has been created (See the <a href=\"https:\/\/pizbube.ch\/en\/shop\/bavella-corsica-escalades-choisies\/\" target=\"_blank\" rel=\"noopener\">Bavella-Corsica guidebook<\/a>).<br \/>\nThis extensive geographical coverage allows wandering climbers to go in search of varied climbing styles, surroundings and fun, and for climbers based in a specific location to find suitable muti-pitch routes close at hand.<br \/>\nOf course the guidebook features the key, famous routes, but also contains newly-established routes and rediscovered gems.<\/p>\n<p>Our aim has been to give as reliable and precise information as possible for each route. We provide a photo with the route traced onto it, details of the walk-in, the necessary gear and a precise description, particularly for trad routes. We have also set aside space in the guidebook for a large number of photos, to give you a taste of what is to come in your next vertical adventures.<\/p>\n<p>Singlepitch Guidebook see here: <a href=\"https:\/\/pizbube.ch\/en\/shop\/falaises-de-corse\/\" target=\"_blank\" rel=\"noopener\">Falaises de Corse<\/a><\/p>\n<p>4<sup>e<\/sup> \u00e9dition 2024<br \/>\n360 pages<\/p>","protected":false},"excerpt":{"rendered":"<p>Mehrseill\u00e4ngen-Kletterf\u00fchrer Korsika in Franz. &amp; Engl. Sprache La Corse est une terre d\u2019escalade vivante et en plein essor. Chacun, quel que soit son niveau, ses ambitions et son style de pr\u00e9dilection peut y assouvir sa passion dans un environnement exceptionnel. Parmi les centaines de grandes voies rocheuses recens\u00e9es, ce topo pr\u00e9sente une s\u00e9lection de 155 [&#8230;]\n","protected":false},"featured_media":178129,"template":"","meta":[],"product_brand":[],"product_cat":[21539],"product_tag":[26791,26779],"class_list":{"0":"post-158542","1":"product","2":"type-product","3":"status-publish","4":"has-post-thumbnail","6":"product_cat-fuehrerliteratur-sportklettern-bouldern","7":"product_tag-kletterfuehrer-korsika","8":"product_tag-korsika","9":"pa_autor-maurin-souchard","10":"pa_erscheinungsjahr-27339","11":"pa_region-frankreich","12":"pa_sprache-fr-en","14":"first","15":"instock","16":"taxable","17":"shipping-taxable","18":"purchasable","19":"product-type-simple"},"_links":{"self":[{"href":"https:\/\/pizbube.ch\/en\/wp-json\/wp\/v2\/product\/158542","targetHints":{"allow":["GET"]}}],"collection":[{"href":"https:\/\/pizbube.ch\/en\/wp-json\/wp\/v2\/product"}],"about":[{"href":"https:\/\/pizbube.ch\/en\/wp-json\/wp\/v2\/types\/product"}],"wp:featuredmedia":[{"embeddable":true,"href":"https:\/\/pizbube.ch\/en\/wp-json\/wp\/v2\/media\/178129"}],"wp:attachment":[{"href":"https:\/\/pizbube.ch\/en\/wp-json\/wp\/v2\/media?parent=158542"}],"wp:term":[{"taxonomy":"product_brand","embeddable":true,"href":"https:\/\/pizbube.ch\/en\/wp-json\/wp\/v2\/product_brand?post=158542"},{"taxonomy":"product_cat","embeddable":true,"href":"https:\/\/pizbube.ch\/en\/wp-json\/wp\/v2\/product_cat?post=158542"},{"taxonomy":"product_tag","embeddable":true,"href":"https:\/\/pizbube.ch\/en\/wp-json\/wp\/v2\/product_tag?post=158542"}],"curies":[{"name":"wp","href":"https:\/\/api.w.org\/{rel}","templated":true}]}}