{"id":158548,"date":"2021-08-26T12:22:03","date_gmt":"2021-08-26T10:22:03","guid":{"rendered":"https:\/\/pizbube.ch\/?post_type=product&#038;p=158548"},"modified":"2025-03-11T12:22:52","modified_gmt":"2025-03-11T11:22:52","slug":"estcalades-topo-descalade-dans-les-vosges-du-sud-2","status":"publish","type":"product","link":"https:\/\/pizbube.ch\/en\/shop\/estcalades-topo-descalade-dans-les-vosges-du-sud-2\/","title":{"rendered":"EST&#8217;CALADES &#8211; Topo d&#8217;escalade dans les Vosges du Sud"},"content":{"rendered":"<p>Haut Rhin &#8211; Territoire de Belfort &#8211; environs de G\u00e9rardmer &#8211; La Bresse &#8211;<br \/>\nRemiremont<\/p>\n<p>Vall\u00e9e de Munster, Vignoble, Vall\u00e9es de Thann et Masevaux, Sundgau, Territioire de Belfort, La Bresse et G\u00e9rardmer, Remiremont, Le Thillot.<\/p>\n<p>Klettern in den S\u00fcdvogesen incl. Gueberschwihr und der Martinswand (Munstertal)<\/p>\n<p>34 Falaises, 1 Canyon, 1 Rando Ferrata<br \/>\n334 pages<\/p>\n<p>Topo en couleur; Format : 15x21cm<br \/>\nNouvelle \u00e9dition du topo des Vosges du sud 2021<\/p>\n<p>&nbsp;<\/p>\n<p>34 cliffs, 1 Canyon, 1 Via Ferrata<br \/>\n334 pages<\/p>\n<p>Full color guidebook<br \/>\nSize : 15&#215;21 cm<\/p>","protected":false},"excerpt":{"rendered":"<p>&nbsp;<\/p>\n<p>&nbsp;<\/p>\n<p>&nbsp;<\/p>","protected":false},"featured_media":158549,"template":"","meta":[],"product_brand":[],"product_cat":[21539],"product_tag":[26946,26947,27173,26948],"class_list":{"0":"post-158548","1":"product","2":"type-product","3":"status-publish","4":"has-post-thumbnail","6":"product_cat-fuehrerliteratur-sportklettern-bouldern","7":"product_tag-est-calades","8":"product_tag-estcalades","9":"product_tag-suedvogesen","10":"product_tag-vogesen","11":"pa_autor-ffme","12":"pa_erscheinungsjahr-25440","13":"pa_region-frankreich","14":"pa_sprache-fr-en","16":"first","17":"outofstock","18":"taxable","19":"shipping-taxable","20":"purchasable","21":"product-type-simple"},"_links":{"self":[{"href":"https:\/\/pizbube.ch\/en\/wp-json\/wp\/v2\/product\/158548","targetHints":{"allow":["GET"]}}],"collection":[{"href":"https:\/\/pizbube.ch\/en\/wp-json\/wp\/v2\/product"}],"about":[{"href":"https:\/\/pizbube.ch\/en\/wp-json\/wp\/v2\/types\/product"}],"wp:featuredmedia":[{"embeddable":true,"href":"https:\/\/pizbube.ch\/en\/wp-json\/wp\/v2\/media\/158549"}],"wp:attachment":[{"href":"https:\/\/pizbube.ch\/en\/wp-json\/wp\/v2\/media?parent=158548"}],"wp:term":[{"taxonomy":"product_brand","embeddable":true,"href":"https:\/\/pizbube.ch\/en\/wp-json\/wp\/v2\/product_brand?post=158548"},{"taxonomy":"product_cat","embeddable":true,"href":"https:\/\/pizbube.ch\/en\/wp-json\/wp\/v2\/product_cat?post=158548"},{"taxonomy":"product_tag","embeddable":true,"href":"https:\/\/pizbube.ch\/en\/wp-json\/wp\/v2\/product_tag?post=158548"}],"curies":[{"name":"wp","href":"https:\/\/api.w.org\/{rel}","templated":true}]}}