{"id":158565,"date":"2021-08-27T10:29:55","date_gmt":"2021-08-27T08:29:55","guid":{"rendered":"https:\/\/pizbube.ch\/?post_type=product&#038;p=158565"},"modified":"2021-08-27T10:29:56","modified_gmt":"2021-08-27T08:29:56","slug":"kleine-outdoor-apotheke","status":"publish","type":"product","link":"https:\/\/pizbube.ch\/en\/shop\/kleine-outdoor-apotheke\/","title":{"rendered":"Kleine Outdoor-Apotheke"},"content":{"rendered":"<p>Erste Hilfe mit frischen Pflanzen f\u00fcr Freizeit, Sport und Reisen<\/p>\n<p class=\"selectionShareable\">Erste Hilfe mit frischen Pflanzen \u2013 das ist die Idee, die hinter dem Buch \u00abKleine Outdoor-Apotheke\u00bb von A.Vogel steht. Tausende LeserInnen haben von dem Erfolgsbuch bereits profitiert. Jetzt ist die \u00abKleine Outdoor-Apotheke\u00bb in der 4. Auflage in einem neuen, aufgefrischten Outfit erh\u00e4ltlich. Am bew\u00e4hrten Inhalt hat sich nichts ge\u00e4ndert.<\/p>\n<p class=\"selectionShareable\">Das neue Erscheinungsbild und das gestanzte Register sorgen f\u00fcr noch mehr \u00dcbersicht! Die \u00abKleine Outdoor-Apotheke\u00bb enth\u00e4lt Tipps und Ratschl\u00e4ge mit rund 50 in Europa h\u00e4ufig vorkommenden Pflanzen. Sie helfen bei:<\/p>\n<ul>\n<li>kleinen Verletzungen<\/li>\n<li>Sonnenbrand<\/li>\n<li>Kopfweh<\/li>\n<li>Insektenstichen<\/li>\n<li>Unp\u00e4sslichkeiten<\/li>\n<li>Hautproblemen<\/li>\n<li>Schmerz<\/li>\n<li>Nasenbluten<\/li>\n<li>M\u00fcden Beinen<\/li>\n<li>und vielem mehr<\/li>\n<\/ul>\n<p class=\"selectionShareable\">Ob Sie wandern, Sport treiben, mit den Kindern herumtoben oder im Freien grillen \u2013 ein kleines Missgeschick ist schnell passiert&#8230;<\/p>","protected":false},"excerpt":{"rendered":"<p>Erste Hilfe mit frischen Pflanzen f\u00fcr Freizeit, Sport und Reisen Erste Hilfe mit frischen Pflanzen \u2013 das ist die Idee, die hinter dem Buch \u00abKleine Outdoor-Apotheke\u00bb von A.Vogel steht. Tausende LeserInnen haben von dem Erfolgsbuch bereits profitiert. Jetzt ist die \u00abKleine Outdoor-Apotheke\u00bb in der 4. Auflage in einem neuen, aufgefrischten Outfit erh\u00e4ltlich. Am bew\u00e4hrten Inhalt [&#8230;]\n","protected":false},"featured_media":158566,"template":"","meta":[],"product_brand":[],"product_cat":[21538],"product_tag":[],"class_list":{"0":"post-158565","1":"product","2":"type-product","3":"status-publish","4":"has-post-thumbnail","6":"product_cat-lehrbuecher","7":"pa_autor-rawer-zehnder","8":"pa_erscheinungsjahr-21586","9":"pa_region-medizin-recht","10":"pa_sprache-de","12":"first","13":"instock","14":"taxable","15":"shipping-taxable","16":"purchasable","17":"product-type-simple"},"_links":{"self":[{"href":"https:\/\/pizbube.ch\/en\/wp-json\/wp\/v2\/product\/158565","targetHints":{"allow":["GET"]}}],"collection":[{"href":"https:\/\/pizbube.ch\/en\/wp-json\/wp\/v2\/product"}],"about":[{"href":"https:\/\/pizbube.ch\/en\/wp-json\/wp\/v2\/types\/product"}],"wp:featuredmedia":[{"embeddable":true,"href":"https:\/\/pizbube.ch\/en\/wp-json\/wp\/v2\/media\/158566"}],"wp:attachment":[{"href":"https:\/\/pizbube.ch\/en\/wp-json\/wp\/v2\/media?parent=158565"}],"wp:term":[{"taxonomy":"product_brand","embeddable":true,"href":"https:\/\/pizbube.ch\/en\/wp-json\/wp\/v2\/product_brand?post=158565"},{"taxonomy":"product_cat","embeddable":true,"href":"https:\/\/pizbube.ch\/en\/wp-json\/wp\/v2\/product_cat?post=158565"},{"taxonomy":"product_tag","embeddable":true,"href":"https:\/\/pizbube.ch\/en\/wp-json\/wp\/v2\/product_tag?post=158565"}],"curies":[{"name":"wp","href":"https:\/\/api.w.org\/{rel}","templated":true}]}}