{"id":158647,"date":"2021-09-01T14:29:47","date_gmt":"2021-09-01T12:29:47","guid":{"rendered":"https:\/\/pizbube.ch\/?post_type=product&#038;p=158647"},"modified":"2021-09-04T12:35:03","modified_gmt":"2021-09-04T10:35:03","slug":"pyrenees-orientales-la-traversee-des-pyrenees-gr10","status":"publish","type":"product","link":"https:\/\/pizbube.ch\/en\/shop\/pyrenees-orientales-la-traversee-des-pyrenees-gr10\/","title":{"rendered":"Pyr\u00e9n\u00e9es Orientales: La Travers\u00e9e des Pyr\u00e9n\u00e9es &#8211; GR10"},"content":{"rendered":"<p>Plus de 20 jours de randonn\u00e9e, dont 12 pour rallier M\u00e9rens-les-Vals \u00e0 Banyuls.<\/p>\n<p>Les Pyr\u00e9n\u00e9es Orientales sont connues comme un des plus beaux stades de randonn\u00e9e, ce qui est loin d\u2019\u00eatre \u00e9tonnant vu les innombrables vues et panoramas diff\u00e9rents qui se c\u00f4toient.<br \/>\nCe topo-guide regroupe plusieurs sentiers qui se croisent et se c\u00f4toient afin d\u2019offrir de nombreuses possibilit\u00e9s aux randonneurs.<\/p>\n<p>196 km de sentiers GR<br \/>\nTours du Capcir, du Carlit et de Cerdagne<br \/>\nM\u00e9rens-les-Vals \/ Banyuls-sur-Mer \/ Bourg-Madame<\/p>\n<p>6<sup>\u00e8me<\/sup>\u00a0\u00e9dition &#8211; 07 \/ 2019<br \/>\nFormat : 21 x 13,5 cm<br \/>\n128 pages<\/p>","protected":false},"excerpt":{"rendered":"<p>Plus de 20 jours de randonn\u00e9e, dont 12 pour rallier M\u00e9rens-les-Vals \u00e0 Banyuls. Les Pyr\u00e9n\u00e9es Orientales sont connues comme un des plus beaux stades de randonn\u00e9e, ce qui est loin d\u2019\u00eatre \u00e9tonnant vu les innombrables vues et panoramas diff\u00e9rents qui se c\u00f4toient. Ce topo-guide regroupe plusieurs sentiers qui se croisent et se c\u00f4toient afin d\u2019offrir [&#8230;]\n","protected":false},"featured_media":158648,"template":"","meta":[],"product_brand":[],"product_cat":[21605],"product_tag":[26950],"class_list":{"0":"post-158647","1":"product","2":"type-product","3":"status-publish","4":"has-post-thumbnail","6":"product_cat-wanderfuehrer-trekking","7":"product_tag-pyrenaeen","8":"pa_autor-ffrandonne","9":"pa_erscheinungsjahr-21586","10":"pa_region-frankreich","11":"pa_sprache-fr","13":"first","14":"instock","15":"taxable","16":"shipping-taxable","17":"purchasable","18":"product-type-simple"},"_links":{"self":[{"href":"https:\/\/pizbube.ch\/en\/wp-json\/wp\/v2\/product\/158647","targetHints":{"allow":["GET"]}}],"collection":[{"href":"https:\/\/pizbube.ch\/en\/wp-json\/wp\/v2\/product"}],"about":[{"href":"https:\/\/pizbube.ch\/en\/wp-json\/wp\/v2\/types\/product"}],"wp:featuredmedia":[{"embeddable":true,"href":"https:\/\/pizbube.ch\/en\/wp-json\/wp\/v2\/media\/158648"}],"wp:attachment":[{"href":"https:\/\/pizbube.ch\/en\/wp-json\/wp\/v2\/media?parent=158647"}],"wp:term":[{"taxonomy":"product_brand","embeddable":true,"href":"https:\/\/pizbube.ch\/en\/wp-json\/wp\/v2\/product_brand?post=158647"},{"taxonomy":"product_cat","embeddable":true,"href":"https:\/\/pizbube.ch\/en\/wp-json\/wp\/v2\/product_cat?post=158647"},{"taxonomy":"product_tag","embeddable":true,"href":"https:\/\/pizbube.ch\/en\/wp-json\/wp\/v2\/product_tag?post=158647"}],"curies":[{"name":"wp","href":"https:\/\/api.w.org\/{rel}","templated":true}]}}