{"id":158652,"date":"2021-09-01T14:47:38","date_gmt":"2021-09-01T12:47:38","guid":{"rendered":"https:\/\/pizbube.ch\/?post_type=product&#038;p=158652"},"modified":"2021-09-04T12:35:36","modified_gmt":"2021-09-04T10:35:36","slug":"pyrenees-ariegeoises-gr10","status":"publish","type":"product","link":"https:\/\/pizbube.ch\/en\/shop\/pyrenees-ariegeoises-gr10\/","title":{"rendered":"Pyr\u00e9n\u00e9es Ari\u00e9geoises &#8211; GR10"},"content":{"rendered":"<p>Plus de 30 jours de randonn\u00e9e jours en altitude pour relier Bagn\u00e8res-de-Luchon \u00e0 M\u00e9rens-les-Vals par le GR10.<\/p>\n<div id=\"tab-content-full-description\" class=\"tab-content full-description\">\n<p>Du Luchonnais et du verdoyant Couserans, jusqu&#8217;au Lanoux d\u00e9j\u00e0 balay\u00e9 de chaudes effluves m\u00e9diterran\u00e9ens, le GR\u00ae10 vous fera d\u00e9couvrir, au fil des cols et des cr\u00eates franchis, la diversit\u00e9 des vall\u00e9es et des villages qui font le charme de ces montagnes.<\/p>\n<p>Par les chemins pastoraux, sentiers muletiers ou sentiers des mines, les balises attendent de vous conduire en ami vers les for\u00eats de h\u00eatres, les estives et les cimes. Et avec un peu de chance, peut-\u00eatre appercevrez-vous le blanc lapog\u00e8de, le sombre t\u00e9tras ou l&#8217;isard rapide, traversant les n\u00e9v\u00e9s aevc une facilit\u00e9 d\u00e9concertante.<\/p>\n<p>449 km de sentiers GR<br \/>\nEt tours du Val du Garbet et du Biros<br \/>\nMelles \/ Aulus \/ M\u00e9rens-les-Vals<\/p>\n<p>14<sup>\u00e8me<\/sup> \u00e9dition &#8211; 05 \/ 2021<br \/>\nFormat : 21 x 13,5 cm<br \/>\n112 pages<\/p>\n<\/div>","protected":false},"excerpt":{"rendered":"<p>Plus de 30 jours de randonn\u00e9e jours en altitude pour relier Bagn\u00e8res-de-Luchon \u00e0 M\u00e9rens-les-Vals par le GR10. Du Luchonnais et du verdoyant Couserans, jusqu&#8217;au Lanoux d\u00e9j\u00e0 balay\u00e9 de chaudes effluves m\u00e9diterran\u00e9ens, le GR\u00ae10 vous fera d\u00e9couvrir, au fil des cols et des cr\u00eates franchis, la diversit\u00e9 des vall\u00e9es et des villages qui font le charme [&#8230;]\n","protected":false},"featured_media":158653,"template":"","meta":[],"product_brand":[],"product_cat":[21605],"product_tag":[26950],"class_list":{"0":"post-158652","1":"product","2":"type-product","3":"status-publish","4":"has-post-thumbnail","6":"product_cat-wanderfuehrer-trekking","7":"product_tag-pyrenaeen","8":"pa_autor-ffrandonne","9":"pa_erscheinungsjahr-25440","10":"pa_region-frankreich","11":"pa_sprache-fr","13":"first","14":"instock","15":"taxable","16":"shipping-taxable","17":"purchasable","18":"product-type-simple"},"_links":{"self":[{"href":"https:\/\/pizbube.ch\/en\/wp-json\/wp\/v2\/product\/158652","targetHints":{"allow":["GET"]}}],"collection":[{"href":"https:\/\/pizbube.ch\/en\/wp-json\/wp\/v2\/product"}],"about":[{"href":"https:\/\/pizbube.ch\/en\/wp-json\/wp\/v2\/types\/product"}],"wp:featuredmedia":[{"embeddable":true,"href":"https:\/\/pizbube.ch\/en\/wp-json\/wp\/v2\/media\/158653"}],"wp:attachment":[{"href":"https:\/\/pizbube.ch\/en\/wp-json\/wp\/v2\/media?parent=158652"}],"wp:term":[{"taxonomy":"product_brand","embeddable":true,"href":"https:\/\/pizbube.ch\/en\/wp-json\/wp\/v2\/product_brand?post=158652"},{"taxonomy":"product_cat","embeddable":true,"href":"https:\/\/pizbube.ch\/en\/wp-json\/wp\/v2\/product_cat?post=158652"},{"taxonomy":"product_tag","embeddable":true,"href":"https:\/\/pizbube.ch\/en\/wp-json\/wp\/v2\/product_tag?post=158652"}],"curies":[{"name":"wp","href":"https:\/\/api.w.org\/{rel}","templated":true}]}}