{"id":158677,"date":"2021-09-03T09:00:43","date_gmt":"2021-09-03T07:00:43","guid":{"rendered":"https:\/\/pizbube.ch\/?post_type=product&#038;p=158677"},"modified":"2021-09-04T12:36:15","modified_gmt":"2021-09-04T10:36:15","slug":"pyrenees-occidentales-pays-basque-bearn-gr10","status":"publish","type":"product","link":"https:\/\/pizbube.ch\/en\/shop\/pyrenees-occidentales-pays-basque-bearn-gr10\/","title":{"rendered":"Pyr\u00e9n\u00e9es Occidentales &#8211; Pays Basque \/ B\u00e9arn GR10"},"content":{"rendered":"<p>Pays Basque et B\u00e9arn, d&#8217;Hendaye \u00e0 Arrens, par le pic du Midi d&#8217;Ossau. Plus de 20 jours de randonn\u00e9e.<\/p>\n<div id=\"tab-content-full-description\" class=\"tab-content full-description\">\n<p>Des Pyr\u00e9n\u00e9es-Atlantiques aux Hautes-Pyr\u00e9n\u00e9es occidentales, le GR\u00ae 10 relie Hendaye \u00e0 Arrens-Marsous sur 260 km.<\/p>\n<p>S&#8217;\u00e9levant progressivement de l&#8217;oc\u00e9an Atlantique jusqu&#8217;au coeur du parc national des Pyr\u00e9n\u00e9es, \u00e0 plus de 2000 m\u00e8tres d&#8217;altitude, l&#8217;itin\u00e9raire parcourt le bassin naturel de l&#8217;Adour d&#8217;ouest en est.<br \/>\nDans un pays marqu\u00e9 par une histoire mouvement\u00e9e et des traditions fortes, vous d\u00e9couvrirez des paysages vari\u00e9s, de village basque en venta espagnole, de vall\u00e9e b\u00e9arnaise en col bigourdan.<\/p>\n<p>362 km de sentiers GR<br \/>\nParc national des Pyr\u00e9n\u00e9es &#8211; Pays basque \/ B\u00e9arn<br \/>\nHendaye \/ Saint-Jean-Pied-de-Port \/ Arrens<\/p>\n<p>12<sup>\u00e8me<\/sup>\u00a0\u00e9dition &#8211; 06 \/ 2020<br \/>\nFormat : 21 x 13,5 cm<br \/>\n128 pages<\/p>\n<\/div>","protected":false},"excerpt":{"rendered":"<p>Pays Basque et B\u00e9arn, d&#8217;Hendaye \u00e0 Arrens, par le pic du Midi d&#8217;Ossau. Plus de 20 jours de randonn\u00e9e. Des Pyr\u00e9n\u00e9es-Atlantiques aux Hautes-Pyr\u00e9n\u00e9es occidentales, le GR\u00ae 10 relie Hendaye \u00e0 Arrens-Marsous sur 260 km. S&#8217;\u00e9levant progressivement de l&#8217;oc\u00e9an Atlantique jusqu&#8217;au coeur du parc national des Pyr\u00e9n\u00e9es, \u00e0 plus de 2000 m\u00e8tres d&#8217;altitude, l&#8217;itin\u00e9raire parcourt le [&#8230;]\n","protected":false},"featured_media":158678,"template":"","meta":[],"product_brand":[],"product_cat":[21605],"product_tag":[],"class_list":{"0":"post-158677","1":"product","2":"type-product","3":"status-publish","4":"has-post-thumbnail","6":"product_cat-wanderfuehrer-trekking","7":"pa_autor-ffrandonne","8":"pa_erscheinungsjahr-21558","9":"pa_region-frankreich","10":"pa_sprache-fr","12":"first","13":"instock","14":"taxable","15":"shipping-taxable","16":"purchasable","17":"product-type-simple"},"_links":{"self":[{"href":"https:\/\/pizbube.ch\/en\/wp-json\/wp\/v2\/product\/158677","targetHints":{"allow":["GET"]}}],"collection":[{"href":"https:\/\/pizbube.ch\/en\/wp-json\/wp\/v2\/product"}],"about":[{"href":"https:\/\/pizbube.ch\/en\/wp-json\/wp\/v2\/types\/product"}],"wp:featuredmedia":[{"embeddable":true,"href":"https:\/\/pizbube.ch\/en\/wp-json\/wp\/v2\/media\/158678"}],"wp:attachment":[{"href":"https:\/\/pizbube.ch\/en\/wp-json\/wp\/v2\/media?parent=158677"}],"wp:term":[{"taxonomy":"product_brand","embeddable":true,"href":"https:\/\/pizbube.ch\/en\/wp-json\/wp\/v2\/product_brand?post=158677"},{"taxonomy":"product_cat","embeddable":true,"href":"https:\/\/pizbube.ch\/en\/wp-json\/wp\/v2\/product_cat?post=158677"},{"taxonomy":"product_tag","embeddable":true,"href":"https:\/\/pizbube.ch\/en\/wp-json\/wp\/v2\/product_tag?post=158677"}],"curies":[{"name":"wp","href":"https:\/\/api.w.org\/{rel}","templated":true}]}}