{"id":158702,"date":"2021-09-07T10:05:50","date_gmt":"2021-09-07T08:05:50","guid":{"rendered":"https:\/\/pizbube.ch\/?post_type=product&#038;p=158702"},"modified":"2025-01-28T11:41:24","modified_gmt":"2025-01-28T10:41:24","slug":"suppe-mit-komfort-oder-wurst","status":"publish","type":"product","link":"https:\/\/pizbube.ch\/en\/shop\/suppe-mit-komfort-oder-wurst\/","title":{"rendered":"Suppe mit&#8230; &#8211; Komfort oder Wurst?"},"content":{"rendered":"<p>Bernhard Winkler, der zusammen mit seiner Frau Marianne die Fr\u00fcndenh\u00fctte des Schweizer Alpen-Clubs hoch oberhalb des Oeschinensees bei Kandersteg bewartet, berichtet in 27 kurzweiligen Kapiteln all die erfreulichen und lustigen, und leider auch m\u00fchsamen und traurigen Geschichten, wie sie das Leben auf 2560 Meter \u00fcber Meer halt so schreibt.<\/p>\n<p>Von der Alpendohle Duri und von wilden Kerlen. Vom j\u00e4hrlich stattfindenden Fr\u00fcndenskirennen, bei dem am Vorabend jeweils der Nachtruhezeitpunkt etwas nach hinten verschoben wird.<br \/>\nVon G\u00e4sten, die ein Einzelzimmer mit Dusche erwarten. Vom Fr\u00fcndenhorn-Ostgrat, der mehr und mehr abbr\u00f6ckelt. Vom neuen offiziellen H\u00fcttenweg \u00fcber die Fr\u00fcndenschnur, \u201eeine einmalig spektakul\u00e4re Wegpassage, die ihresgleichen sucht.\u201c<\/p>","protected":false},"excerpt":{"rendered":"<p>Bernhard Winkler, der zusammen mit seiner Frau Marianne die Fr\u00fcndenh\u00fctte des Schweizer Alpen-Clubs hoch oberhalb des Oeschinensees bei Kandersteg bewartet, berichtet in 27 kurzweiligen Kapiteln all die erfreulichen und lustigen, und leider auch m\u00fchsamen und traurigen Geschichten, wie sie das Leben auf 2560 Meter \u00fcber Meer halt so schreibt. Von der Alpendohle Duri und von [&#8230;]\n","protected":false},"featured_media":158703,"template":"","meta":[],"product_brand":[],"product_cat":[21629],"product_tag":[],"class_list":{"0":"post-158702","1":"product","2":"type-product","3":"status-publish","4":"has-post-thumbnail","6":"product_cat-belletristik","7":"pa_autor-winkler","8":"pa_erscheinungsjahr-25440","9":"pa_region-schweiz","10":"pa_sprache-de","12":"first","13":"outofstock","14":"taxable","15":"shipping-taxable","16":"purchasable","17":"product-type-simple"},"_links":{"self":[{"href":"https:\/\/pizbube.ch\/en\/wp-json\/wp\/v2\/product\/158702","targetHints":{"allow":["GET"]}}],"collection":[{"href":"https:\/\/pizbube.ch\/en\/wp-json\/wp\/v2\/product"}],"about":[{"href":"https:\/\/pizbube.ch\/en\/wp-json\/wp\/v2\/types\/product"}],"wp:featuredmedia":[{"embeddable":true,"href":"https:\/\/pizbube.ch\/en\/wp-json\/wp\/v2\/media\/158703"}],"wp:attachment":[{"href":"https:\/\/pizbube.ch\/en\/wp-json\/wp\/v2\/media?parent=158702"}],"wp:term":[{"taxonomy":"product_brand","embeddable":true,"href":"https:\/\/pizbube.ch\/en\/wp-json\/wp\/v2\/product_brand?post=158702"},{"taxonomy":"product_cat","embeddable":true,"href":"https:\/\/pizbube.ch\/en\/wp-json\/wp\/v2\/product_cat?post=158702"},{"taxonomy":"product_tag","embeddable":true,"href":"https:\/\/pizbube.ch\/en\/wp-json\/wp\/v2\/product_tag?post=158702"}],"curies":[{"name":"wp","href":"https:\/\/api.w.org\/{rel}","templated":true}]}}