{"id":158722,"date":"2021-09-08T09:48:18","date_gmt":"2021-09-08T07:48:18","guid":{"rendered":"https:\/\/pizbube.ch\/?post_type=product&#038;p=158722"},"modified":"2025-10-11T13:41:20","modified_gmt":"2025-10-11T11:41:20","slug":"sites-naturels-descalade-des-territoires-du-var-tome-1","status":"publish","type":"product","link":"https:\/\/pizbube.ch\/en\/shop\/sites-naturels-descalade-des-territoires-du-var-tome-1\/","title":{"rendered":"Sites naturels d&#8217;escalade des territoires du Var (tome 1)"},"content":{"rendered":"<p>Natural rock climbing areas of the Var:<br \/>\n33 spots, 2000 pitches<\/p>\n<p>Voici un titre qui condense les 4 ouvrages couvrant l\u2019est du d\u00e9partement du Var en un seul volume. Id\u00e9al pour voyager d&#8217;un territoire \u00e0 l&#8217;autre. Sa pr\u00e9sentation succincte et compacte, pens\u00e9e pour aller \u00e0 l\u2019essentiel, permet ainsi de compiler quelques 2000 longueurs et 33 sites en \u00e0 peine plus de 300 pages bien illustr\u00e9es et de 500 grammes bien pes\u00e9s. Du coup Les 4 \u00e9ditions \u00ab locales \u00bb au cahier des charges moins contraignant offrent des sp\u00e9cificit\u00e9s compl\u00e9mentaires, notamment davantage de de d\u00e9tails sur les voies et davantage de lisibilit\u00e9 des illustrations.<\/p>\n<p>Des rivages de la m\u00e9diterran\u00e9e aux paysages grandioses des gorges du Verdon, des espaces pr\u00e9serv\u00e9s de la Provence Verte \u00e0 la rhyolithe rouge de l\u2019Est\u00e9rel, cet ouvrage est avant tout une pr\u00e9sentation de plus de 2000 longueurs d\u2019escalade, du centre, de l\u2019est et du Haut-Var.<br \/>\nUn condens\u00e9 \u00e0 la fois outil et pr\u00e9texte (s\u2019il en fallait un) pour d\u00e9couvrir ou red\u00e9couvrir les 1000 visages de ces territoires : cit\u00e9s baln\u00e9aires, paysages lacustres, villages perch\u00e9s dans le ciel ou lov\u00e9s dans leur \u00e9crin de verdure, gastronomie locale, crus r\u00e9put\u00e9s, tout cela au soleil 300 jours par an !<\/p>\n<p>Les 33 sites d\u00e9crits au fil de ces pages vous permettront d\u2019\u00e9voluer du 3e au 9e degr\u00e9, aussi bien en dalles qu\u2019en gros d\u00e9vers, en voies courtes ou en grandes voies, au soleil et \u00e0 l\u2019abri du vent au c\u0153ur de l\u2019hiver, ou \u00e0 la fra\u00eecheur de l\u2019ombre en \u00e9t\u00e9.<\/p>\n<p>Ce tome 1 des \u00ab Sites naturels d\u2019escalade des territoires du Var \u00bb rassemble tout cela en un seul volume, ceux de l\u2019aire toulonnaise, feront l\u2019objet du tome 2:<br \/>\n<strong><a href=\"https:\/\/pizbube.ch\/en\/shop\/toulon-et-ses-environs-tome-2\/\" target=\"_blank\" rel=\"noopener\">Toulon et ses environs<\/a><\/strong><\/p>\n<p><b>Liste<\/b> (non exhaustive) <b>des princiaux sites :<\/b> Vallon Sourn, Les Vernis, Vallon d&#8217;Estay, Pas de Gairo\u00f9, Col d&#8217;Illoire, Bauchet, Salli\u00e8res, Petites Pointes, Les Cavaliers, Pantin du N\u00e9ant, Baou des Prannes, Marinouns, Baume de Saint-Jean, Rebouillon, Les roches des Malines, La Capelle, \u00a0l&#8217;Eglise des Pa\u00efens, la Barrique, Les gorges du Blavet, la Lieutenante, le Cap Dramont.<\/p>\n<p><b>Langue :<\/b> Fran\u00e7ais\/Anglais<br \/>\nPlus de 2000 longueurs r\u00e9pertori\u00e9es<br \/>\n<b>Territoires d\u00e9crits :<\/b> Provence Verte, Drac\u00e9nie, Pays de Fayence, CAVEM soit la plus grande partie des sites de l&#8217;est varois.<br \/>\n320 pages &#8211; quadrichromie &#8211; dos carr\u00e9 coll\u00e9\/cousu<\/p>","protected":false},"excerpt":{"rendered":"<p>Natural rock climbing areas of the Var: 33 spots, 2000 pitches Voici un titre qui condense les 4 ouvrages couvrant l\u2019est du d\u00e9partement du Var en un seul volume. Id\u00e9al pour voyager d&#8217;un territoire \u00e0 l&#8217;autre. Sa pr\u00e9sentation succincte et compacte, pens\u00e9e pour aller \u00e0 l\u2019essentiel, permet ainsi de compiler quelques 2000 longueurs et 33 [&#8230;]\n","protected":false},"featured_media":158725,"template":"","meta":[],"product_brand":[],"product_cat":[21539],"product_tag":[],"class_list":{"0":"post-158722","1":"product","2":"type-product","3":"status-publish","4":"has-post-thumbnail","6":"product_cat-fuehrerliteratur-sportklettern-bouldern","7":"pa_autor-ffme-com-var","8":"pa_erscheinungsjahr-21558","9":"pa_region-frankreich","10":"pa_sprache-fr-en","12":"first","13":"instock","14":"taxable","15":"shipping-taxable","16":"purchasable","17":"product-type-simple"},"_links":{"self":[{"href":"https:\/\/pizbube.ch\/en\/wp-json\/wp\/v2\/product\/158722","targetHints":{"allow":["GET"]}}],"collection":[{"href":"https:\/\/pizbube.ch\/en\/wp-json\/wp\/v2\/product"}],"about":[{"href":"https:\/\/pizbube.ch\/en\/wp-json\/wp\/v2\/types\/product"}],"wp:featuredmedia":[{"embeddable":true,"href":"https:\/\/pizbube.ch\/en\/wp-json\/wp\/v2\/media\/158725"}],"wp:attachment":[{"href":"https:\/\/pizbube.ch\/en\/wp-json\/wp\/v2\/media?parent=158722"}],"wp:term":[{"taxonomy":"product_brand","embeddable":true,"href":"https:\/\/pizbube.ch\/en\/wp-json\/wp\/v2\/product_brand?post=158722"},{"taxonomy":"product_cat","embeddable":true,"href":"https:\/\/pizbube.ch\/en\/wp-json\/wp\/v2\/product_cat?post=158722"},{"taxonomy":"product_tag","embeddable":true,"href":"https:\/\/pizbube.ch\/en\/wp-json\/wp\/v2\/product_tag?post=158722"}],"curies":[{"name":"wp","href":"https:\/\/api.w.org\/{rel}","templated":true}]}}