{"id":158734,"date":"2021-09-08T11:03:59","date_gmt":"2021-09-08T09:03:59","guid":{"rendered":"https:\/\/pizbube.ch\/?post_type=product&#038;p=158734"},"modified":"2021-09-08T11:09:20","modified_gmt":"2021-09-08T09:09:20","slug":"wie-berge-entstehen-und-vergehen","status":"publish","type":"product","link":"https:\/\/pizbube.ch\/en\/shop\/wie-berge-entstehen-und-vergehen\/","title":{"rendered":"Wie Berge entstehen und vergehen"},"content":{"rendered":"<p>In 30 Etappen durch die Alpengeologie<\/p>\n<p>Die Alpenbildung geschah doch im Wesentlichen so, wie wenn auf einem Tisch ein Stapel T\u00fccher zusammengeschoben wird? &#8211; Diese und andere weit verbreitete Vorstellungen haben mit der Realit\u00e4t und dem heutigen Stand der Wissenschaft wenig zu tun.<\/p>\n<p>&#171;Wie Berge entstehen und vergehen&#187; berichtet in 30 pointierten, gut verst\u00e4ndlichen Essays \u00fcber grundlegende Konzepte sowie neueste und erstaunliche Erkenntnisse zur geologischen Alpenbildung, es korrigiert \u00fcberholte Vorstellungen und vermittelt zahlreiche Aha-Erlebnisse. Die Texte werden illustriert durch zahlreiche Grafiken, Fotos und augenzwinkernde Cartoons. Das Buch richtet sich an Lehrpersonen der Oberstufe, Studierende, Exkursionsleitende, Wissenschaftsschafts-Journalisten und interessierte Laien.<\/p>\n<p>1. Auflage 2021<br \/>\n272 Seiten, 75 Fotos, 120 Illustrationen, 10 Tabellen, rund 30 Cartoons<br \/>\ngebunden, 19,5 x 23,5 cm, 1028 g<\/p>","protected":false},"excerpt":{"rendered":"<ul>\n<li><a href=\"https:\/\/pizbube.ch\/wp-content\/uploads\/2021\/09\/Wie_Berge_entstehen_Inhaltsverzeichnis.pdf\" target=\"_blank\" rel=\"noopener\"><strong>Wie_Berge_entstehen_Inhaltsverzeichnis<\/strong><\/a><\/li>\n<\/ul>","protected":false},"featured_media":158735,"template":"","meta":[],"product_brand":[],"product_cat":[21538],"product_tag":[],"class_list":{"0":"post-158734","1":"product","2":"type-product","3":"status-publish","4":"has-post-thumbnail","6":"product_cat-lehrbuecher","7":"pa_autor-meyer","8":"pa_erscheinungsjahr-25440","9":"pa_region-fauna-flora-geologie-glaziologie","10":"pa_sprache-de","12":"first","13":"instock","14":"taxable","15":"shipping-taxable","16":"purchasable","17":"product-type-simple"},"_links":{"self":[{"href":"https:\/\/pizbube.ch\/en\/wp-json\/wp\/v2\/product\/158734","targetHints":{"allow":["GET"]}}],"collection":[{"href":"https:\/\/pizbube.ch\/en\/wp-json\/wp\/v2\/product"}],"about":[{"href":"https:\/\/pizbube.ch\/en\/wp-json\/wp\/v2\/types\/product"}],"wp:featuredmedia":[{"embeddable":true,"href":"https:\/\/pizbube.ch\/en\/wp-json\/wp\/v2\/media\/158735"}],"wp:attachment":[{"href":"https:\/\/pizbube.ch\/en\/wp-json\/wp\/v2\/media?parent=158734"}],"wp:term":[{"taxonomy":"product_brand","embeddable":true,"href":"https:\/\/pizbube.ch\/en\/wp-json\/wp\/v2\/product_brand?post=158734"},{"taxonomy":"product_cat","embeddable":true,"href":"https:\/\/pizbube.ch\/en\/wp-json\/wp\/v2\/product_cat?post=158734"},{"taxonomy":"product_tag","embeddable":true,"href":"https:\/\/pizbube.ch\/en\/wp-json\/wp\/v2\/product_tag?post=158734"}],"curies":[{"name":"wp","href":"https:\/\/api.w.org\/{rel}","templated":true}]}}