{"id":158739,"date":"2021-09-08T11:28:08","date_gmt":"2021-09-08T09:28:08","guid":{"rendered":"https:\/\/pizbube.ch\/?post_type=product&#038;p=158739"},"modified":"2021-10-22T10:47:25","modified_gmt":"2021-10-22T08:47:25","slug":"baumwanderungen-30-routen-zu-den-eindruecklichsten-baeumen-der-schweiz","status":"publish","type":"product","link":"https:\/\/pizbube.ch\/en\/shop\/baumwanderungen-30-routen-zu-den-eindruecklichsten-baeumen-der-schweiz\/","title":{"rendered":"Baumwanderungen &#8211; 30 Routen zu den eindr\u00fccklichsten B\u00e4umen der Schweiz"},"content":{"rendered":"<p>30 Wandervorschl\u00e4ge zu natur- und kulturgeschichtlich interessanten B\u00e4umen der Schweiz<br \/>\nB\u00e4ume, die eine bemerkenswerte Geschichte erz\u00e4hlen: vom Urwald von Tamangur bis zur &#171;Gs\u00e4gneti Eich&#187; von Sissach.<br \/>\nMit Hintergrundinformationen, Karten und genauen Wegbeschreibungen.<\/p>\n<p>M\u00e4chtige, alte B\u00e4ume gibt es vielerorts in der Schweiz &#8211; manche erinnern an besondere Ereignisse, an eine Pestepidemie etwa, oder sie markieren einen mystischen Ort. Andere wurden an wichtigen Pl\u00e4tzen gepflanzt, so beispielsweise die Dorflinden oder die Gerichtsb\u00e4ume. Wieder andere gediehen ganz nat\u00fcrlich, weil sie an Standorten wuchsen, die die Menschen schon fr\u00fch aus der wirtschaftlichen Nutzung ausgeklammert hatten. Ihnen allen gemeinsam ist der Umstand, dass sie spannende Geschichten aus ihrer wechselvollen Vergangenheit erz\u00e4hlen &#8211; sie sind sowohl bedeutende Naturmonumente als auch Zeugnisse der Kulturgeschichte unseres Landes. Daniel Roth l\u00e4dt dazu ein, auf 30 Routen einige besonders interessante Baum-Geschichten in allen Regionen der Schweiz zu erwandern.<\/p>\n<p>1. Auflage 2021<br \/>\n208 Seiten, 240 Fotos, 30 Karten<br \/>\nFlexobroschur, 15,5 x 22,5 cm, 572 g<\/p>","protected":false},"excerpt":{"rendered":"<ul>\n<li><a href=\"https:\/\/pizbube.ch\/wp-content\/uploads\/2021\/09\/Baumwanderungen_Inhaltsverzeichnis.pdf\" target=\"_blank\" rel=\"noopener\"><strong>Baumwanderungen_Inhaltsverzeichnis<\/strong><\/a><\/li>\n<\/ul>","protected":false},"featured_media":158740,"template":"","meta":[],"product_brand":[],"product_cat":[21605],"product_tag":[],"class_list":{"0":"post-158739","1":"product","2":"type-product","3":"status-publish","4":"has-post-thumbnail","6":"product_cat-wanderfuehrer-trekking","7":"pa_autor-roth","8":"pa_erscheinungsjahr-25440","9":"pa_region-schweiz","10":"pa_sprache-de","12":"first","13":"instock","14":"taxable","15":"shipping-taxable","16":"purchasable","17":"product-type-simple"},"_links":{"self":[{"href":"https:\/\/pizbube.ch\/en\/wp-json\/wp\/v2\/product\/158739","targetHints":{"allow":["GET"]}}],"collection":[{"href":"https:\/\/pizbube.ch\/en\/wp-json\/wp\/v2\/product"}],"about":[{"href":"https:\/\/pizbube.ch\/en\/wp-json\/wp\/v2\/types\/product"}],"wp:featuredmedia":[{"embeddable":true,"href":"https:\/\/pizbube.ch\/en\/wp-json\/wp\/v2\/media\/158740"}],"wp:attachment":[{"href":"https:\/\/pizbube.ch\/en\/wp-json\/wp\/v2\/media?parent=158739"}],"wp:term":[{"taxonomy":"product_brand","embeddable":true,"href":"https:\/\/pizbube.ch\/en\/wp-json\/wp\/v2\/product_brand?post=158739"},{"taxonomy":"product_cat","embeddable":true,"href":"https:\/\/pizbube.ch\/en\/wp-json\/wp\/v2\/product_cat?post=158739"},{"taxonomy":"product_tag","embeddable":true,"href":"https:\/\/pizbube.ch\/en\/wp-json\/wp\/v2\/product_tag?post=158739"}],"curies":[{"name":"wp","href":"https:\/\/api.w.org\/{rel}","templated":true}]}}