{"id":158753,"date":"2021-09-09T10:22:42","date_gmt":"2021-09-09T08:22:42","guid":{"rendered":"https:\/\/pizbube.ch\/?post_type=product&#038;p=158753"},"modified":"2021-12-14T12:16:46","modified_gmt":"2021-12-14T11:16:46","slug":"luis-vonmetz-ein-leben-fuer-die-berge","status":"publish","type":"product","link":"https:\/\/pizbube.ch\/en\/shop\/luis-vonmetz-ein-leben-fuer-die-berge\/","title":{"rendered":"Luis Vonmetz &#8211; Ein Leben f\u00fcr die Berge"},"content":{"rendered":"<p>Der heute 82-j\u00e4hrige Luis Vonmetz ist einer der wenigen noch lebenden Bergsteiger der alten Garde. Als ruhiger und besonnener Mensch, der zwar gerne erz\u00e4hlt \u2013 ungern aber von pers\u00f6nlichen Erlebnissen \u2013 entging er meist dem allgemeinen Medienrummel.<\/p>\n<p>Er geh\u00f6rte zu seiner Zeit zu den Spitzenbergsteigern S\u00fcdtirols, der so ziemlich alle schwierigen Routen dieser Zeit kletterte und einen dramatischen R\u00fcckzug aus der Eiger-Nordwand \u00fcberlebte.<\/p>\n<p>Luis Vonmetz war lange Zeit als Landesjugendf\u00fchrer des AVS-S\u00fcdtirol t\u00e4tig und ma\u00dfgebend am Aufbau der Jugendarbeit beteiligt. Sp\u00e4ter f\u00fchrte er 18 Jahre lang den Alpenverein S\u00fcdtirol (AVS) als 1. Vorsitzender durch gute und schlechte Zeiten, wobei er immer darauf bedacht war, einen soliden Spagat zwischen den verschiedenen Interessensgruppen in S\u00fcdtirol zu spannen.<\/p>\n<div class=\"views-field views-field-description\">\n<div class=\"field-content\">fester Einband (Hardcover)<\/div>\n<\/div>\n<div class=\"views-field views-field-field-produktsprache\"><span class=\"views-label views-label-field-produktsprache\">Sprache: <\/span><span class=\"field-content\">Deutsch<\/span><\/div>\n<div class=\"views-field views-field-field-width\"><span class=\"views-label views-label-field-width\">Format: <\/span><span class=\"field-content\">150 x 225 mm<\/span><\/div>","protected":false},"excerpt":{"rendered":"<ul>\n<li><strong>luis_vonmetz_ein_leben_fuer_die_berge_leseprobe<\/strong><\/li>\n<\/ul>","protected":false},"featured_media":158754,"template":"","meta":[],"product_brand":[],"product_cat":[21542],"product_tag":[],"class_list":{"0":"post-158753","1":"product","2":"type-product","3":"status-publish","4":"has-post-thumbnail","6":"product_cat-sachbuecher-dokumentationen","7":"pa_autor-ladurner","8":"pa_erscheinungsjahr-25440","9":"pa_region-italien","10":"pa_sprache-de","12":"first","13":"onbackorder","14":"taxable","15":"shipping-taxable","16":"purchasable","17":"product-type-simple"},"_links":{"self":[{"href":"https:\/\/pizbube.ch\/en\/wp-json\/wp\/v2\/product\/158753","targetHints":{"allow":["GET"]}}],"collection":[{"href":"https:\/\/pizbube.ch\/en\/wp-json\/wp\/v2\/product"}],"about":[{"href":"https:\/\/pizbube.ch\/en\/wp-json\/wp\/v2\/types\/product"}],"wp:featuredmedia":[{"embeddable":true,"href":"https:\/\/pizbube.ch\/en\/wp-json\/wp\/v2\/media\/158754"}],"wp:attachment":[{"href":"https:\/\/pizbube.ch\/en\/wp-json\/wp\/v2\/media?parent=158753"}],"wp:term":[{"taxonomy":"product_brand","embeddable":true,"href":"https:\/\/pizbube.ch\/en\/wp-json\/wp\/v2\/product_brand?post=158753"},{"taxonomy":"product_cat","embeddable":true,"href":"https:\/\/pizbube.ch\/en\/wp-json\/wp\/v2\/product_cat?post=158753"},{"taxonomy":"product_tag","embeddable":true,"href":"https:\/\/pizbube.ch\/en\/wp-json\/wp\/v2\/product_tag?post=158753"}],"curies":[{"name":"wp","href":"https:\/\/api.w.org\/{rel}","templated":true}]}}