{"id":158856,"date":"2021-09-18T10:44:02","date_gmt":"2021-09-18T08:44:02","guid":{"rendered":"https:\/\/pizbube.ch\/?post_type=product&#038;p=158856"},"modified":"2021-09-27T14:58:51","modified_gmt":"2021-09-27T12:58:51","slug":"grenzen-im-aufstieg","status":"publish","type":"product","link":"https:\/\/pizbube.ch\/en\/shop\/grenzen-im-aufstieg\/","title":{"rendered":"Grenzen im Aufstieg"},"content":{"rendered":"<p class=\"volumes\">Frauenexpeditionen in den Himalaya (1955-2014)<\/p>\n<p>Bergexpeditionen auf Himalaya-Gipfel wurden von reinen Frauenteams erstmals in den 1950er Jahren unternommen. Bergsteigerinnen er\u00f6ffnete sich damit eine M\u00f6glichkeit, in die M\u00e4nnerbastion des H\u00f6henbergsteigens vorzudringen.<\/p>\n<p>Martina Gugglberger verwendet diese Frauenexpeditionen als Linse, um Handlungsspielr\u00e4ume, Geschlechterverh\u00e4ltnisse, Netzwerke und biographische Hintergr\u00fcnde von Protagonistinnen im H\u00f6henbergsteigen von 1955 bis 2014 zu untersuchen. Ihr Blick in die Geschichte des \u00bbFrauenalpinismus\u00ab verdeutlicht die lange Tradition von Ausgrenzung und Abwertung weiblicher Aktivit\u00e4ten im Bergsport. Gleichzeitig veranschaulicht das Buch entlang politischer, sozialer und ethnischer Aspekte der Frauenexpeditionen, wie sich die realen und symbolischen \u00bbGrenzen im Aufstieg\u00ab f\u00fcr Bergsteigerinnen ein St\u00fcck weit verschoben.<\/p>\n<p>Martina Gugglberger ist assoziierte Professorin am Institut f\u00fcr Neuere Geschichte und Zeitgeschichte der Universit\u00e4t Linz.<\/p>\n<p>Softcover, 432 S.; Format (B x L): 13.7 x 21 cm<\/p>","protected":false},"excerpt":{"rendered":"<p>Frauenexpeditionen in den Himalaya (1955-2014) Bergexpeditionen auf Himalaya-Gipfel wurden von reinen Frauenteams erstmals in den 1950er Jahren unternommen. Bergsteigerinnen er\u00f6ffnete sich damit eine M\u00f6glichkeit, in die M\u00e4nnerbastion des H\u00f6henbergsteigens vorzudringen. Martina Gugglberger verwendet diese Frauenexpeditionen als Linse, um Handlungsspielr\u00e4ume, Geschlechterverh\u00e4ltnisse, Netzwerke und biographische Hintergr\u00fcnde von Protagonistinnen im H\u00f6henbergsteigen von 1955 bis 2014 zu untersuchen. Ihr [&#8230;]\n","protected":false},"featured_media":158857,"template":"","meta":[],"product_brand":[],"product_cat":[21542],"product_tag":[],"class_list":{"0":"post-158856","1":"product","2":"type-product","3":"status-publish","4":"has-post-thumbnail","6":"product_cat-sachbuecher-dokumentationen","7":"pa_autor-gugglberger","8":"pa_erscheinungsjahr-25440","9":"pa_region-asien","10":"pa_sprache-d","12":"first","13":"instock","14":"taxable","15":"shipping-taxable","16":"purchasable","17":"product-type-simple"},"_links":{"self":[{"href":"https:\/\/pizbube.ch\/en\/wp-json\/wp\/v2\/product\/158856","targetHints":{"allow":["GET"]}}],"collection":[{"href":"https:\/\/pizbube.ch\/en\/wp-json\/wp\/v2\/product"}],"about":[{"href":"https:\/\/pizbube.ch\/en\/wp-json\/wp\/v2\/types\/product"}],"wp:featuredmedia":[{"embeddable":true,"href":"https:\/\/pizbube.ch\/en\/wp-json\/wp\/v2\/media\/158857"}],"wp:attachment":[{"href":"https:\/\/pizbube.ch\/en\/wp-json\/wp\/v2\/media?parent=158856"}],"wp:term":[{"taxonomy":"product_brand","embeddable":true,"href":"https:\/\/pizbube.ch\/en\/wp-json\/wp\/v2\/product_brand?post=158856"},{"taxonomy":"product_cat","embeddable":true,"href":"https:\/\/pizbube.ch\/en\/wp-json\/wp\/v2\/product_cat?post=158856"},{"taxonomy":"product_tag","embeddable":true,"href":"https:\/\/pizbube.ch\/en\/wp-json\/wp\/v2\/product_tag?post=158856"}],"curies":[{"name":"wp","href":"https:\/\/api.w.org\/{rel}","templated":true}]}}