{"id":158904,"date":"2021-09-24T11:39:45","date_gmt":"2021-09-24T09:39:45","guid":{"rendered":"https:\/\/pizbube.ch\/?post_type=product&#038;p=158904"},"modified":"2022-04-09T15:00:32","modified_gmt":"2022-04-09T13:00:32","slug":"georgien-2","status":"publish","type":"product","link":"https:\/\/pizbube.ch\/en\/shop\/georgien-2\/","title":{"rendered":"Georgien"},"content":{"rendered":"<p><span class=\"value\">21 Wanderungen in Swanetien<\/span><\/p>\n<p><span class=\"value\">Im S\u00fcden des zentralen Kaukasushauptkamms gelegen, ist Swanetien ein Traumziel f\u00fcr Wanderer. Die h\u00f6chste Bergregion Georgiens bietet eine einmalige Kulisse aus wilden Bergen, einer \u00fcberraschend \u00fcppigen Vegetation und archaisch anmutenden Bergd\u00f6rfern. Dieses Buch stellt eine Auswahl der sch\u00f6nsten Wege vor, die auch zu mehrt\u00e4gigen Routen kombiniert werden k\u00f6nnen. Zu jeder Tour erhalten Sie umfassende Tipps zu Zeitbedarf, Anreise, Wandern mit Kindern etc. und lernen mehr \u00fcber die Kultur der Region. Genaue Wegbeschreibungen, Karten, H\u00f6henprofile und GPS-Tracks helfen bei der Orientierung. Einleitende Informationen, etwa zu Unterk\u00fcnften, Reisezeit und Sprache, bereiten Sie darauf vor, Georgien auf eigene Faust zu erkunden.<\/span><\/p>\n<p>160 Seiten;<br \/>\n1.Auflg. 2021<\/p>","protected":false},"excerpt":{"rendered":"<p>21 Wanderungen in Swanetien Im S\u00fcden des zentralen Kaukasushauptkamms gelegen, ist Swanetien ein Traumziel f\u00fcr Wanderer. Die h\u00f6chste Bergregion Georgiens bietet eine einmalige Kulisse aus wilden Bergen, einer \u00fcberraschend \u00fcppigen Vegetation und archaisch anmutenden Bergd\u00f6rfern. Dieses Buch stellt eine Auswahl der sch\u00f6nsten Wege vor, die auch zu mehrt\u00e4gigen Routen kombiniert werden k\u00f6nnen. Zu jeder Tour [&#8230;]\n","protected":false},"featured_media":158905,"template":"","meta":[],"product_brand":[],"product_cat":[21605],"product_tag":[],"class_list":{"0":"post-158904","1":"product","2":"type-product","3":"status-publish","4":"has-post-thumbnail","6":"product_cat-wanderfuehrer-trekking","7":"pa_autor-jaeger","8":"pa_erscheinungsjahr-25440","9":"pa_region-asien","10":"pa_sprache-d","12":"first","13":"instock","14":"taxable","15":"shipping-taxable","16":"purchasable","17":"product-type-simple"},"_links":{"self":[{"href":"https:\/\/pizbube.ch\/en\/wp-json\/wp\/v2\/product\/158904","targetHints":{"allow":["GET"]}}],"collection":[{"href":"https:\/\/pizbube.ch\/en\/wp-json\/wp\/v2\/product"}],"about":[{"href":"https:\/\/pizbube.ch\/en\/wp-json\/wp\/v2\/types\/product"}],"wp:featuredmedia":[{"embeddable":true,"href":"https:\/\/pizbube.ch\/en\/wp-json\/wp\/v2\/media\/158905"}],"wp:attachment":[{"href":"https:\/\/pizbube.ch\/en\/wp-json\/wp\/v2\/media?parent=158904"}],"wp:term":[{"taxonomy":"product_brand","embeddable":true,"href":"https:\/\/pizbube.ch\/en\/wp-json\/wp\/v2\/product_brand?post=158904"},{"taxonomy":"product_cat","embeddable":true,"href":"https:\/\/pizbube.ch\/en\/wp-json\/wp\/v2\/product_cat?post=158904"},{"taxonomy":"product_tag","embeddable":true,"href":"https:\/\/pizbube.ch\/en\/wp-json\/wp\/v2\/product_tag?post=158904"}],"curies":[{"name":"wp","href":"https:\/\/api.w.org\/{rel}","templated":true}]}}