{"id":158931,"date":"2021-09-27T15:40:42","date_gmt":"2021-09-27T13:40:42","guid":{"rendered":"https:\/\/pizbube.ch\/?post_type=product&#038;p=158931"},"modified":"2021-09-27T15:46:44","modified_gmt":"2021-09-27T13:46:44","slug":"grazer-hausberge-mit-mur-und-muerztal","status":"publish","type":"product","link":"https:\/\/pizbube.ch\/en\/shop\/grazer-hausberge-mit-mur-und-muerztal\/","title":{"rendered":"Grazer Hausberge mit Mur- und M\u00fcrztal"},"content":{"rendered":"<p>52 Touren<\/p>\n<p>Familientaugliche alpine Unternehmungen sto\u00dfen auf hohes Interesse in der Umgebung der steirischen Landeshauptstadt Graz. Entschleunigung ist angesagt: Der hohe Freizeitwert der Touren beruht auf dem Genuss der landestypischen, entspannten Atmosph\u00e4re am Berg sowie auf der leichten Erreichbarkeit. Auf den Zugang mit \u00f6ffentlichen Verkehrsmitteln hat das erfahrene Autorenpaar G\u00fcnter und Luise Auferbauer besonderen Wert gelegt bei der Auswahl der 52 Touren des Rother Wanderf\u00fchrers Grazer Hausberge.<\/p>\n<p>Die Wanderungen sind vorwiegend als Rundtouren angelegt und st\u00fctzen sich auf ein dichtes Netz markierter, familienfreundlicher Wege zu Almen und Gipfeln.<\/p>\n<p>Tourensteckbriefe, farbige Wanderk\u00e4rtchen im Ma\u00dfstab 1:50.000 und 1:75.000 mit eingetragenem Routenverlauf, pr\u00e4gnante und gr\u00fcndliche Wegbeschreibungen, aussagekr\u00e4ftige H\u00f6henprofile und Farbfotos erleichtern dem Wanderer die Planung und Durchf\u00fchrung seiner Unternehmungen. Zahlreiche Tipps und Hinweise zu Sehenswertem runden die Tourenbeschreibungen ab. F\u00fcr die nun vorliegende f\u00fcnfte Auflage wurde dieser Rother Wanderf\u00fchrer komplett \u00fcberarbeitet. Nun stehen auch GPS-Tracks zum Download bereit.<\/p>\n<p>5. Auflage 2018<br \/>\n168 Seiten mit 108 Farbabbildungen<br \/>\n52 H\u00f6henprofile, 52 Wanderk\u00e4rtchen im Ma\u00dfstab 1:50.000 und 1:75.000, zwei \u00dcbersichtskarten, GPS-Tracks zum Download<br \/>\nFormat 11,5 x 16,5 cm<br \/>\nkartoniert mit Polytex-Laminierung<\/p>","protected":false},"excerpt":{"rendered":"<p><a href=\"https:\/\/pizbube.ch\/wp-content\/uploads\/2021\/09\/grazer_bergland_inhalt-2.pdf\" target=\"_blank\" rel=\"noopener\"><strong>grazer_bergland_inhalt<\/strong><\/a><\/p>","protected":false},"featured_media":158933,"template":"","meta":[],"product_brand":[],"product_cat":[21605],"product_tag":[],"class_list":{"0":"post-158931","1":"product","2":"type-product","3":"status-publish","4":"has-post-thumbnail","6":"product_cat-wanderfuehrer-trekking","7":"pa_autor-auferbauer","8":"pa_erscheinungsjahr-21546","9":"pa_region-oesterreich","10":"pa_sprache-de","12":"first","13":"instock","14":"taxable","15":"shipping-taxable","16":"purchasable","17":"product-type-simple"},"_links":{"self":[{"href":"https:\/\/pizbube.ch\/en\/wp-json\/wp\/v2\/product\/158931","targetHints":{"allow":["GET"]}}],"collection":[{"href":"https:\/\/pizbube.ch\/en\/wp-json\/wp\/v2\/product"}],"about":[{"href":"https:\/\/pizbube.ch\/en\/wp-json\/wp\/v2\/types\/product"}],"wp:featuredmedia":[{"embeddable":true,"href":"https:\/\/pizbube.ch\/en\/wp-json\/wp\/v2\/media\/158933"}],"wp:attachment":[{"href":"https:\/\/pizbube.ch\/en\/wp-json\/wp\/v2\/media?parent=158931"}],"wp:term":[{"taxonomy":"product_brand","embeddable":true,"href":"https:\/\/pizbube.ch\/en\/wp-json\/wp\/v2\/product_brand?post=158931"},{"taxonomy":"product_cat","embeddable":true,"href":"https:\/\/pizbube.ch\/en\/wp-json\/wp\/v2\/product_cat?post=158931"},{"taxonomy":"product_tag","embeddable":true,"href":"https:\/\/pizbube.ch\/en\/wp-json\/wp\/v2\/product_tag?post=158931"}],"curies":[{"name":"wp","href":"https:\/\/api.w.org\/{rel}","templated":true}]}}