{"id":158946,"date":"2021-09-27T16:16:04","date_gmt":"2021-09-27T14:16:04","guid":{"rendered":"https:\/\/pizbube.ch\/?post_type=product&#038;p=158946"},"modified":"2025-02-05T11:07:04","modified_gmt":"2025-02-05T10:07:04","slug":"gesaeuse-mit-eisenerzer-alpen-die-schoensten-tal-und-hoehenwanderungen","status":"publish","type":"product","link":"https:\/\/pizbube.ch\/en\/shop\/gesaeuse-mit-eisenerzer-alpen-die-schoensten-tal-und-hoehenwanderungen\/","title":{"rendered":"Ges\u00e4use mit Haller Mauern und Eisenerzer Alpen"},"content":{"rendered":"<p><span class=\"value\">\u00bbWildes Wasser, steiler Fels\u00ab: So lautet passenderweise das Motto des Nationalparks Ges\u00e4use. Die Enns zw\u00e4ngt sich mit lautem Get\u00f6se durch die steilen Ges\u00e4use-Felsen, rundherum wilde, unber\u00fchrte Natur, urspr\u00fcnglich und unverdorben \u2013 steil, felsig und abweisend sowie zugleich auch sanft, lieblich und gr\u00fcn. Unberechenbar und voller (Wander-)M\u00f6glichkeiten. 54 der lohnendsten Touren zwischen Eisenerz und den Eisenerzer Alpen, Admont, Spital am Pyhrn und den Haller Mauern pr\u00e4sentiert der Rother Wanderf\u00fchrer Ges\u00e4use in seiner 8., vollst\u00e4ndig neu bearbeiteten Auflage.<\/span><\/p>\n<p>Es ist nahezu unm\u00f6glich, sich dem Zauber des Ges\u00e4uses zu entziehen: Hohe Felsw\u00e4nde, rauschende B\u00e4che, viele bewirtschaftete H\u00fctten und die streng gesch\u00fctzte Natur bieten ein Paradies f\u00fcr Wanderer und Bergsteiger. Die Routenauswahl des Buchs reicht von einfachen Tal- und Almwanderungen bis hin zu anspruchsvollen Bergtouren mit gro\u00dfen H\u00f6henunterschieden und leichten Klettereien. Als kulturelles Zentrum der Region hat sich das Stift Admont mit seiner weltber\u00fchmten Bibliothek \u00fcber Jahrhunderte etabliert. Die M\u00f6nche pr\u00e4gen mit ihrer Gastfreundschaft und gleichzeitigen Verschlossenheit gegen\u00fcber zu viel Vermarktung den Charakter des Ges\u00e4uses.<\/p>\n<p>8. Auflage 2022<br \/>\n182 Seiten mit 91 Farbabbildungen<br \/>\n54 Wanderk\u00e4rtchen im Ma\u00dfstab 1:50.000, 1:75.000 und 1:100.000, eine \u00dcbersichtskarte im Ma\u00dfstab 1:300.000<br \/>\nFormat 11,5 x 16,5 cm<br \/>\nkartoniert mit Polytex-Laminierung<\/p>","protected":false},"excerpt":{"rendered":"<p>\u00bbWildes Wasser, steiler Fels\u00ab: So lautet passenderweise das Motto des Nationalparks Ges\u00e4use. Die Enns zw\u00e4ngt sich mit lautem Get\u00f6se durch die steilen Ges\u00e4use-Felsen, rundherum wilde, unber\u00fchrte Natur, urspr\u00fcnglich und unverdorben \u2013 steil, felsig und abweisend sowie zugleich auch sanft, lieblich und gr\u00fcn. Unberechenbar und voller (Wander-)M\u00f6glichkeiten. 54 der lohnendsten Touren zwischen Eisenerz und den Eisenerzer [&#8230;]\n","protected":false},"featured_media":178385,"template":"","meta":[],"product_brand":[],"product_cat":[21605],"product_tag":[],"class_list":{"0":"post-158946","1":"product","2":"type-product","3":"status-publish","4":"has-post-thumbnail","6":"product_cat-wanderfuehrer-trekking","7":"pa_autor-auferbauer","8":"pa_erscheinungsjahr-27013","9":"pa_region-oesterreich","10":"pa_sprache-de","12":"first","13":"instock","14":"taxable","15":"shipping-taxable","16":"purchasable","17":"product-type-simple"},"_links":{"self":[{"href":"https:\/\/pizbube.ch\/en\/wp-json\/wp\/v2\/product\/158946","targetHints":{"allow":["GET"]}}],"collection":[{"href":"https:\/\/pizbube.ch\/en\/wp-json\/wp\/v2\/product"}],"about":[{"href":"https:\/\/pizbube.ch\/en\/wp-json\/wp\/v2\/types\/product"}],"wp:featuredmedia":[{"embeddable":true,"href":"https:\/\/pizbube.ch\/en\/wp-json\/wp\/v2\/media\/178385"}],"wp:attachment":[{"href":"https:\/\/pizbube.ch\/en\/wp-json\/wp\/v2\/media?parent=158946"}],"wp:term":[{"taxonomy":"product_brand","embeddable":true,"href":"https:\/\/pizbube.ch\/en\/wp-json\/wp\/v2\/product_brand?post=158946"},{"taxonomy":"product_cat","embeddable":true,"href":"https:\/\/pizbube.ch\/en\/wp-json\/wp\/v2\/product_cat?post=158946"},{"taxonomy":"product_tag","embeddable":true,"href":"https:\/\/pizbube.ch\/en\/wp-json\/wp\/v2\/product_tag?post=158946"}],"curies":[{"name":"wp","href":"https:\/\/api.w.org\/{rel}","templated":true}]}}