{"id":158965,"date":"2021-09-28T10:19:55","date_gmt":"2021-09-28T08:19:55","guid":{"rendered":"https:\/\/pizbube.ch\/?post_type=product&#038;p=158965"},"modified":"2025-08-19T10:58:18","modified_gmt":"2025-08-19T08:58:18","slug":"el-desfiladero-de-la-hermida-2-y-el-valle-del-nansa","status":"publish","type":"product","link":"https:\/\/pizbube.ch\/en\/shop\/el-desfiladero-de-la-hermida-2-y-el-valle-del-nansa\/","title":{"rendered":"El Desfiladero de La Hermida 2  &#8211; Y el Valle del Nansa"},"content":{"rendered":"<p>Sportclimbing in and around the La Hermida Gorgeand the Nansa Valley<\/p>\n<p>This new guide builds on Roca Verde to reveal all the secrets to the most sought after crags of the valley including the world-class venues of\u00a0Cicera\u00a0and the newly opened\u00a0Carcalosa. As well as these there\u2019s a host of smaller, high-quality crags including\u00a0Pech\u00f3n, Estrag\u00fce\u00f1a, Cueva Hermida, Cosgaya, Caba\u00f1es\u00a0and many more.\u00a0Studded with superb action photos and simple, clear topos throughout this is the perfect guide for anyone looking to come to the Picos this summer.This second edition contains 43 crags \u2013 11 of which have never been published \u2013 as well as over 800 routes and is the most up to date and definitive guide to this beautiful valley.<\/p>\n<p>Nueva edici\u00f3n de una gu\u00eda que lleva 43 escuelas, 11 nunca antes publicadas.<\/p>\n<p>Entre ellas que podr\u00e1s encontrar los gigantes del valle, Carcalosa y Cicera, y tambi\u00e9n un gran n\u00famero de sectores mas peque\u00f1os de gran calidad como Pech\u00f3n, Estrag\u00fce\u00f1a, Cueva Hermida, Cosgaya, Caba\u00f1es y mucho m\u00e1s.<\/p>\n<p>Dimensiones: 15 cm x 21 cm;<br \/>\nN\u00ba P\u00e1g.:230;<br \/>\nIdiomas:Castellano, ingl\u00e9s<\/p>","protected":false},"excerpt":{"rendered":"<p>Sportclimbing in and around the La Hermida Gorgeand the Nansa Valley This new guide builds on Roca Verde to reveal all the secrets to the most sought after crags of the valley including the world-class venues of\u00a0Cicera\u00a0and the newly opened\u00a0Carcalosa. As well as these there\u2019s a host of smaller, high-quality crags including\u00a0Pech\u00f3n, Estrag\u00fce\u00f1a, Cueva Hermida, [&#8230;]\n","protected":false},"featured_media":158966,"template":"","meta":[],"product_brand":[],"product_cat":[21539],"product_tag":[],"class_list":{"0":"post-158965","1":"product","2":"type-product","3":"status-publish","4":"has-post-thumbnail","6":"product_cat-fuehrerliteratur-sportklettern-bouldern","7":"pa_autor-patterson","8":"pa_erscheinungsjahr-25440","9":"pa_region-spanien","10":"pa_sprache-es-en","12":"first","13":"onbackorder","14":"taxable","15":"shipping-taxable","16":"purchasable","17":"product-type-simple"},"_links":{"self":[{"href":"https:\/\/pizbube.ch\/en\/wp-json\/wp\/v2\/product\/158965","targetHints":{"allow":["GET"]}}],"collection":[{"href":"https:\/\/pizbube.ch\/en\/wp-json\/wp\/v2\/product"}],"about":[{"href":"https:\/\/pizbube.ch\/en\/wp-json\/wp\/v2\/types\/product"}],"wp:featuredmedia":[{"embeddable":true,"href":"https:\/\/pizbube.ch\/en\/wp-json\/wp\/v2\/media\/158966"}],"wp:attachment":[{"href":"https:\/\/pizbube.ch\/en\/wp-json\/wp\/v2\/media?parent=158965"}],"wp:term":[{"taxonomy":"product_brand","embeddable":true,"href":"https:\/\/pizbube.ch\/en\/wp-json\/wp\/v2\/product_brand?post=158965"},{"taxonomy":"product_cat","embeddable":true,"href":"https:\/\/pizbube.ch\/en\/wp-json\/wp\/v2\/product_cat?post=158965"},{"taxonomy":"product_tag","embeddable":true,"href":"https:\/\/pizbube.ch\/en\/wp-json\/wp\/v2\/product_tag?post=158965"}],"curies":[{"name":"wp","href":"https:\/\/api.w.org\/{rel}","templated":true}]}}