{"id":158990,"date":"2021-09-30T09:09:49","date_gmt":"2021-09-30T07:09:49","guid":{"rendered":"https:\/\/pizbube.ch\/?post_type=product&#038;p=158990"},"modified":"2024-08-15T11:02:18","modified_gmt":"2024-08-15T09:02:18","slug":"giffre-risse-foron-kopie","status":"publish","type":"product","link":"https:\/\/pizbube.ch\/en\/shop\/giffre-risse-foron-kopie\/","title":{"rendered":"Giffre Risse Foron"},"content":{"rendered":"<div class=\"elementor-element elementor-element-4197063 elementor-widget elementor-widget-text-editor\" data-id=\"4197063\" data-element_type=\"widget\" data-widget_type=\"text-editor.default\">\n<div class=\"elementor-widget-container\">\n<div class=\"elementor-text-editor elementor-clearfix\">\n<p>Toutes les falaises sportives des vall\u00e9es du Giffre et du Risse, plus quelques sites proches de Morzine.<\/p>\n<p>Ce topo offre des\u00a0informations tr\u00e8s d\u00e9taill\u00e9es\u00a0pour la quasi totalit\u00e9 des voies :<br \/>\n&#8211; Couennes : cotation, longueur, nombre de d\u00e9gaines n\u00e9cessaires, type d\u2019effort (bloc, r\u00e9si ou conti), inclinaison(s), int\u00e9r\u00eat de la voie, possibilit\u00e9 \u00e9ventuelle de grimper par temps pluvieux, un commentaire.<br \/>\n&#8211; Grandes voies : Cotations, nombre de d\u00e9gaines n\u00e9cessaires pour la plupart des voies \u00ab sportives \u00bb, taille de coinceurs pour les voies en terrain d\u2019aventure, commentaire.<br \/>\n&#8211; Hauteur de la plupart des rappels ainsi que de nombreuses moulinettes (pr\u00e9cision proche de un m\u00e8tre).<\/p>\n<p>La quasi totalit\u00e9 des voies ont \u00e9t\u00e9 grimp\u00e9es lors de la pr\u00e9paration de ce topo afin de fournir une information fiable.<br \/>\nUn topo enti\u00e8rement en couleur. La plupart des topos\u00a0des\u00a0grandes falaises sont trac\u00e9s sur photo,\u00a0de m\u00eame que quelques sites de \u00ab\u00a0couennes\u00a0\u00bb.\u00a0Les\u00a0dessins des autres sites,\u00a0faits \u00e0 la main, sont pr\u00e9cis et esth\u00e9tiques.<\/p>\n<p>Pour chaque site l\u2019acc\u00e8s est syst\u00e9matiquement expliqu\u00e9 par un texte et un sch\u00e9ma tr\u00e8s pr\u00e9cis (+coordonn\u00e9es GPS des parkings et de quelques endroits cl\u00e9s)\u2026 difficile de se tromper. Un tableau r\u00e9capitulatif en d\u00e9but de topo, ainsi qu\u2019\u00e0 chaque chapitre, permet de faire une s\u00e9lection rapide en fonction du niveau du grimpeur, de la longueur de voies d\u00e9sir\u00e9e ou bien des conditions de temp\u00e9rature esp\u00e9r\u00e9es. Les \u00e9trangers appr\u00e9cieront le lexique en Anglais, Allemand et Italien, qui traduit les mots techniques, ainsi que les\u00a0symboles\u00a0pour les falaises et pour les voies.<\/p>\n<p>Une grande partie des b\u00e9n\u00e9fices de vente de ce topo sont empoch\u00e9s par l&#8217;association EKIPROC, qui finance une importante quantit\u00e9 de mat\u00e9riel pour \u00e9quiper ou r\u00e9\u00e9quiper des voies en Haute-Savoie.<\/p>\n<p>184 pages<br \/>\n2 i\u00e8me edition 2021<\/p>\n<p>&nbsp;<\/p>\n<p>A French language climbing guide covering the huge amount of climbing in the Cluses, Morzine area in the Haute Savoie near Chamonix.<br \/>\nThe guide is full colour throughout and includes topos of all the crags described and a good selection of action shots (second edition: Spring 2021).<\/p>\n<p>No of Pages: 184<br \/>\nPage Size: 150 x 210 mm<br \/>\nEdition: 2nd: Spring 2021<br \/>\nBinding: Paperback<br \/>\nIllustrations: Colour Photographs \/ Topos<\/p>\n<\/div>\n<\/div>\n<\/div>","protected":false},"excerpt":{"rendered":"<p>Toutes les falaises sportives des vall\u00e9es du Giffre et du Risse, plus quelques sites proches de Morzine. Ce topo offre des\u00a0informations tr\u00e8s d\u00e9taill\u00e9es\u00a0pour la quasi totalit\u00e9 des voies : &#8211; Couennes : cotation, longueur, nombre de d\u00e9gaines n\u00e9cessaires, type d\u2019effort (bloc, r\u00e9si ou conti), inclinaison(s), int\u00e9r\u00eat de la voie, possibilit\u00e9 \u00e9ventuelle de grimper par temps [&#8230;]\n","protected":false},"featured_media":158992,"template":"","meta":[],"product_brand":[],"product_cat":[21539],"product_tag":[],"class_list":{"0":"post-158990","1":"product","2":"type-product","3":"status-publish","4":"has-post-thumbnail","6":"product_cat-fuehrerliteratur-sportklettern-bouldern","7":"pa_autor-brenas-brunot","8":"pa_erscheinungsjahr-25440","9":"pa_region-frankreich","10":"pa_sprache-fr","12":"first","13":"instock","14":"taxable","15":"shipping-taxable","16":"purchasable","17":"product-type-simple"},"_links":{"self":[{"href":"https:\/\/pizbube.ch\/en\/wp-json\/wp\/v2\/product\/158990","targetHints":{"allow":["GET"]}}],"collection":[{"href":"https:\/\/pizbube.ch\/en\/wp-json\/wp\/v2\/product"}],"about":[{"href":"https:\/\/pizbube.ch\/en\/wp-json\/wp\/v2\/types\/product"}],"wp:featuredmedia":[{"embeddable":true,"href":"https:\/\/pizbube.ch\/en\/wp-json\/wp\/v2\/media\/158992"}],"wp:attachment":[{"href":"https:\/\/pizbube.ch\/en\/wp-json\/wp\/v2\/media?parent=158990"}],"wp:term":[{"taxonomy":"product_brand","embeddable":true,"href":"https:\/\/pizbube.ch\/en\/wp-json\/wp\/v2\/product_brand?post=158990"},{"taxonomy":"product_cat","embeddable":true,"href":"https:\/\/pizbube.ch\/en\/wp-json\/wp\/v2\/product_cat?post=158990"},{"taxonomy":"product_tag","embeddable":true,"href":"https:\/\/pizbube.ch\/en\/wp-json\/wp\/v2\/product_tag?post=158990"}],"curies":[{"name":"wp","href":"https:\/\/api.w.org\/{rel}","templated":true}]}}