{"id":159054,"date":"2021-10-05T09:06:50","date_gmt":"2021-10-05T07:06:50","guid":{"rendered":"https:\/\/pizbube.ch\/?post_type=product&#038;p=159054"},"modified":"2021-11-16T14:16:37","modified_gmt":"2021-11-16T13:16:37","slug":"berg-2022-alpenvereinsjahrbuch","status":"publish","type":"product","link":"https:\/\/pizbube.ch\/en\/shop\/berg-2022-alpenvereinsjahrbuch\/","title":{"rendered":"BERG 2022  Alpenvereinsjahrbuch"},"content":{"rendered":"<p class=\"text-lg\">Das Alpenvereinsjahrbuch BERG bildet mit \u00fcberzeugender Themenvielfalt, herausragender inhaltlicher und optischer Qualit\u00e4t sowie ausgezeichnetem Preis-Leistungs-Verh\u00e4ltnis seit Jahren ein Must-have im Bergbuchbereich.<\/p>\n<p class=\"text-lg\">3905 Meter: Nirgendwo in den Arbeitsgebieten des Alpenvereins geht es h\u00f6her hinauf als am Ortler. BERG 2022 widmet dem gewaltigen Berg \u00fcber dem S\u00fcdtiroler Vinschgau in BERGWELTEN das Gebietsthema. Schon die Geologie des Giganten fasziniert, richtig spannend aber werden Fels und Eis erst, wenn man sie mit H\u00e4nden greifen kann. Niemand wei\u00df das besser als der Bergf\u00fchrer Olaf Reinstadler, der von den klassischen Routen rund um Ortler und K\u00f6nigsspitze berichtet \u2013 und von den Ver\u00e4nderungen, die sie in den letzten Jahren erfahren haben. Alpinistisch meist weniger anspruchsvoll aber nicht weniger spannend sind die Wege und Steige \u00fcber dem Ultental, das von Wolfgang Platter, dem langj\u00e4hrigen Direktor des Nationalparks Stilfserjoch, ausf\u00fchrlich vorgestellt wird.<\/p>\n<p class=\"text-lg\">Berge sind unverr\u00fcckbar, doch f\u00fcr viele waren sie w\u00e4hrend der Corona-Pandemie auch unerreichbar. Und so ist unser BERGFOKUS denkbar aktuell, denn die Freiheit ist das gro\u00dfe Versprechen des Bergsteigens. Warum f\u00fchlen wir uns in den Bergen eigentlich frei? Namhafte Autorinnen und Autoren geben darauf h\u00f6chst lesenswerte Antworten \u2013 zum Nachdenken, zum Schmunzeln, zum Mutsch\u00f6pfen.<\/p>\n<p class=\"text-lg\">In der Rubrik BERGMENSCHEN lesen Sie die ber\u00fchrende Geschichte des Wiener Kunsthandwerkers und Bergsteigers Reinhold Duschka, der w\u00e4hrend des Zweiten Weltkriegs zwei j\u00fcdische Mitb\u00fcrgerinnen vier Jahre lang versteckte. Daneben werden die neuseel\u00e4ndische Profialpinistin Mayan Smith-Gobat und die Bergf\u00fchrerlegende Peter Habeler aus dem Zillertal portr\u00e4tiert.<\/p>\n<p class=\"text-lg\">In den Zillertaler Alpen leisten einheimische \u201eStuansucher\u201d (Mineraliensammler) zusammen mit Geologen seit Jahrhunderten gemeinsame Forschungsarbeit. Dar\u00fcber berichtet die Rubrik BERGWISSEN. Au\u00dferdem geht es um nat\u00fcrliche Umweltgifte im Hochgebirge sowie den ober\u00f6sterreichischen Nationalpark Kalkalpen.<\/p>\n<p class=\"text-lg\">Mehr Bergwissen vermittelt \u00fcbrigens auch die besondere Kartenbeilage, die\u00a0dem diesj\u00e4hrigen Jahrbuch beiliegt: Es handelt sich um die historische Alpenvereinskarte Zillertaler Alpen West von 1930, erg\u00e4nzt durch die Gletscherst\u00e4nde f\u00fcr die aktuelle Neubearbeitung des Blatts und weitere Informationen zum Klimawandel in den Alpen &#8211; ein einzigartiges Zeitdokument!<\/p>\n<p class=\"text-lg\">Um Malerei, Fotografie und Soziale Medien geht es schlie\u00dflich in der Rubrik BERGKULTUR &#8211; denn die Medien, derer man sich bedient, um der Faszination f\u00fcr das Gebirge Ausdruck zu verleihen, haben sich gewandelt. Vorgestellt wird au\u00dferdem ein spannendes Projekt der Technischen Universit\u00e4t Dortmund, das aufgelassene Skigebiete, ihre \u00c4sthetik und Wahrnehmung untersucht und einen Begriff in die Alpen bringt, den man bisher aus dem Ruhrgebiet kannte: Industriekultur.<\/p>\n<p class=\"text-lg\">Alpinistische Ziele in der Antarktis und die Geschichte der Frauenexpeditionen im Himalaya sind Themen der Rubrik BERGSTEIGEN. Doch welche Zukunft haben Reisen zu den \u201eBergen der Welt\u201d in Zeiten des Klimawandels eigentlich? Ist es nicht besser, zu Hause zu bleiben? Besuchen mehr Menschen die Alpen, steigt dort der Druck. Dringend n\u00f6tig sind darum neue Formen der Mobilit\u00e4t, f\u00fcr die Andi Dick pl\u00e4diert, sowie Ma\u00dfnahmen zur Besucherlenkung, von denen beispielhaft aus den Ammergauer Alpen berichtet wird.<\/p>\n<p>256 Seiten, Hardcover; Format<b>: <\/b>21 x 26 cm (L x B)<\/p>","protected":false},"excerpt":{"rendered":"<p>Das Alpenvereinsjahrbuch BERG bildet mit \u00fcberzeugender Themenvielfalt, herausragender inhaltlicher und optischer Qualit\u00e4t sowie ausgezeichnetem Preis-Leistungs-Verh\u00e4ltnis seit Jahren ein Must-have im Bergbuchbereich. 3905 Meter: Nirgendwo in den Arbeitsgebieten des Alpenvereins geht es h\u00f6her hinauf als am Ortler. BERG 2022 widmet dem gewaltigen Berg \u00fcber dem S\u00fcdtiroler Vinschgau in BERGWELTEN das Gebietsthema. Schon die Geologie des Giganten [&#8230;]\n","protected":false},"featured_media":159058,"template":"","meta":[],"product_brand":[],"product_cat":[21542],"product_tag":[],"class_list":{"0":"post-159054","1":"product","2":"type-product","3":"status-publish","4":"has-post-thumbnail","6":"product_cat-sachbuecher-dokumentationen","7":"pa_autor-koehler-klemmer","8":"pa_erscheinungsjahr-25440","9":"pa_region-deutschland","10":"pa_sprache-de","12":"first","13":"instock","14":"taxable","15":"shipping-taxable","16":"purchasable","17":"product-type-simple"},"_links":{"self":[{"href":"https:\/\/pizbube.ch\/en\/wp-json\/wp\/v2\/product\/159054","targetHints":{"allow":["GET"]}}],"collection":[{"href":"https:\/\/pizbube.ch\/en\/wp-json\/wp\/v2\/product"}],"about":[{"href":"https:\/\/pizbube.ch\/en\/wp-json\/wp\/v2\/types\/product"}],"wp:featuredmedia":[{"embeddable":true,"href":"https:\/\/pizbube.ch\/en\/wp-json\/wp\/v2\/media\/159058"}],"wp:attachment":[{"href":"https:\/\/pizbube.ch\/en\/wp-json\/wp\/v2\/media?parent=159054"}],"wp:term":[{"taxonomy":"product_brand","embeddable":true,"href":"https:\/\/pizbube.ch\/en\/wp-json\/wp\/v2\/product_brand?post=159054"},{"taxonomy":"product_cat","embeddable":true,"href":"https:\/\/pizbube.ch\/en\/wp-json\/wp\/v2\/product_cat?post=159054"},{"taxonomy":"product_tag","embeddable":true,"href":"https:\/\/pizbube.ch\/en\/wp-json\/wp\/v2\/product_tag?post=159054"}],"curies":[{"name":"wp","href":"https:\/\/api.w.org\/{rel}","templated":true}]}}