{"id":159070,"date":"2021-10-06T08:57:14","date_gmt":"2021-10-06T06:57:14","guid":{"rendered":"https:\/\/pizbube.ch\/?post_type=product&#038;p=159070"},"modified":"2023-08-31T11:42:16","modified_gmt":"2023-08-31T09:42:16","slug":"costa-brava-vom-cap-de-creus-bis-montserrat-66-touren","status":"publish","type":"product","link":"https:\/\/pizbube.ch\/en\/shop\/costa-brava-vom-cap-de-creus-bis-montserrat-66-touren\/","title":{"rendered":"Costa Brava &#8211; Vom Cap de Creus bis Montserrat, 66 Touren"},"content":{"rendered":"<p>Kilometerlange Steilk\u00fcsten, bizarr geformte Berge und einsame Buchten mit glasklarem Wasser \u2013 die Costa Brava ist die \u00bbwilde K\u00fcste\u00ab Spaniens. In bequemer Reichweite zur Kulturmetropole Barcelona findet sich hier eine einzigartige landschaftliche Vielfalt, die zu herrlichen Wanderungen regelrecht einl\u00e4dt. Der Rother Wanderf\u00fchrer \u00bbCosta Brava\u00ab stellt 67 ausgew\u00e4hlte Wanderungen im Nordosten Kataloniens vor.<\/p>\n<p>\u00dcberwiegend handelt es sich um Halbtagestouren, sodass sich im Urlaub die Erkundung der Natur, Landschaft und Kultur ideal verbinden l\u00e4sst, aber auch Strandbesuche nicht zu kurz kommen. Die meisten Wanderungen sind leicht bis mittelschwer, doch es finden sich auch einige herausfordernde Gipfeltouren. Die Wanderwege verlaufen an der Felsk\u00fcste, auf Klippen hoch \u00fcber dem Meer und hinunter zu einsamen Steilbuchten. Im Landesinneren bieten sich von felsigen Gipfeln und gr\u00fcnen Vulkankegeln sagenhafte Ausblicke.<\/p>\n<p>Jede Tour wird mit allen wichtigen Informationen vorgestellt: genaue Wegbeschreibungen, Kartenausschnitte mit eingezeichnetem Routenverlauf und aussagekr\u00e4ftige H\u00f6henprofile sind ideal zur Vorbereitung und Orientierung unterwegs. Auch Kombinationsm\u00f6glichkeiten von Touren sind angegeben. Nat\u00fcrlich gibt es zahlreiche Tipps zu Sehensw\u00fcrdigkeiten und Einkehrm\u00f6glichkeiten. GPS-Daten stehen zum Download bereit. Viele Bilder wecken die Vorfreude auf den Wanderurlaub an der Costa Brava. Roger B\u00fcdeler ist ein hervorragender Kenner von Spaniens Norden und Autor zahlreicher Wanderf\u00fchrer.<\/p>\n<p>4. Auflage 2021<br \/>\n216 Seiten mit 156 Farbabbildungen<br \/>\n67 H\u00f6henprofile, 67 Wanderk\u00e4rtchen im Ma\u00dfstab 1:25.000, 1:50.000 und 1:75.000 sowie \u00dcbersichtskarten im Ma\u00dfstab 1:350.000, 1:800.000 und 1:1.300.000<br \/>\nFormat 11,5 x 16,5 cm<br \/>\nkartoniert mit Polytex-Laminierung<\/p>","protected":false},"excerpt":{"rendered":"<p><a href=\"https:\/\/pizbube.ch\/wp-content\/uploads\/2021\/10\/costa_brava_inhalt.pdf\" target=\"_blank\" rel=\"noopener\"><strong>costa_brava_inhalt<\/strong><\/a><\/p>","protected":false},"featured_media":159071,"template":"","meta":[],"product_brand":[],"product_cat":[21539],"product_tag":[],"class_list":{"0":"post-159070","1":"product","2":"type-product","3":"status-publish","4":"has-post-thumbnail","6":"product_cat-fuehrerliteratur-sportklettern-bouldern","7":"pa_autor-buedeler","8":"pa_region-spanien","9":"pa_sprache-de","11":"first","12":"instock","13":"taxable","14":"shipping-taxable","15":"purchasable","16":"product-type-simple"},"_links":{"self":[{"href":"https:\/\/pizbube.ch\/en\/wp-json\/wp\/v2\/product\/159070","targetHints":{"allow":["GET"]}}],"collection":[{"href":"https:\/\/pizbube.ch\/en\/wp-json\/wp\/v2\/product"}],"about":[{"href":"https:\/\/pizbube.ch\/en\/wp-json\/wp\/v2\/types\/product"}],"wp:featuredmedia":[{"embeddable":true,"href":"https:\/\/pizbube.ch\/en\/wp-json\/wp\/v2\/media\/159071"}],"wp:attachment":[{"href":"https:\/\/pizbube.ch\/en\/wp-json\/wp\/v2\/media?parent=159070"}],"wp:term":[{"taxonomy":"product_brand","embeddable":true,"href":"https:\/\/pizbube.ch\/en\/wp-json\/wp\/v2\/product_brand?post=159070"},{"taxonomy":"product_cat","embeddable":true,"href":"https:\/\/pizbube.ch\/en\/wp-json\/wp\/v2\/product_cat?post=159070"},{"taxonomy":"product_tag","embeddable":true,"href":"https:\/\/pizbube.ch\/en\/wp-json\/wp\/v2\/product_tag?post=159070"}],"curies":[{"name":"wp","href":"https:\/\/api.w.org\/{rel}","templated":true}]}}