{"id":159134,"date":"2021-10-09T09:53:04","date_gmt":"2021-10-09T07:53:04","guid":{"rendered":"https:\/\/pizbube.ch\/?post_type=product&#038;p=159134"},"modified":"2024-04-02T11:49:23","modified_gmt":"2024-04-02T09:49:23","slug":"bergland-roman","status":"publish","type":"product","link":"https:\/\/pizbube.ch\/en\/shop\/bergland-roman\/","title":{"rendered":"Bergland (Roman)"},"content":{"rendered":"<p>Die bewegende Geschichte einer Bergbauernfamilie in den Alpen \u00fcber drei Generationen.<\/p>\n<p>S\u00fcdtirol in den vierziger Jahren: Im abgelegenen Tiefenthal staunen selbst gestandene Bauern, als ihnen eine junge Frau vormacht, wie man einen Hof ganz alleine durchbringt.<br \/>\nRosa hei\u00dft die Frau, die die Natur versteht und lenkt, als habe sie nie etwas anderes getan. Mit aller Macht stemmt sie sich gegen den Fortschritt, der ihr kleines Reich in den Bergen bedroht.<br \/>\nZwei Generationen sp\u00e4ter sind Rosas Enkel Hannes und seine Frau Franziska auf Ferieng\u00e4ste angewiesen, um den Hof zu halten. Als nach einem Ungl\u00fcck ihre Zukunft auf dem Spiel steht, erweist sich Rosas Verm\u00e4chtnis als aktueller denn je.<\/p>\n<p>Erz\u00e4hlt wird die bewegende Geschichte einer Bauernfamilie \u00fcber vier Generationen: vom \u00dcberleben nach dem Zweiten Weltkrieg bis zum \u00dcberleben im Zeitalter der mechanisierten Landwirtschaft und des scheinbar rustikalen Hoftourimus. Die Hauptfiguren sind Rosa und Franziska, die versuchen, mit der Natur und nicht gegen die Zeit zu gehen, die zu scheitern drohen auf diesem absch\u00fcssigen Hof hoch oben in den Bergen, und die es doch schaffen zu bleiben. Jarka Kubsova erz\u00e4hlt diese Geschichte aus den Bergen nicht linear, sondern kunstvoll verteilt auf verschiedenen Zeitebenen, so dass sich nach und nach ein Rundum-Panorama alpin-agrokultureller Bed\u00fcrfnisse und Zw\u00e4nge sowie touristischer Sehns\u00fcchte und Ern\u00fcchterungen ergibt.<\/p>\n<p>Taschenbuchausgabe, 288 Seiten, 23 s\/w Abbildungen<br \/>\n5. Auflage 2023<\/p>","protected":false},"excerpt":{"rendered":"<p>Die bewegende Geschichte einer Bergbauernfamilie in den Alpen \u00fcber drei Generationen. S\u00fcdtirol in den vierziger Jahren: Im abgelegenen Tiefenthal staunen selbst gestandene Bauern, als ihnen eine junge Frau vormacht, wie man einen Hof ganz alleine durchbringt. Rosa hei\u00dft die Frau, die die Natur versteht und lenkt, als habe sie nie etwas anderes getan. Mit aller [&#8230;]\n","protected":false},"featured_media":159135,"template":"","meta":[],"product_brand":[],"product_cat":[21629],"product_tag":[],"class_list":{"0":"post-159134","1":"product","2":"type-product","3":"status-publish","4":"has-post-thumbnail","6":"product_cat-belletristik","7":"pa_autor-kubsova","8":"pa_erscheinungsjahr-27129","9":"pa_region-italien","10":"pa_sprache-de","12":"first","13":"instock","14":"taxable","15":"shipping-taxable","16":"purchasable","17":"product-type-simple"},"_links":{"self":[{"href":"https:\/\/pizbube.ch\/en\/wp-json\/wp\/v2\/product\/159134","targetHints":{"allow":["GET"]}}],"collection":[{"href":"https:\/\/pizbube.ch\/en\/wp-json\/wp\/v2\/product"}],"about":[{"href":"https:\/\/pizbube.ch\/en\/wp-json\/wp\/v2\/types\/product"}],"wp:featuredmedia":[{"embeddable":true,"href":"https:\/\/pizbube.ch\/en\/wp-json\/wp\/v2\/media\/159135"}],"wp:attachment":[{"href":"https:\/\/pizbube.ch\/en\/wp-json\/wp\/v2\/media?parent=159134"}],"wp:term":[{"taxonomy":"product_brand","embeddable":true,"href":"https:\/\/pizbube.ch\/en\/wp-json\/wp\/v2\/product_brand?post=159134"},{"taxonomy":"product_cat","embeddable":true,"href":"https:\/\/pizbube.ch\/en\/wp-json\/wp\/v2\/product_cat?post=159134"},{"taxonomy":"product_tag","embeddable":true,"href":"https:\/\/pizbube.ch\/en\/wp-json\/wp\/v2\/product_tag?post=159134"}],"curies":[{"name":"wp","href":"https:\/\/api.w.org\/{rel}","templated":true}]}}