{"id":159137,"date":"2021-10-09T10:23:11","date_gmt":"2021-10-09T08:23:11","guid":{"rendered":"https:\/\/pizbube.ch\/?post_type=product&#038;p=159137"},"modified":"2021-10-09T10:23:11","modified_gmt":"2021-10-09T08:23:11","slug":"das-glueck-des-wolfes-roman","status":"publish","type":"product","link":"https:\/\/pizbube.ch\/en\/shop\/das-glueck-des-wolfes-roman\/","title":{"rendered":"Das Gl\u00fcck des Wolfes (Roman)"},"content":{"rendered":"<p><span class=\"value\">Vom Suchen der Stille und dem Finden der Liebe<\/span><\/p>\n<p>Silvia, 27 Jahre alt und Gehilfin im Rifugio Quintino Sella grad unterhalb des Felikhorns, und Fausto, 40 Jahre alt und vor\u00fcbergehend als Koch t\u00e4tig, zuerst im Dorfrestaurant von Fontana Fredda, wo im Winter ein kleines Skigebiet Arbeit bringt, im Sommer bei den Holzarbeitern, welche die von einem Sturm besch\u00e4digten L\u00e4rchen und Tannen f\u00fcr den Verkauf bereit machen. Zwei sympathische Personen auf der Suche nach sich selbst, nach einem Gegen\u00fcber, nach den Bergen, nach Einkommen auch. Sie finden sich, sie lieben sich, aber bleiben sie auch zusammen?<\/p>\n<p><span class=\"value\">Fausto und Silvia begegnen sich das erste Mal im Bergdorf Fontana Fredda. Gemeinsam erleben sie, wie der Winter sich \u00fcber den kleinen Ort und seine Anwohner legt. W\u00e4hrend Fausto die Stille fernab der Stadt genie\u00dft, ist Silvias Blick immer auf den h\u00f6chsten Gipfel, den n\u00e4chsten Gletscher gerichtet. Trotzdem sind sie einander nah und gl\u00fccklich wie nie zuvor. Bis Fausto eines Tages beschlie\u00dft, die Berge und damit auch Silvia hinter sich zu lassen. Doch zur\u00fcck in der Stadt kreisen Faustos Gedanken noch immer um Silvia; um das Leben, das er sich so dringlich w\u00fcnscht &#8230;<\/span><\/p>\n<p>Nach seinem internationalen Weltbestseller \u00bbAcht Berge\u00ab kehrt Paolo Cognetti zur\u00fcck in die atemberaubende Hochgebirgswelt Italiens. Er nimmt uns mit auf eine Reise zu den h\u00f6chsten Gletschern und konfrontiert uns mit den essentiellen Fragen unseres Lebens. Wer m\u00f6chten wir sein? Wo geh\u00f6ren wir hin? Eine poetische Liebesgeschichte \u00fcber das, was uns einander n\u00e4herbringt.<\/p>\n<p>Hardcover mit Schutzumschlag, 208 Seiten, 12,5 x 20,0 cm<\/p>","protected":false},"excerpt":{"rendered":"<p>Vom Suchen der Stille und dem Finden der Liebe Silvia, 27 Jahre alt und Gehilfin im Rifugio Quintino Sella grad unterhalb des Felikhorns, und Fausto, 40 Jahre alt und vor\u00fcbergehend als Koch t\u00e4tig, zuerst im Dorfrestaurant von Fontana Fredda, wo im Winter ein kleines Skigebiet Arbeit bringt, im Sommer bei den Holzarbeitern, welche die von [&#8230;]\n","protected":false},"featured_media":159138,"template":"","meta":[],"product_brand":[],"product_cat":[21629],"product_tag":[],"class_list":{"0":"post-159137","1":"product","2":"type-product","3":"status-publish","4":"has-post-thumbnail","6":"product_cat-belletristik","7":"pa_autor-cognetti","8":"pa_erscheinungsjahr-25440","9":"pa_region-italien","10":"pa_sprache-de","12":"first","13":"instock","14":"taxable","15":"shipping-taxable","16":"purchasable","17":"product-type-simple"},"_links":{"self":[{"href":"https:\/\/pizbube.ch\/en\/wp-json\/wp\/v2\/product\/159137","targetHints":{"allow":["GET"]}}],"collection":[{"href":"https:\/\/pizbube.ch\/en\/wp-json\/wp\/v2\/product"}],"about":[{"href":"https:\/\/pizbube.ch\/en\/wp-json\/wp\/v2\/types\/product"}],"wp:featuredmedia":[{"embeddable":true,"href":"https:\/\/pizbube.ch\/en\/wp-json\/wp\/v2\/media\/159138"}],"wp:attachment":[{"href":"https:\/\/pizbube.ch\/en\/wp-json\/wp\/v2\/media?parent=159137"}],"wp:term":[{"taxonomy":"product_brand","embeddable":true,"href":"https:\/\/pizbube.ch\/en\/wp-json\/wp\/v2\/product_brand?post=159137"},{"taxonomy":"product_cat","embeddable":true,"href":"https:\/\/pizbube.ch\/en\/wp-json\/wp\/v2\/product_cat?post=159137"},{"taxonomy":"product_tag","embeddable":true,"href":"https:\/\/pizbube.ch\/en\/wp-json\/wp\/v2\/product_tag?post=159137"}],"curies":[{"name":"wp","href":"https:\/\/api.w.org\/{rel}","templated":true}]}}