{"id":159154,"date":"2021-10-12T11:16:41","date_gmt":"2021-10-12T09:16:41","guid":{"rendered":"https:\/\/pizbube.ch\/?post_type=product&#038;p=159154"},"modified":"2025-12-31T09:59:17","modified_gmt":"2025-12-31T08:59:17","slug":"sicily-multipitchclimbing-around-palermo","status":"publish","type":"product","link":"https:\/\/pizbube.ch\/en\/shop\/sicily-multipitchclimbing-around-palermo\/","title":{"rendered":"Sicily &#8211; Multipitchclimbing around Palermo"},"content":{"rendered":"<div id=\"product-description-short-1451\">\n<p>Mehrseill\u00e4ngenrouten Sicily (Sizilien) &#8211; Kletterf\u00fchrer zu den Mehrseill\u00e4ngen am Monte Gallo bei Palermo<\/p>\n<div id=\"description\" class=\"tab-pane fade active show\" role=\"tabpanel\">\n<div class=\"product-description\">Sizilien hat in den letzten Jahren einen wahren Kletterboom erlebt. Immer mehr Routen und Boulder sind entstanden und locken die internationale Kletterszene in den S\u00fcden Italiens.<br \/>\nAm Monte Gallo, einem Massiv beim gleichnamigen Kap das durch mehrere Gipfeln gepr\u00e4gt ist, sind in letzter Zeit besonders sch\u00f6ne und lange alpine Mehrseill\u00e4ngenrouten entstanden. Die Routen zeichnen sich durch L\u00e4ngen von 100-300 m H\u00f6he aus und liegen in den Schwierigkeitsgraden 5b bis 6c (mit Schwerpunkt 6a).<\/div>\n<div><\/div>\n<div class=\"product-description\">\n<p>Eingerichtet wurden sie von Heinz Grill, Florian Kluckner sowie deren Freundeskreis. Das ist das Team, welches auch die besonders sch\u00f6nen Routen rund um Arco begangen hat.Der F\u00fchrer gibt ausf\u00fchrliche Informationen zu den Routen am Monte Gallo. Fotos vermitteln einen Eindruck von der Kletterei und Informationen zu den Erstbegehern die dem Kletterinfos vorangestellt sind, zeugen von der Hochachtung gegen\u00fcber den Erschlie\u00dfern und zeigen deren geistige Haltung gegen\u00fcber ihren Erschlie\u00dfungen auf.<\/p>\n<p>Format: 130 x 210 mm;<br \/>\n136 Seiten<\/p>\n<\/div>\n<\/div>\n<\/div>","protected":false},"excerpt":{"rendered":"<p>Mehrseill\u00e4ngenrouten Sicily (Sizilien) &#8211; Kletterf\u00fchrer zu den Mehrseill\u00e4ngen am Monte Gallo bei Palermo Sizilien hat in den letzten Jahren einen wahren Kletterboom erlebt. Immer mehr Routen und Boulder sind entstanden und locken die internationale Kletterszene in den S\u00fcden Italiens. Am Monte Gallo, einem Massiv beim gleichnamigen Kap das durch mehrere Gipfeln gepr\u00e4gt ist, sind in [&#8230;]\n","protected":false},"featured_media":159155,"template":"","meta":[],"product_brand":[],"product_cat":[21539],"product_tag":[26968,26833],"class_list":{"0":"post-159154","1":"product","2":"type-product","3":"status-publish","4":"has-post-thumbnail","6":"product_cat-fuehrerliteratur-sportklettern-bouldern","7":"product_tag-mehrseillaengenfuehrer-sizilien","8":"product_tag-sizilien","9":"pa_autor-friedl","10":"pa_erscheinungsjahr-25440","11":"pa_region-italien","12":"pa_sprache-de-en-it","14":"first","15":"onbackorder","16":"taxable","17":"shipping-taxable","18":"purchasable","19":"product-type-simple"},"_links":{"self":[{"href":"https:\/\/pizbube.ch\/en\/wp-json\/wp\/v2\/product\/159154","targetHints":{"allow":["GET"]}}],"collection":[{"href":"https:\/\/pizbube.ch\/en\/wp-json\/wp\/v2\/product"}],"about":[{"href":"https:\/\/pizbube.ch\/en\/wp-json\/wp\/v2\/types\/product"}],"wp:featuredmedia":[{"embeddable":true,"href":"https:\/\/pizbube.ch\/en\/wp-json\/wp\/v2\/media\/159155"}],"wp:attachment":[{"href":"https:\/\/pizbube.ch\/en\/wp-json\/wp\/v2\/media?parent=159154"}],"wp:term":[{"taxonomy":"product_brand","embeddable":true,"href":"https:\/\/pizbube.ch\/en\/wp-json\/wp\/v2\/product_brand?post=159154"},{"taxonomy":"product_cat","embeddable":true,"href":"https:\/\/pizbube.ch\/en\/wp-json\/wp\/v2\/product_cat?post=159154"},{"taxonomy":"product_tag","embeddable":true,"href":"https:\/\/pizbube.ch\/en\/wp-json\/wp\/v2\/product_tag?post=159154"}],"curies":[{"name":"wp","href":"https:\/\/api.w.org\/{rel}","templated":true}]}}