{"id":159176,"date":"2021-10-13T09:26:33","date_gmt":"2021-10-13T07:26:33","guid":{"rendered":"https:\/\/pizbube.ch\/?post_type=product&#038;p=159176"},"modified":"2023-07-11T18:11:30","modified_gmt":"2023-07-11T16:11:30","slug":"26malschweiz","status":"publish","type":"product","link":"https:\/\/pizbube.ch\/en\/shop\/26malschweiz\/","title":{"rendered":"26malSchweiz"},"content":{"rendered":"<div class=\"row one-col-row no-row-hoverimage row-1\">\n<div class=\"row-inner\">\n<div class=\"column-wrap\">\n<div class=\"col no-offset push-2 span-8 align-top no-parallax type-text no_100vh-carousel\" data-type=\"text\" data-yvel=\"1\">\n<div class=\"text lay-textformat-parent\">\n<p class=\"_Titel\">Auf Entdeckungsreise durch die Kantone<\/p>\n<p><span lang=\"DE\">Ein sch\u00f6nes fadengebundenes Buch mit 26 kurzen Portr\u00e4ts \u00fcber die Schweizer Kantone \u2013 mit viel Wissenswertem, Charakteristischem und Sonderbarem. 300 Seiten stark und reich bebildert mit \u00fcber 200 Fotos und Kantonswappen.<\/span><\/p>\n<p>Von A wie Aargau bis Z wie Zug \u2013 mit Zwischenhalten unterwegs, bei Gl\u00fchw\u00fcrmchen im Waldfriedhof, unter einem \u00abBroken Chair\u00bb, vor einem \u00abHoosesaggmuseum\u00bb oder auf Bergen mit Kamelen.<\/p>\n<p>Wussten Sie, dass in mehr als zehn Kantonen der Schweiz universelle Sch\u00e4tze des UNESCO-Welterbes zu finden sind? Dass der Dalai Lama im Wallis einen winzigen Rebberg besitzt? Und in Genf einzig und allein ein bestimmter Kastanienbaum massgebend ist, wann der offizielle Fr\u00fchling beginnt? Haben Sie den Ausdruck \u00abWulcheschaalter\u00bb schon geh\u00f6rt?<\/p>\n<p>Als Schweizer hatte ich das Gef\u00fchl, mein Land gut zu kennen. Und doch traf ich auf privaten und beruflichen Reisen in die verschiedenen Kantone immer wieder auf Unbekanntes. Mal f\u00fcr Mal wurde ich von meinem eigenen Land \u00fcberrascht. Diese Vielfalt der Schweiz beeindruckt mich.<\/p>\n<p>Darum ging ich auf die Suche nach einem Buch, das diese Vielfalt abbildet. Und ob Sie es glauben oder nicht: Ein Buch \u00fcber Besonderheiten eines jeden Kantons \u2013 bebildert und pr\u00e4gnant zusammengefasst \u2013 habe ich nicht gefunden.<\/p>\n<p>In 26 kurzen Kantonsportraits m\u00f6chte ich deshalb den Reichtum der Schweiz zeigen, gespickt mit geschichtlichen Ereignissen, Bekannterem und Unbekannterem sowie wirtschaftlichen, politischen und kulturellen Besonderheiten.<\/p>\n<div class=\"biblioBinding\"><span class=\"value\">Fester Einband, <\/span><span class=\"value\">300 Seiten<\/span><\/div>\n<div class=\"biblioDimensions\"><span class=\"value\">Breite 150 mm, H\u00f6he 220 mm; <\/span><span class=\"value\">Reichlich bebildert<\/span><\/div>\n<\/div>\n<\/div>\n<\/div>\n<\/div>\n<\/div>","protected":false},"excerpt":{"rendered":"<p><a href=\"https:\/\/pizbube.ch\/wp-content\/uploads\/2021\/10\/26malSchweiz_Leseprobe.pdf\" target=\"_blank\" rel=\"noopener\"><strong>26malSchweiz_Leseprobe<\/strong><\/a><\/p>","protected":false},"featured_media":159177,"template":"","meta":[],"product_brand":[],"product_cat":[21542],"product_tag":[26969],"class_list":{"0":"post-159176","1":"product","2":"type-product","3":"status-publish","4":"has-post-thumbnail","6":"product_cat-sachbuecher-dokumentationen","7":"product_tag-26-mal-schweiz","8":"pa_autor-moser","9":"pa_erscheinungsjahr-25440","10":"pa_region-schweiz","11":"pa_sprache-de","13":"first","14":"outofstock","15":"taxable","16":"shipping-taxable","17":"purchasable","18":"product-type-simple"},"_links":{"self":[{"href":"https:\/\/pizbube.ch\/en\/wp-json\/wp\/v2\/product\/159176","targetHints":{"allow":["GET"]}}],"collection":[{"href":"https:\/\/pizbube.ch\/en\/wp-json\/wp\/v2\/product"}],"about":[{"href":"https:\/\/pizbube.ch\/en\/wp-json\/wp\/v2\/types\/product"}],"wp:featuredmedia":[{"embeddable":true,"href":"https:\/\/pizbube.ch\/en\/wp-json\/wp\/v2\/media\/159177"}],"wp:attachment":[{"href":"https:\/\/pizbube.ch\/en\/wp-json\/wp\/v2\/media?parent=159176"}],"wp:term":[{"taxonomy":"product_brand","embeddable":true,"href":"https:\/\/pizbube.ch\/en\/wp-json\/wp\/v2\/product_brand?post=159176"},{"taxonomy":"product_cat","embeddable":true,"href":"https:\/\/pizbube.ch\/en\/wp-json\/wp\/v2\/product_cat?post=159176"},{"taxonomy":"product_tag","embeddable":true,"href":"https:\/\/pizbube.ch\/en\/wp-json\/wp\/v2\/product_tag?post=159176"}],"curies":[{"name":"wp","href":"https:\/\/api.w.org\/{rel}","templated":true}]}}