{"id":159182,"date":"2021-10-13T09:49:11","date_gmt":"2021-10-13T07:49:11","guid":{"rendered":"https:\/\/pizbube.ch\/?post_type=product&#038;p=159182"},"modified":"2023-06-03T09:35:27","modified_gmt":"2023-06-03T07:35:27","slug":"wildtier-wanderungen-in-der-schweiz","status":"publish","type":"product","link":"https:\/\/pizbube.ch\/en\/shop\/wildtier-wanderungen-in-der-schweiz\/","title":{"rendered":"Wildtier-Wanderungen in der Schweiz"},"content":{"rendered":"<p class=\"subheadline\">Die 34 lohnendsten Touren zu Laubfrosch, Hirsch und Adler \u2022 Artenvielfalt hautnah \u2013 die Wildtiere der Schweiz auf leichten Wanderungen in ihren Lebensr\u00e4umen besuchen.<\/p>\n<p>Ausfl\u00fcge in die erlebnisreichsten Biotope f\u00fcr Jung und Alt.<br \/>\nTierbeobachtung in bunten Magerwiesen und wilden Bergwelten.<br \/>\nHintergrundinfos zu seltenen Arten und ihren Lebensr\u00e4umen.<\/p>\n<p>Wenn die V\u00f6gel um die Wette singen, wenn die Wiesen bl\u00fchen, summen, zirpen, wenn die Teiche quaken und der Ruf des Raben durch wilde Schluchten, urige Bergwelten und alte W\u00e4lder hallt \u2013 das ist Artenvielfalt. Und es gibt sie noch, die Lebensr\u00e4ume, an denen diese Vielfalt zuerleben ist. Auf 34 Wanderungen f\u00fchrt Heinz Staffelbach zu den wertvollsten Orten der Biodiversit\u00e4t und stellt die spannendsten Tiere und Pflanzen vor. Er berichtet \u00fcber Projekte, die zum Erhalt oder zur Revitalisierung der Natur beitragen, und gibt Anregungen f\u00fcr einen artenfreundlichen Lebensund Konsumstil. Dieses Buch ist eine Hommage an alte und neue Natur-Oasen in der Schweiz. Und ein Mutmacher-Buch f\u00fcr alle, die die Natur lieben und neue Wege f\u00fcr ein Miteinander von Natur und Mensch suchen. Alle Wanderungen eignen sich bestens f\u00fcr Familien mit Kindern. Jacke anziehen, Feldstecher einpacken und raus in die Natur!<\/p>\n<p><span class=\"book_info\">1. Auflage, 2021<br \/>\nEinband: Gebunden<br \/>\nUmfang: 256 Seiten<br \/>\nGewicht: 1240 g<br \/>\nFormat: 23 cm x 28 cm<\/span><\/p>","protected":false},"excerpt":{"rendered":"<p>Die 34 lohnendsten Touren zu Laubfrosch, Hirsch und Adler \u2022 Artenvielfalt hautnah \u2013 die Wildtiere der Schweiz auf leichten Wanderungen in ihren Lebensr\u00e4umen besuchen. Ausfl\u00fcge in die erlebnisreichsten Biotope f\u00fcr Jung und Alt. Tierbeobachtung in bunten Magerwiesen und wilden Bergwelten. Hintergrundinfos zu seltenen Arten und ihren Lebensr\u00e4umen. Wenn die V\u00f6gel um die Wette singen, wenn [&#8230;]\n","protected":false},"featured_media":159183,"template":"","meta":[],"product_brand":[],"product_cat":[21605],"product_tag":[26970],"class_list":{"0":"post-159182","1":"product","2":"type-product","3":"status-publish","4":"has-post-thumbnail","6":"product_cat-wanderfuehrer-trekking","7":"product_tag-wildtierwanderungen-in-der-schweiz","8":"pa_autor-staffelbach","9":"pa_erscheinungsjahr-25440","10":"pa_region-schweiz","11":"pa_sprache-de","13":"first","14":"instock","15":"taxable","16":"shipping-taxable","17":"purchasable","18":"product-type-simple"},"_links":{"self":[{"href":"https:\/\/pizbube.ch\/en\/wp-json\/wp\/v2\/product\/159182","targetHints":{"allow":["GET"]}}],"collection":[{"href":"https:\/\/pizbube.ch\/en\/wp-json\/wp\/v2\/product"}],"about":[{"href":"https:\/\/pizbube.ch\/en\/wp-json\/wp\/v2\/types\/product"}],"wp:featuredmedia":[{"embeddable":true,"href":"https:\/\/pizbube.ch\/en\/wp-json\/wp\/v2\/media\/159183"}],"wp:attachment":[{"href":"https:\/\/pizbube.ch\/en\/wp-json\/wp\/v2\/media?parent=159182"}],"wp:term":[{"taxonomy":"product_brand","embeddable":true,"href":"https:\/\/pizbube.ch\/en\/wp-json\/wp\/v2\/product_brand?post=159182"},{"taxonomy":"product_cat","embeddable":true,"href":"https:\/\/pizbube.ch\/en\/wp-json\/wp\/v2\/product_cat?post=159182"},{"taxonomy":"product_tag","embeddable":true,"href":"https:\/\/pizbube.ch\/en\/wp-json\/wp\/v2\/product_tag?post=159182"}],"curies":[{"name":"wp","href":"https:\/\/api.w.org\/{rel}","templated":true}]}}