{"id":159212,"date":"2021-10-15T09:24:09","date_gmt":"2021-10-15T07:24:09","guid":{"rendered":"https:\/\/pizbube.ch\/?post_type=product&#038;p=159212"},"modified":"2024-05-14T16:13:36","modified_gmt":"2024-05-14T14:13:36","slug":"engiadina","status":"publish","type":"product","link":"https:\/\/pizbube.ch\/en\/shop\/engiadina\/","title":{"rendered":"Engiadina"},"content":{"rendered":"<p>Mit dem Engadin verbindet Robert B\u00f6sch eine lebenslange Beziehung als Bergsteiger und als Fotograf \u2013 zwei verschiedene Welten, die sich manchmal \u00fcberlagerten. Mit dem Buchprojekt \u00abEngiadina\u00bb hat er sich als Fotograf dieser Landschaft gen\u00e4hert \u2013 damit ist eine langj\u00e4hrige Idee nun Realit\u00e4t geworden.<\/p>\n<p>\u00abDas Engadin ist ein in Jahrtausenden aus Stein, Luft, Wasser, Eis und Licht geformtes alpines Landschafts-Klischee. Und das wollte ich mit meinen Bildern nicht zeigen. F\u00fcr mich muss Fotografie \u00fcber das hinausgehen, was ich sehe, was einfach sch\u00f6n ist, was ich auch mit dem Handy festhalten kann. Fotografieren bedeutet f\u00fcr mich, Bilder zu kreieren, die erst entstehen durch mich, durch meine Kamera, durch den von mir festgelegten Ausschnitt und Moment.\u00bb<\/p>\n<p>Der Autor nimmt uns mit auf eine fotografische Tour durchs Engadin, wie man sie noch nie gesehen hat. Dabei ist dieses Hochgebirgstal so oft fotografiert, gemalt und beschrieben worden wie kaum eine andere Landschaft in der Schweiz. Albert Steiner, Giovanni Segantini, Jakob Christoph Heer, um nur drei Namen zu nennen. Ein neues, ein anderes Engadin entsteht vor unseren Augen, ein wildes, urspr\u00fcngliches und gebirgiges. Die L\u00e4rchen im Schneefall, immer wieder aufgenommen, bis hin zu fast abstrakten Aufnahmen.<\/p>\n<p>Mit Texten von Robert B\u00f6sch und\u00a0Angelika Affentranger-Kirchrath<\/p>\n<p>Texte D\/E, 112 grossformatige Bilder, S\/W und farbig<br \/>\n38 x 27 cm, 264 Seiten<\/p>","protected":false},"excerpt":{"rendered":"<p>Mit dem Engadin verbindet Robert B\u00f6sch eine lebenslange Beziehung als Bergsteiger und als Fotograf \u2013 zwei verschiedene Welten, die sich manchmal \u00fcberlagerten. Mit dem Buchprojekt \u00abEngiadina\u00bb hat er sich als Fotograf dieser Landschaft gen\u00e4hert \u2013 damit ist eine langj\u00e4hrige Idee nun Realit\u00e4t geworden. \u00abDas Engadin ist ein in Jahrtausenden aus Stein, Luft, Wasser, Eis und [&#8230;]\n","protected":false},"featured_media":159218,"template":"","meta":[],"product_brand":[],"product_cat":[21580],"product_tag":[],"class_list":{"0":"post-159212","1":"product","2":"type-product","3":"status-publish","4":"has-post-thumbnail","6":"product_cat-kunst-kultur","7":"pa_autor-boesch","8":"pa_erscheinungsjahr-25440","9":"pa_region-schweiz","10":"pa_sprache-de-en","12":"first","13":"outofstock","14":"taxable","15":"shipping-taxable","16":"purchasable","17":"product-type-simple"},"_links":{"self":[{"href":"https:\/\/pizbube.ch\/en\/wp-json\/wp\/v2\/product\/159212","targetHints":{"allow":["GET"]}}],"collection":[{"href":"https:\/\/pizbube.ch\/en\/wp-json\/wp\/v2\/product"}],"about":[{"href":"https:\/\/pizbube.ch\/en\/wp-json\/wp\/v2\/types\/product"}],"wp:featuredmedia":[{"embeddable":true,"href":"https:\/\/pizbube.ch\/en\/wp-json\/wp\/v2\/media\/159218"}],"wp:attachment":[{"href":"https:\/\/pizbube.ch\/en\/wp-json\/wp\/v2\/media?parent=159212"}],"wp:term":[{"taxonomy":"product_brand","embeddable":true,"href":"https:\/\/pizbube.ch\/en\/wp-json\/wp\/v2\/product_brand?post=159212"},{"taxonomy":"product_cat","embeddable":true,"href":"https:\/\/pizbube.ch\/en\/wp-json\/wp\/v2\/product_cat?post=159212"},{"taxonomy":"product_tag","embeddable":true,"href":"https:\/\/pizbube.ch\/en\/wp-json\/wp\/v2\/product_tag?post=159212"}],"curies":[{"name":"wp","href":"https:\/\/api.w.org\/{rel}","templated":true}]}}