{"id":159219,"date":"2021-10-15T09:56:21","date_gmt":"2021-10-15T07:56:21","guid":{"rendered":"https:\/\/pizbube.ch\/?post_type=product&#038;p=159219"},"modified":"2026-03-26T09:59:16","modified_gmt":"2026-03-26T08:59:16","slug":"arco-sportklettern-vom-gardasse-bis-zur-brenta","status":"publish","type":"product","link":"https:\/\/pizbube.ch\/en\/shop\/arco-sportklettern-vom-gardasse-bis-zur-brenta\/","title":{"rendered":"arco &#8211; Sportklettern vom Gardasse bis zur Brenta"},"content":{"rendered":"<p>Arco, Valle del Sarca,Nago-Torbole, Val di Gresta, Valli Giudicarie, Valle di Ledro, Tenno<\/p>\n<p>Mehr als zwei Jahre lang hat Michael Meisl an der Neuauflage dieses Sportkletterf\u00fchrers gearbeitet:<br \/>\n3700 Routen, 200 Fotos auf 560 Seiten und \u00fcber 1 kg. schwer&#8230;!<\/p>\n<p><span class=\"value\">3.700 Kletterrouten &#8211; dargestellt in einem schlichten, \u00fcbersichtlichen Design, mit detaillierten Topos und Zustiegsskizzen, sowie zahlreichen zus\u00e4tzlichen Informationen rund um das Klettern in Arco und Umgebung. <\/span><\/p>\n<p><span class=\"value\">Neu in diesem Kletterf\u00fchrer:<br \/>\n&#8211; neue Klettergebiete<br \/>\n&#8211; Updates zu \u00fcber 20 Klettergebieten<br \/>\n&#8211; 150 Fotos und zahlreiche Infos rund um das Klettern am Gardasee<br \/>\n&#8211; 200 Bilder, davon 100 ganzseitig<\/span><\/p>\n<p>Paperback, 560 Seiten<br \/>\nMa\u00dfe (L\/B\/H):\u00a0 210\/160\/19 mm<br \/>\nSprache:\u00a0Deutsch<\/p>","protected":false},"excerpt":{"rendered":"<p>Arco, Valle del Sarca,Nago-Torbole, Val di Gresta, Valli Giudicarie, Valle di Ledro, Tenno Mehr als zwei Jahre lang hat Michael Meisl an der Neuauflage dieses Sportkletterf\u00fchrers gearbeitet: 3700 Routen, 200 Fotos auf 560 Seiten und \u00fcber 1 kg. schwer&#8230;! 3.700 Kletterrouten &#8211; dargestellt in einem schlichten, \u00fcbersichtlichen Design, mit detaillierten Topos und Zustiegsskizzen, sowie zahlreichen [&#8230;]\n","protected":false},"featured_media":159220,"template":"","meta":[],"product_brand":[],"product_cat":[21539],"product_tag":[],"class_list":{"0":"post-159219","1":"product","2":"type-product","3":"status-publish","4":"has-post-thumbnail","6":"product_cat-fuehrerliteratur-sportklettern-bouldern","7":"pa_autor-meisl","8":"pa_erscheinungsjahr-25440","9":"pa_region-italien","10":"pa_sprache-de","12":"first","13":"instock","14":"taxable","15":"shipping-taxable","16":"purchasable","17":"product-type-simple"},"_links":{"self":[{"href":"https:\/\/pizbube.ch\/en\/wp-json\/wp\/v2\/product\/159219","targetHints":{"allow":["GET"]}}],"collection":[{"href":"https:\/\/pizbube.ch\/en\/wp-json\/wp\/v2\/product"}],"about":[{"href":"https:\/\/pizbube.ch\/en\/wp-json\/wp\/v2\/types\/product"}],"wp:featuredmedia":[{"embeddable":true,"href":"https:\/\/pizbube.ch\/en\/wp-json\/wp\/v2\/media\/159220"}],"wp:attachment":[{"href":"https:\/\/pizbube.ch\/en\/wp-json\/wp\/v2\/media?parent=159219"}],"wp:term":[{"taxonomy":"product_brand","embeddable":true,"href":"https:\/\/pizbube.ch\/en\/wp-json\/wp\/v2\/product_brand?post=159219"},{"taxonomy":"product_cat","embeddable":true,"href":"https:\/\/pizbube.ch\/en\/wp-json\/wp\/v2\/product_cat?post=159219"},{"taxonomy":"product_tag","embeddable":true,"href":"https:\/\/pizbube.ch\/en\/wp-json\/wp\/v2\/product_tag?post=159219"}],"curies":[{"name":"wp","href":"https:\/\/api.w.org\/{rel}","templated":true}]}}