{"id":159274,"date":"2021-10-19T11:32:21","date_gmt":"2021-10-19T09:32:21","guid":{"rendered":"https:\/\/pizbube.ch\/?post_type=product&#038;p=159274"},"modified":"2021-10-19T11:32:35","modified_gmt":"2021-10-19T09:32:35","slug":"aupa-pou-una-vida-encordados","status":"publish","type":"product","link":"https:\/\/pizbube.ch\/en\/shop\/aupa-pou-una-vida-encordados\/","title":{"rendered":"A\u00fapa Pou &#8211; Una vida encordados"},"content":{"rendered":"<p>Este es un libro de aventuras. Ellos mismos lo definen as\u00ed en el pr\u00f3logo, porque su vida ha sido y es una aventura continua. Han viajado por todo el mundo, vivido incre\u00edbles experiencias y conocido a infinidad de personas extraordinarias.<\/p>\n<p>De todo eso nos hablan en este libro. Tambi\u00e9n de c\u00f3mo cambi\u00f3 su vida en el a\u00f1o 2000, cuando decidieron que su pasi\u00f3n, la monta\u00f1a, tambi\u00e9n ser\u00eda su modo de vida. En esa decisi\u00f3n tuvo mucho que ver la repetici\u00f3n por parte de Iker de Acci\u00f3n Directa y el proyecto 7 paredes 7 continentes, una aventura de cinco a\u00f1os de duraci\u00f3n en la que recorrieron el mundo mientras escalaban paredes.<\/p>\n<p>Quedan patentes cu\u00e1les son los &#171;amores&#187; de los Pou cuando hablamos de monta\u00f1as y paredes: los Pirineos, los Picos de Europa, con el Picu Urriellu como exponente, y Mallorca, cuna del psicoblock.<\/p>\n<p>Dimensiones: 18 cm x 22 cm<br \/>\nN\u00ba P\u00e1g.:272<br \/>\nIdiomas:Castellano<\/p>\n<p>2a edicion<\/p>","protected":false},"excerpt":{"rendered":"<p>Este es un libro de aventuras. Ellos mismos lo definen as\u00ed en el pr\u00f3logo, porque su vida ha sido y es una aventura continua. Han viajado por todo el mundo, vivido incre\u00edbles experiencias y conocido a infinidad de personas extraordinarias. De todo eso nos hablan en este libro. Tambi\u00e9n de c\u00f3mo cambi\u00f3 su vida en [&#8230;]\n","protected":false},"featured_media":159275,"template":"","meta":[],"product_brand":[],"product_cat":[21542],"product_tag":[],"class_list":{"0":"post-159274","1":"product","2":"type-product","3":"status-publish","4":"has-post-thumbnail","6":"product_cat-sachbuecher-dokumentationen","7":"pa_autor-pou","8":"pa_erscheinungsjahr-25440","9":"pa_region-spanien","10":"pa_sprache-es","12":"first","13":"instock","14":"taxable","15":"shipping-taxable","16":"purchasable","17":"product-type-simple"},"_links":{"self":[{"href":"https:\/\/pizbube.ch\/en\/wp-json\/wp\/v2\/product\/159274","targetHints":{"allow":["GET"]}}],"collection":[{"href":"https:\/\/pizbube.ch\/en\/wp-json\/wp\/v2\/product"}],"about":[{"href":"https:\/\/pizbube.ch\/en\/wp-json\/wp\/v2\/types\/product"}],"wp:featuredmedia":[{"embeddable":true,"href":"https:\/\/pizbube.ch\/en\/wp-json\/wp\/v2\/media\/159275"}],"wp:attachment":[{"href":"https:\/\/pizbube.ch\/en\/wp-json\/wp\/v2\/media?parent=159274"}],"wp:term":[{"taxonomy":"product_brand","embeddable":true,"href":"https:\/\/pizbube.ch\/en\/wp-json\/wp\/v2\/product_brand?post=159274"},{"taxonomy":"product_cat","embeddable":true,"href":"https:\/\/pizbube.ch\/en\/wp-json\/wp\/v2\/product_cat?post=159274"},{"taxonomy":"product_tag","embeddable":true,"href":"https:\/\/pizbube.ch\/en\/wp-json\/wp\/v2\/product_tag?post=159274"}],"curies":[{"name":"wp","href":"https:\/\/api.w.org\/{rel}","templated":true}]}}