{"id":159278,"date":"2021-10-19T11:48:54","date_gmt":"2021-10-19T09:48:54","guid":{"rendered":"https:\/\/pizbube.ch\/?post_type=product&#038;p=159278"},"modified":"2021-12-11T11:35:45","modified_gmt":"2021-12-11T10:35:45","slug":"cabrales-guia-de-escalada-de-aventura","status":"publish","type":"product","link":"https:\/\/pizbube.ch\/en\/shop\/cabrales-guia-de-escalada-de-aventura\/","title":{"rendered":"Cabrales &#8211; Gu\u00eda de escalada de aventura"},"content":{"rendered":"<p>Desfiladeros del Cares y Duje &#8211; Parque Nacional de los Picos de Europa<\/p>\n<p>El concejo asturiano de Cabrales, en el coraz\u00f3n del Parque Nacional de los Picos de<br \/>\nEuropa, atesora entre sus pa\u00f1os de pared caliza un gran n\u00famero de v\u00edas de escalada de<br \/>\naventura de gran calidad, principalmente en los desfiladeros del Cares y el Duje.<\/p>\n<p>Esta gu\u00eda te presenta todos los sectores de la zona, entre los que se incluye el que quiz\u00e1s<br \/>\nsea el mejor sector de v\u00edas de varios largos de toda la Cordillera Cant\u00e1brica: la Pe\u00f1e<br \/>\nFresnidiellu, en las cercan\u00edas de Sotres.<\/p>\n<p>En total, m\u00e1s de 80 v\u00edas, con detallada informaci\u00f3n y croquis de cada una de ellas, donde podr\u00e1s disfrutar de la aut\u00e9ntica<br \/>\nesencia de la escalada.<\/p>\n<p>Dimensiones: 14 cm x 21 cm<br \/>\nN\u00ba P\u00e1g.:208<br \/>\nIdiomas:Castellano<\/p>","protected":false},"excerpt":{"rendered":"<p>Desfiladeros del Cares y Duje &#8211; Parque Nacional de los Picos de Europa El concejo asturiano de Cabrales, en el coraz\u00f3n del Parque Nacional de los Picos de Europa, atesora entre sus pa\u00f1os de pared caliza un gran n\u00famero de v\u00edas de escalada de aventura de gran calidad, principalmente en los desfiladeros del Cares y [&#8230;]\n","protected":false},"featured_media":159279,"template":"","meta":[],"product_brand":[],"product_cat":[21539],"product_tag":[],"class_list":{"0":"post-159278","1":"product","2":"type-product","3":"status-publish","4":"has-post-thumbnail","6":"product_cat-fuehrerliteratur-sportklettern-bouldern","7":"pa_autor-sanchez","8":"pa_erscheinungsjahr-25440","9":"pa_region-spanien","10":"pa_sprache-es","12":"first","13":"instock","14":"taxable","15":"shipping-taxable","16":"purchasable","17":"product-type-simple"},"_links":{"self":[{"href":"https:\/\/pizbube.ch\/en\/wp-json\/wp\/v2\/product\/159278","targetHints":{"allow":["GET"]}}],"collection":[{"href":"https:\/\/pizbube.ch\/en\/wp-json\/wp\/v2\/product"}],"about":[{"href":"https:\/\/pizbube.ch\/en\/wp-json\/wp\/v2\/types\/product"}],"wp:featuredmedia":[{"embeddable":true,"href":"https:\/\/pizbube.ch\/en\/wp-json\/wp\/v2\/media\/159279"}],"wp:attachment":[{"href":"https:\/\/pizbube.ch\/en\/wp-json\/wp\/v2\/media?parent=159278"}],"wp:term":[{"taxonomy":"product_brand","embeddable":true,"href":"https:\/\/pizbube.ch\/en\/wp-json\/wp\/v2\/product_brand?post=159278"},{"taxonomy":"product_cat","embeddable":true,"href":"https:\/\/pizbube.ch\/en\/wp-json\/wp\/v2\/product_cat?post=159278"},{"taxonomy":"product_tag","embeddable":true,"href":"https:\/\/pizbube.ch\/en\/wp-json\/wp\/v2\/product_tag?post=159278"}],"curies":[{"name":"wp","href":"https:\/\/api.w.org\/{rel}","templated":true}]}}