{"id":159286,"date":"2021-10-19T16:23:46","date_gmt":"2021-10-19T14:23:46","guid":{"rendered":"https:\/\/pizbube.ch\/?post_type=product&#038;p=159286"},"modified":"2021-10-19T17:00:07","modified_gmt":"2021-10-19T15:00:07","slug":"unsere-alpen-ein-einzigartiges-paradies-und-wie-wir-es-erhalten-koennen","status":"publish","type":"product","link":"https:\/\/pizbube.ch\/en\/shop\/unsere-alpen-ein-einzigartiges-paradies-und-wie-wir-es-erhalten-koennen\/","title":{"rendered":"Unsere Alpen &#8211; Ein einzigartiges Paradies und wie wir es erhalten k\u00f6nnen"},"content":{"rendered":"<p>Felix Neureuther, Weltklasse-Skirennl\u00e4ufer und international anerkannter Publikumsliebling, widmet sich seinem Herzensthema: Nachhaltigkeit in den Alpen. Was Wenige wissen: Die Neureuthers sind seit Generationen Botschafter der Berge: als Wissenschaftler, Expeditionsreisende, Maler, Skil\u00e4ufer und Vision\u00e4re.<\/p>\n<p>In diesem Geist erz\u00e4hlt Neureuther von seinen Lieblingstouren in die Welt der Gipfel, Gletscher, Bergseen und Wasserf\u00e4lle und gibt emotionale Einblicke in eine sch\u00fctzenswerte Tier- und Pflanzenwelt. Er schaut zur\u00fcck zu den Pionieren der Alpen und zugleich nach vorn zu heutigen \u00bbHelden unserer Berge\u00ab \u2013 Natursch\u00fctzern, die an L\u00f6sungen f\u00fcr die Zukunft arbeiten, um den Lebensraum Alpen, wie wir ihn kennen, f\u00fcr unsere Kinder zu bewahren.<\/p>\n<p>192 Seiten, Folienpr\u00e4gung<br \/>\nca. 220 Abbildungen<br \/>\nFormat 26,8 x 28,9 cm, Hardcover<\/p>","protected":false},"excerpt":{"rendered":"<p>Felix Neureuther, Weltklasse-Skirennl\u00e4ufer und international anerkannter Publikumsliebling, widmet sich seinem Herzensthema: Nachhaltigkeit in den Alpen. Was Wenige wissen: Die Neureuthers sind seit Generationen Botschafter der Berge: als Wissenschaftler, Expeditionsreisende, Maler, Skil\u00e4ufer und Vision\u00e4re. In diesem Geist erz\u00e4hlt Neureuther von seinen Lieblingstouren in die Welt der Gipfel, Gletscher, Bergseen und Wasserf\u00e4lle und gibt emotionale Einblicke in [&#8230;]\n","protected":false},"featured_media":159287,"template":"","meta":[],"product_brand":[],"product_cat":[21542],"product_tag":[],"class_list":{"0":"post-159286","1":"product","2":"type-product","3":"status-publish","4":"has-post-thumbnail","6":"product_cat-sachbuecher-dokumentationen","7":"pa_autor-neureuther","8":"pa_erscheinungsjahr-25440","9":"pa_region-deutschland","10":"pa_region-uebrigers-europa","11":"pa_sprache-de","13":"first","14":"instock","15":"taxable","16":"shipping-taxable","17":"purchasable","18":"product-type-simple"},"_links":{"self":[{"href":"https:\/\/pizbube.ch\/en\/wp-json\/wp\/v2\/product\/159286","targetHints":{"allow":["GET"]}}],"collection":[{"href":"https:\/\/pizbube.ch\/en\/wp-json\/wp\/v2\/product"}],"about":[{"href":"https:\/\/pizbube.ch\/en\/wp-json\/wp\/v2\/types\/product"}],"wp:featuredmedia":[{"embeddable":true,"href":"https:\/\/pizbube.ch\/en\/wp-json\/wp\/v2\/media\/159287"}],"wp:attachment":[{"href":"https:\/\/pizbube.ch\/en\/wp-json\/wp\/v2\/media?parent=159286"}],"wp:term":[{"taxonomy":"product_brand","embeddable":true,"href":"https:\/\/pizbube.ch\/en\/wp-json\/wp\/v2\/product_brand?post=159286"},{"taxonomy":"product_cat","embeddable":true,"href":"https:\/\/pizbube.ch\/en\/wp-json\/wp\/v2\/product_cat?post=159286"},{"taxonomy":"product_tag","embeddable":true,"href":"https:\/\/pizbube.ch\/en\/wp-json\/wp\/v2\/product_tag?post=159286"}],"curies":[{"name":"wp","href":"https:\/\/api.w.org\/{rel}","templated":true}]}}