{"id":159296,"date":"2021-10-20T10:51:07","date_gmt":"2021-10-20T08:51:07","guid":{"rendered":"https:\/\/pizbube.ch\/?post_type=product&#038;p=159296"},"modified":"2021-10-20T12:46:17","modified_gmt":"2021-10-20T10:46:17","slug":"voyage-sans-retour-premiere-expedition-feminine-en-himalaya-cho-oyu-8201m","status":"publish","type":"product","link":"https:\/\/pizbube.ch\/en\/shop\/voyage-sans-retour-premiere-expedition-feminine-en-himalaya-cho-oyu-8201m\/","title":{"rendered":"Voyage sans retour &#8211; Premi\u00e8re exp\u00e9dition f\u00e9minine en Himalaya Cho Oyu (8201m)"},"content":{"rendered":"<p>Micheline Rambaud nous d\u00e9voile, par le texte et l\u2019image, son carnet de route \u00e9crit en 1959 au cours de la premi\u00e8re exp\u00e9dition exclusivement f\u00e9minine en Himalaya. Une exp\u00e9dition organis\u00e9e par Claude Kogan, la meilleure alpiniste fran\u00e7aise de l\u2019\u00e9poque, qui, pour former son \u00e9quipe, avait choisi l\u2019\u00e9lite \u2014 des Anglaises, une Belge, des Fran\u00e7aises et surtout la c\u00e9l\u00e8bre Suissesse Loulou Boulaz. Mais l\u2019aventure se terminera tragiquement pr\u00e8s du sommet : quatre morts, dont Claude Kogan, ensevelis sous une avalanche.<\/p>\n<p>Ce r\u00e9cit passionnant, touchant et plein d\u2019humour, est une plong\u00e9e dans la vie au quotidien des membres de l\u2019exp\u00e9dition, des Sherpas, et surtout des femmes crois\u00e9es au fil de ce voyage.<\/p>\n<p>Introduction de Jean-Michel Asselin<br \/>\n345 pages<\/p>\n<p><em>Pendant l\u2019exp\u00e9dition, chaque jour, j\u2019ai \u00e9crit autant que la marche, mes activit\u00e9s ou la fatigue me l\u2019ont permis. Ces feuillets quelque peu malmen\u00e9s au retour \u00e9taient rest\u00e9s \u00e0 l\u2019\u00e9tat de manuscrit brouillon. J\u2019en ai tir\u00e9 le texte qui suit. Je n\u2019ai rien chang\u00e9 \u00e0 ce que j\u2019ai \u00e9crit au long de ces trois mois : la fatigue, la chaleur, le d\u00e9couragement, les heures heureuses, la mort.<br \/>\n<\/em>Micheline Rambaud, cin\u00e9aste de la premi\u00e8re exp\u00e9dition f\u00e9minine en Himalaya, Cho Oyu (8 201 m), 1959.<\/p>","protected":false},"excerpt":{"rendered":"<p>Micheline Rambaud nous d\u00e9voile, par le texte et l\u2019image, son carnet de route \u00e9crit en 1959 au cours de la premi\u00e8re exp\u00e9dition exclusivement f\u00e9minine en Himalaya. Une exp\u00e9dition organis\u00e9e par Claude Kogan, la meilleure alpiniste fran\u00e7aise de l\u2019\u00e9poque, qui, pour former son \u00e9quipe, avait choisi l\u2019\u00e9lite \u2014 des Anglaises, une Belge, des Fran\u00e7aises et surtout [&#8230;]\n","protected":false},"featured_media":159297,"template":"","meta":[],"product_brand":[],"product_cat":[21542],"product_tag":[],"class_list":{"0":"post-159296","1":"product","2":"type-product","3":"status-publish","4":"has-post-thumbnail","6":"product_cat-sachbuecher-dokumentationen","7":"pa_autor-rambaud","8":"pa_erscheinungsjahr-25440","9":"pa_region-asien","10":"pa_sprache-fr","12":"first","13":"instock","14":"taxable","15":"shipping-taxable","16":"purchasable","17":"product-type-simple"},"_links":{"self":[{"href":"https:\/\/pizbube.ch\/en\/wp-json\/wp\/v2\/product\/159296","targetHints":{"allow":["GET"]}}],"collection":[{"href":"https:\/\/pizbube.ch\/en\/wp-json\/wp\/v2\/product"}],"about":[{"href":"https:\/\/pizbube.ch\/en\/wp-json\/wp\/v2\/types\/product"}],"wp:featuredmedia":[{"embeddable":true,"href":"https:\/\/pizbube.ch\/en\/wp-json\/wp\/v2\/media\/159297"}],"wp:attachment":[{"href":"https:\/\/pizbube.ch\/en\/wp-json\/wp\/v2\/media?parent=159296"}],"wp:term":[{"taxonomy":"product_brand","embeddable":true,"href":"https:\/\/pizbube.ch\/en\/wp-json\/wp\/v2\/product_brand?post=159296"},{"taxonomy":"product_cat","embeddable":true,"href":"https:\/\/pizbube.ch\/en\/wp-json\/wp\/v2\/product_cat?post=159296"},{"taxonomy":"product_tag","embeddable":true,"href":"https:\/\/pizbube.ch\/en\/wp-json\/wp\/v2\/product_tag?post=159296"}],"curies":[{"name":"wp","href":"https:\/\/api.w.org\/{rel}","templated":true}]}}