{"id":159302,"date":"2021-10-20T12:44:54","date_gmt":"2021-10-20T10:44:54","guid":{"rendered":"https:\/\/pizbube.ch\/?post_type=product&#038;p=159302"},"modified":"2024-04-02T11:58:44","modified_gmt":"2024-04-02T09:58:44","slug":"les-quatorze-8000-en-hiver","status":"publish","type":"product","link":"https:\/\/pizbube.ch\/en\/shop\/les-quatorze-8000-en-hiver\/","title":{"rendered":"Les quatorze 8000 en hiver"},"content":{"rendered":"<p>Gravir\u00a0les plus hautes montagnes du monde par des froids extr\u00eames<\/p>\n<p>Bernadette McDonald, auteure \u00e0 succ\u00e8s de litt\u00e9rature de montagne, nous raconte ici les premi\u00e8res hivernales de chacun des quatorze 8000. Ses r\u00e9cits passionnants nous r\u00e9v\u00e8lent la fa\u00e7on dont les Polonais, qualifi\u00e9s de \u00ab Guerriers des glaces \u00bb, se sont appropri\u00e9 l\u2019hiver en Himalaya en perfectionnant ce qu\u2019ils ont appel\u00e9 \u00ab l\u2019art de souffrir \u00bb, mais aussi les raisons qui les ont pouss\u00e9s \u00e0 se lancer dans ce jeu brutal et celles qui, de nos jours, incitent nombre d\u2019alpinistes d\u2019autres nationalit\u00e9s \u00e0 entrer dans cette ar\u00e8ne si inhospitali\u00e8re.<\/p>\n<p><em>\u00ab Bernadette McDonald raconte avec vivacit\u00e9 et perspicacit\u00e9 un monde que peu de gens connaissent \u2013 un monde de glace noire, d\u2019air rar\u00e9fi\u00e9, de froid glacial, de vents f\u00e9roces \u2013 ainsi que les royaumes int\u00e9rieurs de ces alpinistes attir\u00e9s par l\u2019isolement des plus hauts sommets pendant la saison la plus froide. Ce livre est aujourd\u2019hui un grand classique de l\u2019histoire moderne de l\u2019alpinisme.<\/em> \u00bb<br \/>\nCatherine Destivelle, directrice de \u00c9ditions du Mont-Blanc<\/p>\n<p>406 pages<\/p>","protected":false},"excerpt":{"rendered":"<p>Gravir\u00a0les plus hautes montagnes du monde par des froids extr\u00eames Bernadette McDonald, auteure \u00e0 succ\u00e8s de litt\u00e9rature de montagne, nous raconte ici les premi\u00e8res hivernales de chacun des quatorze 8000. Ses r\u00e9cits passionnants nous r\u00e9v\u00e8lent la fa\u00e7on dont les Polonais, qualifi\u00e9s de \u00ab Guerriers des glaces \u00bb, se sont appropri\u00e9 l\u2019hiver en Himalaya en perfectionnant [&#8230;]\n","protected":false},"featured_media":159303,"template":"","meta":[],"product_brand":[],"product_cat":[21542],"product_tag":[],"class_list":{"0":"post-159302","1":"product","2":"type-product","3":"status-publish","4":"has-post-thumbnail","6":"product_cat-sachbuecher-dokumentationen","7":"pa_autor-mcdonald","8":"pa_erscheinungsjahr-25440","9":"pa_region-asien","10":"pa_sprache-fr","12":"first","13":"instock","14":"taxable","15":"shipping-taxable","16":"purchasable","17":"product-type-simple"},"_links":{"self":[{"href":"https:\/\/pizbube.ch\/en\/wp-json\/wp\/v2\/product\/159302","targetHints":{"allow":["GET"]}}],"collection":[{"href":"https:\/\/pizbube.ch\/en\/wp-json\/wp\/v2\/product"}],"about":[{"href":"https:\/\/pizbube.ch\/en\/wp-json\/wp\/v2\/types\/product"}],"wp:featuredmedia":[{"embeddable":true,"href":"https:\/\/pizbube.ch\/en\/wp-json\/wp\/v2\/media\/159303"}],"wp:attachment":[{"href":"https:\/\/pizbube.ch\/en\/wp-json\/wp\/v2\/media?parent=159302"}],"wp:term":[{"taxonomy":"product_brand","embeddable":true,"href":"https:\/\/pizbube.ch\/en\/wp-json\/wp\/v2\/product_brand?post=159302"},{"taxonomy":"product_cat","embeddable":true,"href":"https:\/\/pizbube.ch\/en\/wp-json\/wp\/v2\/product_cat?post=159302"},{"taxonomy":"product_tag","embeddable":true,"href":"https:\/\/pizbube.ch\/en\/wp-json\/wp\/v2\/product_tag?post=159302"}],"curies":[{"name":"wp","href":"https:\/\/api.w.org\/{rel}","templated":true}]}}