{"id":159327,"date":"2021-10-21T11:38:20","date_gmt":"2021-10-21T09:38:20","guid":{"rendered":"https:\/\/pizbube.ch\/?post_type=product&#038;p=159327"},"modified":"2026-04-14T09:03:08","modified_gmt":"2026-04-14T07:03:08","slug":"le-gorges-du-tarn-2","status":"publish","type":"product","link":"https:\/\/pizbube.ch\/en\/shop\/le-gorges-du-tarn-2\/","title":{"rendered":"Les Gorges du Tarn"},"content":{"rendered":"<p>Topof\u00fchrer der Tarnschlucht in den Sevennen<\/p>\n<p>Der F\u00fchrer teilt die Schlucht in verschiedene Abschnitte, die mit Lageszkizzen und Beschreibungen gut zu finden sind. Die Sektoren werden mit Fototopos vorgestellt, so dass das Auffinden der Routen denkbar einfach ist. Informationen zu L\u00e4nge und Absicherung sind nicht nur aus Sicherheitsgr\u00fcnden hilfreich. Allgemeine Informationen zu den Cevennen und der Tarnschlucht runden das Werk ab. Zusammen mit dem F\u00fchrer\u00a0 &#171;La Jonte&#187; bietet diese Region Kletterrouten f\u00fcr jeden Geschmack und Auswahl ohne Ende.<\/p>\n<p>Nouvelle \u00e9dition 2021:<br \/>\nDe Fontaneilles au Cirque des Baumes les gorges du Tarn nous offre des escalades vari\u00e9es et uniques, en particulier sur la dolomie et ses devers sculpt\u00e9s, qui on fait de ce site une destination incontournable pour les falaisistes du monde entier.<\/p>\n<p>Pr\u00e8s de 800 voies d\u00e9crites sur 222 pages en couleur, format large de 16x20cm.<\/p>\n<p>Le Topo est traduit en quatre langues : anglais, espagnol, allemand, italien, afin que chacun puisse s&#8217;y retrouver.<\/p>\n<p>D\u00e9crtits sont: Fontaneilles, Baume basses, Cirque de Baume, l` Entre Deux,<br \/>\nBaumes Hautes. graphisme \u00e9labor\u00e9. Photos avec le trac\u00e9 des voies.<br \/>\nLes nouveaux topos du Tarn, finalis\u00e9 il y a peut de temps, apr\u00e8s de nombreux<br \/>\nchangements suite aux probl\u00e8mes de conventionnement.<\/p>\n<p>Le topo des gorges du Tarn (proche des gorges de la Jonte) s`adresse \u00e0 des<br \/>\ngrimpeurs confirm\u00e9s. 450 voies, de la couenne \u00e0 la voie de 50 m, sont<br \/>\npropos\u00e9es. Le cadre, la qualit\u00e9 de la roche et le potentiel de secteurs qui<br \/>\nrestent \u00e0 \u00e9quiper dans le coin font de ce site un endroit paradisiaque de<br \/>\nl`escalade sportive.<\/p>","protected":false},"excerpt":{"rendered":"<p>Topof\u00fchrer der Tarnschlucht in den Sevennen Der F\u00fchrer teilt die Schlucht in verschiedene Abschnitte, die mit Lageszkizzen und Beschreibungen gut zu finden sind. Die Sektoren werden mit Fototopos vorgestellt, so dass das Auffinden der Routen denkbar einfach ist. Informationen zu L\u00e4nge und Absicherung sind nicht nur aus Sicherheitsgr\u00fcnden hilfreich. Allgemeine Informationen zu den Cevennen und [&#8230;]\n","protected":false},"featured_media":159328,"template":"","meta":[],"product_brand":[],"product_cat":[21539],"product_tag":[],"class_list":{"0":"post-159327","1":"product","2":"type-product","3":"status-publish","4":"has-post-thumbnail","6":"product_cat-fuehrerliteratur-sportklettern-bouldern","7":"pa_autor-caf","8":"pa_erscheinungsjahr-25440","9":"pa_region-frankreich","10":"pa_sprache-d","11":"pa_sprache-e","12":"pa_sprache-f","13":"pa_sprache-i","15":"first","16":"instock","17":"featured","18":"taxable","19":"shipping-taxable","20":"purchasable","21":"product-type-simple"},"_links":{"self":[{"href":"https:\/\/pizbube.ch\/en\/wp-json\/wp\/v2\/product\/159327","targetHints":{"allow":["GET"]}}],"collection":[{"href":"https:\/\/pizbube.ch\/en\/wp-json\/wp\/v2\/product"}],"about":[{"href":"https:\/\/pizbube.ch\/en\/wp-json\/wp\/v2\/types\/product"}],"wp:featuredmedia":[{"embeddable":true,"href":"https:\/\/pizbube.ch\/en\/wp-json\/wp\/v2\/media\/159328"}],"wp:attachment":[{"href":"https:\/\/pizbube.ch\/en\/wp-json\/wp\/v2\/media?parent=159327"}],"wp:term":[{"taxonomy":"product_brand","embeddable":true,"href":"https:\/\/pizbube.ch\/en\/wp-json\/wp\/v2\/product_brand?post=159327"},{"taxonomy":"product_cat","embeddable":true,"href":"https:\/\/pizbube.ch\/en\/wp-json\/wp\/v2\/product_cat?post=159327"},{"taxonomy":"product_tag","embeddable":true,"href":"https:\/\/pizbube.ch\/en\/wp-json\/wp\/v2\/product_tag?post=159327"}],"curies":[{"name":"wp","href":"https:\/\/api.w.org\/{rel}","templated":true}]}}