{"id":159335,"date":"2021-10-22T09:53:55","date_gmt":"2021-10-22T07:53:55","guid":{"rendered":"https:\/\/pizbube.ch\/?post_type=product&#038;p=159335"},"modified":"2025-12-18T10:21:42","modified_gmt":"2025-12-18T09:21:42","slug":"drytooling-mixte-suisse-ouest","status":"publish","type":"product","link":"https:\/\/pizbube.ch\/en\/shop\/drytooling-mixte-suisse-ouest\/","title":{"rendered":"DryTooling &amp; Mixte Suisse Ouest"},"content":{"rendered":"<p>Mixedklettern und Drytooling mit 44 Klettergebiete und gut 900<br \/>\nKletterrouten im westlichen Alpenraum von Bern bis Wallis und Jura sind beschrieben.<\/p>\n<p>Benutzerfreundlichkeit steht an oberster Stelle : Zugangsbeschreibungen mit QR Codes und Swisstopo Landeskarten sowie Fototopos<br \/>\nsorgen f\u00fcr eine optimale Visualisierung.<\/p>\n<p>In diesem 368 Seiten starken F\u00fchrer werden nur Routen vorgestellt, f\u00fcr die zwei Eispickel unerl\u00e4sslich sind. Sie finden detaillierte Beschreibungen von 101 Sektoren an 44 Orten, darunter mehr als 900 Routen in der Westschweiz f\u00fcr Trocken\u00fcbungen, gemischte Routen und Routen im Hochgebirge. Dieses Topo enth\u00e4lt alles von kurzen, gut ausger\u00fcsteten Mixed-Routen bis hin zu langen, anspruchsvollen Routen.<\/p>\n<p>Die Standorte reichen vom Jura \u00fcber die Freiburger Voralpen, mit einem kleinen Abstecher nach Genf, ins Waadtl\u00e4nder Chablais und das Wallis bis nach Zermatt. Und nicht zuletzt die gesamte Region Berner Oberland. Dieser Reisef\u00fchrer stellt auch einige Orte an der franz\u00f6sisch-schweizerischen Grenze vor.<\/p>\n<p>368 Seiten<br \/>\nSprache Franz\u00f6sisch; Tabelleen und technisches Lexikon \u00fcbersetzt ins Deutsche und Englische<\/p>\n<p>&nbsp;<\/p>\n<p>Ce guide de 368 pages vous pr\u00e9sente uniquement des voies pour lesquelles deux piolets sont indispensables. Vous y trouverez les descriptions d\u00e9taill\u00e9es de 101 secteurs r\u00e9partis sur 44 sites et comprenant plus de 900 voies de Dry Tooling, de voies mixtes, de voies en mottes gel\u00e9es ainsi que des voies de haute montagne de la Suisse occidentale. Ce topo comprend du secteur de couennes et des courtes voies mixtes bien \u00e9quip\u00e9es jusqu\u2019aux longues voies engag\u00e9es et aventureuses.<\/p>\n<p>Les sites s\u2019\u00e9tendent du Jura au Chablais Vaudois en passant par les Pr\u00e9alpes Fribourgeoises, avec un petit d\u00e9tour du c\u00f4t\u00e9 de Gen\u00e8ve, puis sur le Chablais Valaisan et le Valais jusqu\u2019\u00e0 Zermatt. Pour finir, et pas des moindres, toute la r\u00e9gion de l\u2019Oberland Bernois. Ce topo pr\u00e9sente aussi quelques sites qui se trouvent \u00e0 la fronti\u00e8re franco-suisse.<\/p>","protected":false},"excerpt":{"rendered":"<p>Mixedklettern und Drytooling mit 44 Klettergebiete und gut 900 Kletterrouten im westlichen Alpenraum von Bern bis Wallis und Jura sind beschrieben. Benutzerfreundlichkeit steht an oberster Stelle : Zugangsbeschreibungen mit QR Codes und Swisstopo Landeskarten sowie Fototopos sorgen f\u00fcr eine optimale Visualisierung. In diesem 368 Seiten starken F\u00fchrer werden nur Routen vorgestellt, f\u00fcr die zwei Eispickel [&#8230;]\n","protected":false},"featured_media":159336,"template":"","meta":[],"product_brand":[],"product_cat":[21540],"product_tag":[26977,27651],"class_list":{"0":"post-159335","1":"product","2":"type-product","3":"status-publish","4":"has-post-thumbnail","6":"product_cat-fuehrerliteratur-alpin-winter","7":"product_tag-dry-tooling-et-mixte-suisse-ouest","8":"product_tag-eisklettern","9":"pa_autor-chatelan","10":"pa_erscheinungsjahr-25440","11":"pa_region-schweiz","12":"pa_sprache-fr","14":"first","15":"instock","16":"taxable","17":"shipping-taxable","18":"purchasable","19":"product-type-simple"},"_links":{"self":[{"href":"https:\/\/pizbube.ch\/en\/wp-json\/wp\/v2\/product\/159335","targetHints":{"allow":["GET"]}}],"collection":[{"href":"https:\/\/pizbube.ch\/en\/wp-json\/wp\/v2\/product"}],"about":[{"href":"https:\/\/pizbube.ch\/en\/wp-json\/wp\/v2\/types\/product"}],"wp:featuredmedia":[{"embeddable":true,"href":"https:\/\/pizbube.ch\/en\/wp-json\/wp\/v2\/media\/159336"}],"wp:attachment":[{"href":"https:\/\/pizbube.ch\/en\/wp-json\/wp\/v2\/media?parent=159335"}],"wp:term":[{"taxonomy":"product_brand","embeddable":true,"href":"https:\/\/pizbube.ch\/en\/wp-json\/wp\/v2\/product_brand?post=159335"},{"taxonomy":"product_cat","embeddable":true,"href":"https:\/\/pizbube.ch\/en\/wp-json\/wp\/v2\/product_cat?post=159335"},{"taxonomy":"product_tag","embeddable":true,"href":"https:\/\/pizbube.ch\/en\/wp-json\/wp\/v2\/product_tag?post=159335"}],"curies":[{"name":"wp","href":"https:\/\/api.w.org\/{rel}","templated":true}]}}