{"id":159346,"date":"2021-10-22T17:28:53","date_gmt":"2021-10-22T15:28:53","guid":{"rendered":"https:\/\/pizbube.ch\/?post_type=product&#038;p=159346"},"modified":"2021-10-22T17:33:21","modified_gmt":"2021-10-22T15:33:21","slug":"dem-genuss-auf-der-spur-50-skitouren-in-den-oesterreichischen-alpen","status":"publish","type":"product","link":"https:\/\/pizbube.ch\/en\/shop\/dem-genuss-auf-der-spur-50-skitouren-in-den-oesterreichischen-alpen\/","title":{"rendered":"Dem Genuss auf der Spur &#8211; 50 Skitouren in den \u00f6sterreichischen Alpen"},"content":{"rendered":"<p>Das Beste aus den Erlebniswelten Berg und Kulinarik: Skitouren zum Genie\u00dfen<\/p>\n<p>Zwei Bretter, Schnee und Mu\u00dfe: Wer sich auf eine der 50 Skitouren in diesem Tourenbuch begibt, kommt nicht nur in sportlicher Hinsicht voll auf seine Kosten. Eindrucksvolle Bergpanoramen und \u00f6sterreichische H\u00fctten-Schmankerl sorgen daf\u00fcr, dass es Leib und Seele gut geht!<\/p>\n<p>Wenn man nicht genie\u00dfen kann, was man tut, warum sollte man es dann tun? Nach diesem Motto hat Florian Scheimpflug die sch\u00f6nsten Skitouren in \u00d6sterreichs Bergen ausgew\u00e4hlt. Ob auf die Stuhlalm in Salzburg oder den Rastkogel in Tirol: Alle Touren locken mit einzigartiger alpiner Atmosph\u00e4re, sportlichen Herausforderungen, denen auch Einsteiger gewachsen sind, und der gem\u00fctlichen Einkehr danach. So wird ein gelungener Tag zu einem unvergesslichen!<\/p>\n<p>&#8211; Inspirationsband f\u00fcr Skitouren-Anf\u00e4nger und Bergfexe \u2013 mit tollen Naturaufnahmen<br \/>\n&#8211; Endlich am Berg: beim Wintersport den Kopf frei kriegen und Naturverbundenheit sp\u00fcren<br \/>\n&#8211; Von Vorarlberg bis Nieder\u00f6sterreich: au\u00dfergew\u00f6hnliche Skitouren in den \u00f6sterreichischen Alpen<br \/>\n&#8211; Geheimtipps abseits der touristischen Hotspots: Skih\u00fctten mit authentisch \u00f6sterreichischer K\u00fcche<br \/>\n&#8211; Mit Touren-Tipps von \u00f6sterreichischen Bergsport-Athleten wie Peter Habeler, Thomas Morgenstern und Eva Walkner<br \/>\n&#8211; Was man wissen muss, damit alles gut geht: Dos and Don\u2019ts bei der Tourenplanung<\/p>\n<p>50 Skitouren mit Einkehrschwung: Gl\u00fccksmomente am Berg erleben<\/p>\n<p>Glitzernder Pulverschnee, sonnenbeschienene H\u00e4nge und gem\u00fctliche H\u00fctten fernab vom Trubel der Pisten: Ein Tag am Berg ist ein Kurzurlaub vom Alltag. Der Weg auf den Gipfel mag anstrengend sein, daf\u00fcr f\u00fchlt man sich danach geduldiger, dankbarer und gelassener. Wenn die Skitouren in diesem Buch in geselliger Runde und mit genussvoller St\u00e4rkung ausklingen, sind unsere Energietanks wieder aufgef\u00fcllt.<\/p>\n<p>274 Seiten \/ 210 mm x 260 mm<\/p>","protected":false},"excerpt":{"rendered":"<p>Das Beste aus den Erlebniswelten Berg und Kulinarik: Skitouren zum Genie\u00dfen Zwei Bretter, Schnee und Mu\u00dfe: Wer sich auf eine der 50 Skitouren in diesem Tourenbuch begibt, kommt nicht nur in sportlicher Hinsicht voll auf seine Kosten. Eindrucksvolle Bergpanoramen und \u00f6sterreichische H\u00fctten-Schmankerl sorgen daf\u00fcr, dass es Leib und Seele gut geht! Wenn man nicht genie\u00dfen [&#8230;]\n","protected":false},"featured_media":159350,"template":"","meta":[],"product_brand":[],"product_cat":[21540],"product_tag":[],"class_list":{"0":"post-159346","1":"product","2":"type-product","3":"status-publish","4":"has-post-thumbnail","6":"product_cat-fuehrerliteratur-alpin-winter","7":"pa_autor-scheimpflug","8":"pa_erscheinungsjahr-25440","9":"pa_region-oesterreich","10":"pa_sprache-de","12":"first","13":"instock","14":"taxable","15":"shipping-taxable","16":"purchasable","17":"product-type-simple"},"_links":{"self":[{"href":"https:\/\/pizbube.ch\/en\/wp-json\/wp\/v2\/product\/159346","targetHints":{"allow":["GET"]}}],"collection":[{"href":"https:\/\/pizbube.ch\/en\/wp-json\/wp\/v2\/product"}],"about":[{"href":"https:\/\/pizbube.ch\/en\/wp-json\/wp\/v2\/types\/product"}],"wp:featuredmedia":[{"embeddable":true,"href":"https:\/\/pizbube.ch\/en\/wp-json\/wp\/v2\/media\/159350"}],"wp:attachment":[{"href":"https:\/\/pizbube.ch\/en\/wp-json\/wp\/v2\/media?parent=159346"}],"wp:term":[{"taxonomy":"product_brand","embeddable":true,"href":"https:\/\/pizbube.ch\/en\/wp-json\/wp\/v2\/product_brand?post=159346"},{"taxonomy":"product_cat","embeddable":true,"href":"https:\/\/pizbube.ch\/en\/wp-json\/wp\/v2\/product_cat?post=159346"},{"taxonomy":"product_tag","embeddable":true,"href":"https:\/\/pizbube.ch\/en\/wp-json\/wp\/v2\/product_tag?post=159346"}],"curies":[{"name":"wp","href":"https:\/\/api.w.org\/{rel}","templated":true}]}}