{"id":159389,"date":"2021-10-26T12:18:16","date_gmt":"2021-10-26T10:18:16","guid":{"rendered":"https:\/\/pizbube.ch\/?post_type=product&#038;p=159389"},"modified":"2025-12-19T12:19:22","modified_gmt":"2025-12-19T11:19:22","slug":"above-alpine-photography","status":"publish","type":"product","link":"https:\/\/pizbube.ch\/en\/shop\/above-alpine-photography\/","title":{"rendered":"ABOVE &#8211; Alpine Photography"},"content":{"rendered":"<div class=\"elementor-element elementor-element-73f84378 elementor-widget elementor-widget-text-editor\" data-id=\"73f84378\" data-element_type=\"widget\" data-widget_type=\"text-editor.default\">\n<div class=\"elementor-widget-container\">\n<div class=\"elementor-text-editor elementor-clearfix\">\n<p>ABOVE hebt die Sch\u00f6nheit der hohen Berge hervor und l\u00e4sst uns in dieses Universum aus Mineralien und Eis eintauchen.<\/p>\n<p>Der Bildband f\u00fchrt zu den sch\u00f6nsten Gipfeln der Alpen, haupts\u00e4chlich in der Schweiz, aber auch im Mont-Blanc-Massiv.<br \/>\nSie werden die sch\u00f6nsten Berge in einzigartiger Atmosph\u00e4re entdecken, aus innovativen Blickwinkeln, aber auch manchmal aus klassischen Blickwinkeln, aber in diesem Fall unter noch nie dagewesenen Bedingungen.<br \/>\nDieses Buch soll ein sch\u00f6nes Buch f\u00fcr Bergfreunde sein, aber auch ein Zeugnis f\u00fcr die Sch\u00f6nheit der Alpen, wie wir sie heute kennen.<br \/>\nDie ausgestellten Fotografien sind alle in Schwarz-Wei\u00df gehalten und fangen die Bergwelt der Alpen auf zeitlose Weise ein.<\/p>\n<p>ABOVE ist dazu bestimmt, eine Referenz in den B\u00fcchern \u00fcber Bergfotografie zu werden und ist Teil des Erbes der Erinnerung an die Alpen.<\/p>\n<\/div>\n<p>200 Seiten;<br \/>\nFormat 280 x 370 mm<br \/>\nFranz\u00f6sisch, Englisch, Deutsch<\/p>\n<p>&nbsp;<\/p>\n<p>Thomas Crauwels nous invite \u00e0 contempler l\u2019univers de la haute montagne \u00e0 travers ses photo graphies.<br \/>\nD\u00e9couvrez les alpes dans des ambiances exceptionnelles mises en valeur par la magie de du noir et blanc et de sa large palette de constrastes.<\/p>\n<p>Cet ouvrage se veut \u00eatre t\u00e9moin de la beaut\u00e9 de cette nature qui nous semble \u00e9ternelle mais qui est en train de lentement dispara\u00eetre.<\/p>\n<p>200 pages;<br \/>\nFormat 280 x 370 mm<\/p>\n<p>Thomas Crauwels invites us to contemplate the universe of the high mountains through his photographs.<br \/>\nDiscover the Alps in exceptional atmospheres enhanced by the magic of black and white and its wide range of contrasts.<br \/>\nThis book is a witness to the beauty of this nature which seems eternal but which is slowly disappearing.<\/p>\n<p>200 pages;<br \/>\nFormat 280 x 370 mm<\/p>\n<\/div>\n<\/div>","protected":false},"excerpt":{"rendered":"<p><strong><a href=\"https:\/\/pizbube.ch\/wp-content\/uploads\/2021\/10\/Above_Leseprobe.pdf\" target=\"_blank\" rel=\"noopener\">Above_Leseprobe<\/a><\/strong><\/p>","protected":false},"featured_media":159396,"template":"","meta":[],"product_brand":[],"product_cat":[21580],"product_tag":[],"class_list":{"0":"post-159389","1":"product","2":"type-product","3":"status-publish","4":"has-post-thumbnail","6":"product_cat-kunst-kultur","7":"pa_autor-crauwels","8":"pa_erscheinungsjahr-25440","9":"pa_region-schweiz","10":"pa_sprache-de-en-fr","12":"first","13":"instock","14":"taxable","15":"shipping-taxable","16":"purchasable","17":"product-type-simple"},"_links":{"self":[{"href":"https:\/\/pizbube.ch\/en\/wp-json\/wp\/v2\/product\/159389","targetHints":{"allow":["GET"]}}],"collection":[{"href":"https:\/\/pizbube.ch\/en\/wp-json\/wp\/v2\/product"}],"about":[{"href":"https:\/\/pizbube.ch\/en\/wp-json\/wp\/v2\/types\/product"}],"wp:featuredmedia":[{"embeddable":true,"href":"https:\/\/pizbube.ch\/en\/wp-json\/wp\/v2\/media\/159396"}],"wp:attachment":[{"href":"https:\/\/pizbube.ch\/en\/wp-json\/wp\/v2\/media?parent=159389"}],"wp:term":[{"taxonomy":"product_brand","embeddable":true,"href":"https:\/\/pizbube.ch\/en\/wp-json\/wp\/v2\/product_brand?post=159389"},{"taxonomy":"product_cat","embeddable":true,"href":"https:\/\/pizbube.ch\/en\/wp-json\/wp\/v2\/product_cat?post=159389"},{"taxonomy":"product_tag","embeddable":true,"href":"https:\/\/pizbube.ch\/en\/wp-json\/wp\/v2\/product_tag?post=159389"}],"curies":[{"name":"wp","href":"https:\/\/api.w.org\/{rel}","templated":true}]}}