{"id":159421,"date":"2021-10-27T12:55:50","date_gmt":"2021-10-27T10:55:50","guid":{"rendered":"https:\/\/pizbube.ch\/?post_type=product&#038;p=159421"},"modified":"2022-10-20T13:00:27","modified_gmt":"2022-10-20T11:00:27","slug":"die-alpen-im-fieber","status":"publish","type":"product","link":"https:\/\/pizbube.ch\/en\/shop\/die-alpen-im-fieber\/","title":{"rendered":"Die Alpen im Fieber"},"content":{"rendered":"<p>Zentraler Schauplatz des Buches sind die Alpen: Die alpine Vegetation wandert bergw\u00e4rts, Gletscher ziehen sich zur\u00fcck, Permafrost taut in immer h\u00f6heren Lagen. In seinem Buch versammelt der Meteorologe und Geophysiker nicht nur fundierte Antworten und Fakten rund um Geschichte und Trend des alpinen Klimas, sondern macht auch die Dringlichkeit deutlich, mit der wir jetzt auf die Klimakrise reagieren m\u00fcssen.<\/p>\n<p>&#8211; Klimageschichte der Alpen: Welches Erbe der Eiszeit ist uns geblieben und was hat es mit dem heutigen Klimawandel zu tun?<br \/>\n&#8211; Vergangenheit verstehen, Zukunft gestalten: Wie hat sich die Menschheit w\u00e4hrend des Holoz\u00e4ns entwickelt?<br \/>\n&#8211; Wasserschloss und Wettermaschine: Welche Rolle spielen die Alpen f\u00fcr das Wetter?<br \/>\n&#8211; Umweltschutz und Artenvielfalt: Welche Auswirkungen hat der Klimawandel auf Tiere und Pflanzen im Alpenraum?<br \/>\n&#8211; Konkrete L\u00f6sungsvorschl\u00e4ge f\u00fcr die Klimakrise: Wo wir jetzt aktiv werden m\u00fcssen<\/p>\n<p>Welche Folgen hat die Erderw\u00e4rmung im Alpenraum?<\/p>\n<p>\u00bbDas bisschen CO2 macht doch keinen Klimawandel!\u00ab \u2013 \u00bbKein Problem, wenn es w\u00e4rmer wird. Warmzeiten waren immer gut f\u00fcr die Menschen!\u00ab Mit Irrt\u00fcmern und Falschinformationen dieser Art r\u00e4umt Andreas J\u00e4ger in seinem Buch auf. Er beantwortet h\u00e4ufig gestellte Fragen rund um den Klimawandel mithilfe wissenschaftlicher Fakten und ordnet die Informationen in einem gr\u00f6\u00dferen Kontext ein.<\/p>\n<p>256 Seiten \/ 190 mm x 260 mm<\/p>","protected":false},"excerpt":{"rendered":"<p>Zentraler Schauplatz des Buches sind die Alpen: Die alpine Vegetation wandert bergw\u00e4rts, Gletscher ziehen sich zur\u00fcck, Permafrost taut in immer h\u00f6heren Lagen. In seinem Buch versammelt der Meteorologe und Geophysiker nicht nur fundierte Antworten und Fakten rund um Geschichte und Trend des alpinen Klimas, sondern macht auch die Dringlichkeit deutlich, mit der wir jetzt auf [&#8230;]\n","protected":false},"featured_media":159425,"template":"","meta":[],"product_brand":[],"product_cat":[21542],"product_tag":[],"class_list":{"0":"post-159421","1":"product","2":"type-product","3":"status-publish","4":"has-post-thumbnail","6":"product_cat-sachbuecher-dokumentationen","7":"pa_autor-jaeger","8":"pa_erscheinungsjahr-25440","9":"pa_region-uebrigers-europa","10":"pa_sprache-de","12":"first","13":"instock","14":"taxable","15":"shipping-taxable","16":"purchasable","17":"product-type-simple"},"_links":{"self":[{"href":"https:\/\/pizbube.ch\/en\/wp-json\/wp\/v2\/product\/159421","targetHints":{"allow":["GET"]}}],"collection":[{"href":"https:\/\/pizbube.ch\/en\/wp-json\/wp\/v2\/product"}],"about":[{"href":"https:\/\/pizbube.ch\/en\/wp-json\/wp\/v2\/types\/product"}],"wp:featuredmedia":[{"embeddable":true,"href":"https:\/\/pizbube.ch\/en\/wp-json\/wp\/v2\/media\/159425"}],"wp:attachment":[{"href":"https:\/\/pizbube.ch\/en\/wp-json\/wp\/v2\/media?parent=159421"}],"wp:term":[{"taxonomy":"product_brand","embeddable":true,"href":"https:\/\/pizbube.ch\/en\/wp-json\/wp\/v2\/product_brand?post=159421"},{"taxonomy":"product_cat","embeddable":true,"href":"https:\/\/pizbube.ch\/en\/wp-json\/wp\/v2\/product_cat?post=159421"},{"taxonomy":"product_tag","embeddable":true,"href":"https:\/\/pizbube.ch\/en\/wp-json\/wp\/v2\/product_tag?post=159421"}],"curies":[{"name":"wp","href":"https:\/\/api.w.org\/{rel}","templated":true}]}}