{"id":159438,"date":"2021-10-28T10:08:12","date_gmt":"2021-10-28T08:08:12","guid":{"rendered":"https:\/\/pizbube.ch\/?post_type=product&#038;p=159438"},"modified":"2021-10-28T10:08:36","modified_gmt":"2021-10-28T08:08:36","slug":"alpinistes-de-staline","status":"publish","type":"product","link":"https:\/\/pizbube.ch\/en\/shop\/alpinistes-de-staline\/","title":{"rendered":"Alpinistes de Staline"},"content":{"rendered":"<p>Si C\u00e9dric Gras s\u2019est d\u00e9cid\u00e9 \u00e0 raconter la vie des fr\u00e8res Abalakov, deux alpinistes russes des plus h\u00e9ro\u00efques de leur g\u00e9n\u00e9ration, c\u2019est apr\u00e8s avoir d\u00e9couvert qu\u2019ils avaient \u00e9t\u00e9 victimes des purges staliniennes. Comment Staline a-t-il pu faire arr\u00eater ces figures glorieuses, charg\u00e9es de porter le marxisme au plus haut des sommets ?<\/p>\n<p>Orphelins sib\u00e9riens, ils pratiquent l\u2019escalade avant de devenir des alpinistes aguerris. Entre Caucase et Asie centrale, ils multiplient les exp\u00e9ditions jusqu\u2019\u00e0 gravir, dans les ann\u00e9es 1930, les vertigineux pic Staline et pic L\u00e9nine, au nom du pouvoir. Dans ce monde o\u00f9 l\u2019alpinisme \u00e9tait dict\u00e9 par l\u2019id\u00e9ologie d\u2019un monde nouveau, la conqu\u00eate de territoires et la guerre, Vitali Abalakov sera pourtant victime de la Grande Terreur et des purges en 1938. Lib\u00e9r\u00e9 et amput\u00e9 de nombreuses phalanges suite \u00e0 une temp\u00eate en altitude, il reprendra le chemin des cimes et reviendra au plus haut niveau. Son fr\u00e8re Evgueni sera lui retrouv\u00e9 mort en 1948. Il pr\u00e9parait une ascension \u00e0 l\u2019Everest.<\/p>\n<p>Russophone et familier de l\u2019Eurasie, C\u00e9dric Gras a enqu\u00eat\u00e9, des archives du KGB au pic L\u00e9nine, pour reconstituer le destin exceptionnel et dramatique de ces deux fr\u00e8res indissociables puis d\u00e9sunis, mais qui ont travers\u00e9 le si\u00e8cle rouge en r\u00eavant de conqu\u00e9rir l\u2019Everest au nom de l\u2019URSS.<\/p>\n<div class=\"field field-name-hw-livre-nb-pages field-type-number-integer field-label-hidden\">\n<div class=\"field-items\">\n<div class=\"field-item even\">342 pages<\/div>\n<\/div>\n<\/div>\n<div class=\"form-item form-type-item form-group\">\n<div class=\"field field-name-hw-livre-format clearfix\">\n<div class=\"field-item even\">Format : 137 x 215 mm<\/div>\n<\/div>\n<\/div>","protected":false},"excerpt":{"rendered":"<p>Si C\u00e9dric Gras s\u2019est d\u00e9cid\u00e9 \u00e0 raconter la vie des fr\u00e8res Abalakov, deux alpinistes russes des plus h\u00e9ro\u00efques de leur g\u00e9n\u00e9ration, c\u2019est apr\u00e8s avoir d\u00e9couvert qu\u2019ils avaient \u00e9t\u00e9 victimes des purges staliniennes. Comment Staline a-t-il pu faire arr\u00eater ces figures glorieuses, charg\u00e9es de porter le marxisme au plus haut des sommets ? Orphelins sib\u00e9riens, ils [&#8230;]\n","protected":false},"featured_media":159439,"template":"","meta":[],"product_brand":[],"product_cat":[21542],"product_tag":[],"class_list":{"0":"post-159438","1":"product","2":"type-product","3":"status-publish","4":"has-post-thumbnail","6":"product_cat-sachbuecher-dokumentationen","7":"pa_autor-gras","8":"pa_erscheinungsjahr-21558","9":"pa_region-osteuropa","10":"pa_sprache-fr","12":"first","13":"instock","14":"taxable","15":"shipping-taxable","16":"purchasable","17":"product-type-simple"},"_links":{"self":[{"href":"https:\/\/pizbube.ch\/en\/wp-json\/wp\/v2\/product\/159438","targetHints":{"allow":["GET"]}}],"collection":[{"href":"https:\/\/pizbube.ch\/en\/wp-json\/wp\/v2\/product"}],"about":[{"href":"https:\/\/pizbube.ch\/en\/wp-json\/wp\/v2\/types\/product"}],"wp:featuredmedia":[{"embeddable":true,"href":"https:\/\/pizbube.ch\/en\/wp-json\/wp\/v2\/media\/159439"}],"wp:attachment":[{"href":"https:\/\/pizbube.ch\/en\/wp-json\/wp\/v2\/media?parent=159438"}],"wp:term":[{"taxonomy":"product_brand","embeddable":true,"href":"https:\/\/pizbube.ch\/en\/wp-json\/wp\/v2\/product_brand?post=159438"},{"taxonomy":"product_cat","embeddable":true,"href":"https:\/\/pizbube.ch\/en\/wp-json\/wp\/v2\/product_cat?post=159438"},{"taxonomy":"product_tag","embeddable":true,"href":"https:\/\/pizbube.ch\/en\/wp-json\/wp\/v2\/product_tag?post=159438"}],"curies":[{"name":"wp","href":"https:\/\/api.w.org\/{rel}","templated":true}]}}