{"id":159492,"date":"2021-11-02T16:20:04","date_gmt":"2021-11-02T15:20:04","guid":{"rendered":"https:\/\/pizbube.ch\/?post_type=product&#038;p=159492"},"modified":"2021-11-02T16:33:23","modified_gmt":"2021-11-02T15:33:23","slug":"das-grosse-vorarlberger-gipfelbuch","status":"publish","type":"product","link":"https:\/\/pizbube.ch\/en\/shop\/das-grosse-vorarlberger-gipfelbuch\/","title":{"rendered":"Das gro\u00dfe Vorarlberger Gipfelbuch"},"content":{"rendered":"<p>101 x hoch hinaus<\/p>\n<p>Wege zum Gipfelgl\u00fcck im L\u00e4ndle<\/p>\n<p>Einen aussichtsreichen Gipfel aus eigener Kraft zu erreichen ist immer ein begl\u00fcckendes Erlebnis, egal wie hoch der Berg und wie schwer der Weg ist: oben ist oben<span class=\"morecontent less\">. Man muss nicht Reinhold Messner hei\u00dfen, um diese Erfahrung zu machen. Das zeigt dieses gro\u00dfz\u00fcgig bebilderte Buch. Es stellt die sch\u00f6nsten Berggipfel in Vorarlberg vor &#8211; bis auf wenige Ausnahmen, wie zum Beispiel den Piz Buin, mit 3312 Metern der h\u00f6chste Spitz im L\u00e4ndle<br \/>\n&#8211; allesamt Ziele, die f\u00fcr Wanderer gut als Halbtages- oder Tagestouren zu bew\u00e4ltigen sind. Wer dieses Guidebook zu seinem pers\u00f6nlichen Gipfelbuch macht, kann sich im Lauf der Zeit die ganze Vielfalt und Sch\u00f6nheit der Bergwelt des &#171;L\u00e4ndles&#187; erobern.<\/span><\/p>\n<p>Wege zum Gipfelgl\u00fcck im L\u00e4ndle<br \/>\nZuverl\u00e4ssige, aktuell recherchierte Tourenbeschreibungen<br \/>\nQR-Codes mit GPS-Daten zu allen Ausgangspunkten<br \/>\nAussagekr\u00e4ftige, animierende Fotos<br \/>\nKarten mit eingezeichnetem Routenverlauf<\/p>\n<p>240 Seiten; 101 Tourenvorschl\u00e4ge,<br \/>\n425 farbige Abb. und 101 Karten mit eingezeichnetem Routenverlauf sowie 2 \u00dcbersichtskarten; 210 mm x 170 mm<\/p>","protected":false},"excerpt":{"rendered":"<p>101 x hoch hinaus Wege zum Gipfelgl\u00fcck im L\u00e4ndle Einen aussichtsreichen Gipfel aus eigener Kraft zu erreichen ist immer ein begl\u00fcckendes Erlebnis, egal wie hoch der Berg und wie schwer der Weg ist: oben ist oben. Man muss nicht Reinhold Messner hei\u00dfen, um diese Erfahrung zu machen. Das zeigt dieses gro\u00dfz\u00fcgig bebilderte Buch. Es stellt [&#8230;]\n","protected":false},"featured_media":159493,"template":"","meta":[],"product_brand":[],"product_cat":[21544,21605],"product_tag":[],"class_list":{"0":"post-159492","1":"product","2":"type-product","3":"status-publish","4":"has-post-thumbnail","6":"product_cat-fuehrerliteratur-alpin-sommer","7":"product_cat-wanderfuehrer-trekking","8":"pa_autor-bechtold","9":"pa_erscheinungsjahr-25440","10":"pa_region-oesterreich","11":"pa_sprache-de","13":"first","14":"instock","15":"taxable","16":"shipping-taxable","17":"purchasable","18":"product-type-simple"},"_links":{"self":[{"href":"https:\/\/pizbube.ch\/en\/wp-json\/wp\/v2\/product\/159492","targetHints":{"allow":["GET"]}}],"collection":[{"href":"https:\/\/pizbube.ch\/en\/wp-json\/wp\/v2\/product"}],"about":[{"href":"https:\/\/pizbube.ch\/en\/wp-json\/wp\/v2\/types\/product"}],"wp:featuredmedia":[{"embeddable":true,"href":"https:\/\/pizbube.ch\/en\/wp-json\/wp\/v2\/media\/159493"}],"wp:attachment":[{"href":"https:\/\/pizbube.ch\/en\/wp-json\/wp\/v2\/media?parent=159492"}],"wp:term":[{"taxonomy":"product_brand","embeddable":true,"href":"https:\/\/pizbube.ch\/en\/wp-json\/wp\/v2\/product_brand?post=159492"},{"taxonomy":"product_cat","embeddable":true,"href":"https:\/\/pizbube.ch\/en\/wp-json\/wp\/v2\/product_cat?post=159492"},{"taxonomy":"product_tag","embeddable":true,"href":"https:\/\/pizbube.ch\/en\/wp-json\/wp\/v2\/product_tag?post=159492"}],"curies":[{"name":"wp","href":"https:\/\/api.w.org\/{rel}","templated":true}]}}