{"id":159500,"date":"2021-11-02T16:41:05","date_gmt":"2021-11-02T15:41:05","guid":{"rendered":"https:\/\/pizbube.ch\/?post_type=product&#038;p=159500"},"modified":"2025-11-08T09:18:12","modified_gmt":"2025-11-08T08:18:12","slug":"stalins-alpinisten","status":"publish","type":"product","link":"https:\/\/pizbube.ch\/en\/shop\/stalins-alpinisten\/","title":{"rendered":"Stalins Alpinisten"},"content":{"rendered":"<p>Der Fall Abalakow.<\/p>\n<p>Die preisgekr\u00f6nte Reportage \u00fcber das tragische Schicksal der russischen Bergsteiger Witali und Jewgeni Abalakow<\/p>\n<p>Wie kam es, dass Stalin die gefeierten Alpinisten, die in seinem Namen den Marxismus bis<span class=\"morecontent less\"> auf die h\u00f6chsten Gipfel tragen sollten, verhaften und verschwinden lie\u00df? Seit der preisgekr\u00f6nte franz\u00f6sische Journalist C\u00e9dric Gras vom Los der Br\u00fcder Abalakow erfahren hatte, lie\u00df ihn diese Frage nicht mehr los. Er beschloss, den Spuren ihres Lebens nachzugehen. Witali und Jewgeni Abalakow unternehmen zahlreiche Expeditionen im Kaukasus sowie im zentralasiatischen Pamir und Tian Shan. Dort besteigen sie in den 1930er Jahren im Namen des Systems die Siebentausender Pik Stalin und Pik Lenin sowie den Khan Tengri &#8211; und werden als Helden bejubelt. <\/span><\/p>\n<p><span class=\"morecontent less\">Bald wendet sich das Blatt: 1938 wird Witali Abalakow Opfer des Gro\u00dfen Terrors und der S\u00e4uberungen. Er \u00fcberlebt und kehrt in die Berge zur\u00fcck. Sein Bruder Jewgeni wird 1948 tot aufgefunden. C\u00e9dric Gras hat sowohl in den Archiven des KGB als auch in Sibirien sowie in den Bergen Zentralasiens recherchiert, um das Leben der Br\u00fcder Witali und Jewgeni Abalakow zu rekonstruieren, die &#8211; erst unzertrennlich, dann zerstritten &#8211; gemeinsam das Rote Zeitalter erlebten und davon tr\u00e4umten, den h\u00f6chsten Gipfel der Welt im Namen der UdSSR zu bezwingen. Entstanden ist so eine packende Reportage, in welcher der Erz\u00e4hler die Leserinnen und Leser ganz unmittelbar an seinen Recherchen und Entdeckungen teilhaben l\u00e4sst. <\/span><\/p>\n<p>Hardcover<br \/>\n224 Seiten; 19 sw. Abb.; 225 mm x 150 mm<br \/>\nAus dem Franz\u00f6sischen von Manon Hopf<\/p>","protected":false},"excerpt":{"rendered":"<p>Der Fall Abalakow. Die preisgekr\u00f6nte Reportage \u00fcber das tragische Schicksal der russischen Bergsteiger Witali und Jewgeni Abalakow Wie kam es, dass Stalin die gefeierten Alpinisten, die in seinem Namen den Marxismus bis auf die h\u00f6chsten Gipfel tragen sollten, verhaften und verschwinden lie\u00df? Seit der preisgekr\u00f6nte franz\u00f6sische Journalist C\u00e9dric Gras vom Los der Br\u00fcder Abalakow erfahren [&#8230;]\n","protected":false},"featured_media":159501,"template":"","meta":[],"product_brand":[],"product_cat":[21542],"product_tag":[27026],"class_list":{"0":"post-159500","1":"product","2":"type-product","3":"status-publish","4":"has-post-thumbnail","6":"product_cat-sachbuecher-dokumentationen","7":"product_tag-abalakov","8":"pa_autor-gras","9":"pa_erscheinungsjahr-25440","10":"pa_region-osteuropa","11":"pa_sprache-de","13":"first","14":"instock","15":"taxable","16":"shipping-taxable","17":"purchasable","18":"product-type-simple"},"_links":{"self":[{"href":"https:\/\/pizbube.ch\/en\/wp-json\/wp\/v2\/product\/159500","targetHints":{"allow":["GET"]}}],"collection":[{"href":"https:\/\/pizbube.ch\/en\/wp-json\/wp\/v2\/product"}],"about":[{"href":"https:\/\/pizbube.ch\/en\/wp-json\/wp\/v2\/types\/product"}],"wp:featuredmedia":[{"embeddable":true,"href":"https:\/\/pizbube.ch\/en\/wp-json\/wp\/v2\/media\/159501"}],"wp:attachment":[{"href":"https:\/\/pizbube.ch\/en\/wp-json\/wp\/v2\/media?parent=159500"}],"wp:term":[{"taxonomy":"product_brand","embeddable":true,"href":"https:\/\/pizbube.ch\/en\/wp-json\/wp\/v2\/product_brand?post=159500"},{"taxonomy":"product_cat","embeddable":true,"href":"https:\/\/pizbube.ch\/en\/wp-json\/wp\/v2\/product_cat?post=159500"},{"taxonomy":"product_tag","embeddable":true,"href":"https:\/\/pizbube.ch\/en\/wp-json\/wp\/v2\/product_tag?post=159500"}],"curies":[{"name":"wp","href":"https:\/\/api.w.org\/{rel}","templated":true}]}}