{"id":159510,"date":"2021-11-03T12:13:06","date_gmt":"2021-11-03T11:13:06","guid":{"rendered":"https:\/\/pizbube.ch\/?post_type=product&#038;p=159510"},"modified":"2021-11-11T09:46:28","modified_gmt":"2021-11-11T08:46:28","slug":"piolets-dor-les-plus-beaux-exploits-de-lalpinisme-moderne","status":"publish","type":"product","link":"https:\/\/pizbube.ch\/en\/shop\/piolets-dor-les-plus-beaux-exploits-de-lalpinisme-moderne\/","title":{"rendered":"Piolets d&#8217;or &#8211; Les plus beaux exploits de l&#8217;alpinisme moderne"},"content":{"rendered":"<p>60 Sommets &#8211; 100 Alpinistes<\/p>\n<p>Chaque ann\u00e9e, depuis 1992, les alpinistes, auteurs des ascensions les plus remarquables, sont distingu\u00e9s par un Piolet d\u2019Or. Cet ouvrage pr\u00e9sente les itin\u00e9raires d\u2019exception accomplis par ces alpinistes audacieux et nous fait d\u00e9couvrir leurs aventures dans les plus belles montagnes du monde. Plus de 60 voies ouvertes sur des parois et des sommets de l\u00e9gende par plus de 100 alpinistes, les meilleurs du moment, originaires des quatre coins de la plan\u00e8te.<\/p>\n<p>Une v\u00e9ritable histoire du \u00ab grand alpinisme moderne \u00bb. Depuis 2009, un Piolet d\u2019Or Carri\u00e8re est aussi d\u00e9cern\u00e9 \u00e0 quelques grands noms de l\u2019alpinisme, comme Walter Bonatti, Reinhold Messner, Robert Paragot, Doug Scott, etc.<\/p>\n<p>Pr\u00e9face de Victor Saunders, pr\u00e9sident de l\u2019Alpine Club, et Christian Trommsdorff, pr\u00e9sident du Groupe de haute montagne.<\/p>\n<p>Cr\u00e9\u00e9s en 1991, Les Piolets d&#8217;Or r\u00e9compensent tous les ans les alpinistes auteurs des ascensions les plus remarquables de l&#8217;ann\u00e9e. Cette c\u00e9r\u00e9monie de port\u00e9e internationale a pour vocation de faire conna\u00eetre et r\u00e9compenser les grandes ascensions r\u00e9alis\u00e9es chaque ann\u00e9e sur les montagnes du monde entier. Elle vise \u00e0 c\u00e9l\u00e9brer le go\u00fbt de l&#8217;aventure, l&#8217;audace et le sens de l&#8217;exploration dans l&#8217;art de gravir les plus beaux sommets. C&#8217;est une f\u00eate de l&#8217;alpinisme. Cet ouvrage est publi\u00e9 pour c\u00e9l\u00e9brer les 30 ans de ces Piolets d&#8217;or. Il propose donc de relater ann\u00e9e par ann\u00e9e les ascensions les plus remarquables et de faire d\u00e9couvrir aux lecteurs ces alpinistes audacieux souvent m\u00e9connus ainsi que ces magnifiques montagnes. Cet ouvrage sera en quelque sorte l&#8217;histoire moderne de l&#8217;alpinisme. Il sera aussi une sorte de guide pour les jeunes alpinistes en qu\u00eate d&#8217;inspiration.<\/p>\n<p>David Chambre\u00a0&#8211; Claude Gardien<strong><\/p>\n<p><\/strong>Dimensions: 28,3 x 24,3 x 2,8 cm<br \/>\n304 pages<\/p>","protected":false},"excerpt":{"rendered":"<p>60 Sommets &#8211; 100 Alpinistes Chaque ann\u00e9e, depuis 1992, les alpinistes, auteurs des ascensions les plus remarquables, sont distingu\u00e9s par un Piolet d\u2019Or. Cet ouvrage pr\u00e9sente les itin\u00e9raires d\u2019exception accomplis par ces alpinistes audacieux et nous fait d\u00e9couvrir leurs aventures dans les plus belles montagnes du monde. Plus de 60 voies ouvertes sur des parois [&#8230;]\n","protected":false},"featured_media":159511,"template":"","meta":[],"product_brand":[],"product_cat":[21542],"product_tag":[],"class_list":{"0":"post-159510","1":"product","2":"type-product","3":"status-publish","4":"has-post-thumbnail","6":"product_cat-sachbuecher-dokumentationen","7":"pa_autor-chambre-gardien","8":"pa_erscheinungsjahr-25440","9":"pa_region-frankreich","10":"pa_sprache-fr","12":"first","13":"instock","14":"taxable","15":"shipping-taxable","16":"purchasable","17":"product-type-simple"},"_links":{"self":[{"href":"https:\/\/pizbube.ch\/en\/wp-json\/wp\/v2\/product\/159510","targetHints":{"allow":["GET"]}}],"collection":[{"href":"https:\/\/pizbube.ch\/en\/wp-json\/wp\/v2\/product"}],"about":[{"href":"https:\/\/pizbube.ch\/en\/wp-json\/wp\/v2\/types\/product"}],"wp:featuredmedia":[{"embeddable":true,"href":"https:\/\/pizbube.ch\/en\/wp-json\/wp\/v2\/media\/159511"}],"wp:attachment":[{"href":"https:\/\/pizbube.ch\/en\/wp-json\/wp\/v2\/media?parent=159510"}],"wp:term":[{"taxonomy":"product_brand","embeddable":true,"href":"https:\/\/pizbube.ch\/en\/wp-json\/wp\/v2\/product_brand?post=159510"},{"taxonomy":"product_cat","embeddable":true,"href":"https:\/\/pizbube.ch\/en\/wp-json\/wp\/v2\/product_cat?post=159510"},{"taxonomy":"product_tag","embeddable":true,"href":"https:\/\/pizbube.ch\/en\/wp-json\/wp\/v2\/product_tag?post=159510"}],"curies":[{"name":"wp","href":"https:\/\/api.w.org\/{rel}","templated":true}]}}