{"id":159525,"date":"2021-11-04T12:22:45","date_gmt":"2021-11-04T11:22:45","guid":{"rendered":"https:\/\/pizbube.ch\/?post_type=product&#038;p=159525"},"modified":"2021-11-18T17:32:05","modified_gmt":"2021-11-18T16:32:05","slug":"zwischen-durchkommen-und-umkommen-die-faszination-des-bergsteigens","status":"publish","type":"product","link":"https:\/\/pizbube.ch\/en\/shop\/zwischen-durchkommen-und-umkommen-die-faszination-des-bergsteigens\/","title":{"rendered":"Zwischen Durchkommen und Umkommen &#8211; Die Faszination des Bergsteigens"},"content":{"rendered":"<div>\n<div class=\"jsx-4077345619 s-info__description s-shareable\">\n<div class=\"jsx-1352194745 s-text s-text-xs--l\">\n<p>\u00bbDer traditionelle Alpinismus ist die Kunst, dort zu \u00fcberleben, wo der Mensch nicht hingeh\u00f6rt.\u00ab Reinhold Messner<\/p>\n<p>Mutig und selbstbestimmt stellen sich traditionelle Bergsteiger dem Unbekannten. Sie gehen dorthin, wo die anderen nicht sind, und gehen hohe Risiken ein. Seit im Jahr 1786 erstmals Menschen auf dem Gipfel des Montblanc standen, werden die Grenzen des \u201eUnm\u00f6glichen\u201c immer weiter verschoben.<\/p>\n<p>Reinhold Messner setzt diesen Pioniertaten ein Denkmal. Er schildert den traditionellen Alpinismus anhand herausragender Protagonisten und l\u00e4sst sie in Originaldokumenten selbst zu Wort kommen. In pr\u00e4gnanten Essays zeigt er auf, welche mentalen und k\u00f6rperlichen Voraussetzungen eine solche Haltung erfordert: Eigenschaften wie Neugier und Leidenschaft, Eigenverantwortung in der Gefahr und die bewusste Konzentration auf das Wesentliche, was den Verzicht auf ausgefeilte technische Hilfsmittel mit einschlie\u00dft.<\/p>\n<p>Messners neues Buch ist ein Pl\u00e4doyer f\u00fcr den menschlichen Entdeckergeist, f\u00fcr eine unmittelbare Begegnung von Mensch und Natur, f\u00fcr einen Alpinismus \u201eohne Netz und doppelten Boden\u201c \u2013 ein Erbe, das es weiterzugeben gilt.<\/p>\n<\/div>\n<\/div>\n<\/div>\n<div class=\"pb-1\">Hardcover mit Schutzumschlag, 304 Seiten,<br \/>\n21,0 x 27,0 cm<\/div>\n<div class=\"pb-1\">Bildband<\/div>","protected":false},"excerpt":{"rendered":"<p>\u00bbDer traditionelle Alpinismus ist die Kunst, dort zu \u00fcberleben, wo der Mensch nicht hingeh\u00f6rt.\u00ab Reinhold Messner Mutig und selbstbestimmt stellen sich traditionelle Bergsteiger dem Unbekannten. Sie gehen dorthin, wo die anderen nicht sind, und gehen hohe Risiken ein. Seit im Jahr 1786 erstmals Menschen auf dem Gipfel des Montblanc standen, werden die Grenzen des \u201eUnm\u00f6glichen\u201c [&#8230;]\n","protected":false},"featured_media":159526,"template":"","meta":[],"product_brand":[],"product_cat":[21542],"product_tag":[],"class_list":{"0":"post-159525","1":"product","2":"type-product","3":"status-publish","4":"has-post-thumbnail","6":"product_cat-sachbuecher-dokumentationen","7":"pa_autor-messner","8":"pa_erscheinungsjahr-25440","9":"pa_region-uebrigers-europa","10":"pa_sprache-de","12":"first","13":"instock","14":"taxable","15":"shipping-taxable","16":"purchasable","17":"product-type-simple"},"_links":{"self":[{"href":"https:\/\/pizbube.ch\/en\/wp-json\/wp\/v2\/product\/159525","targetHints":{"allow":["GET"]}}],"collection":[{"href":"https:\/\/pizbube.ch\/en\/wp-json\/wp\/v2\/product"}],"about":[{"href":"https:\/\/pizbube.ch\/en\/wp-json\/wp\/v2\/types\/product"}],"wp:featuredmedia":[{"embeddable":true,"href":"https:\/\/pizbube.ch\/en\/wp-json\/wp\/v2\/media\/159526"}],"wp:attachment":[{"href":"https:\/\/pizbube.ch\/en\/wp-json\/wp\/v2\/media?parent=159525"}],"wp:term":[{"taxonomy":"product_brand","embeddable":true,"href":"https:\/\/pizbube.ch\/en\/wp-json\/wp\/v2\/product_brand?post=159525"},{"taxonomy":"product_cat","embeddable":true,"href":"https:\/\/pizbube.ch\/en\/wp-json\/wp\/v2\/product_cat?post=159525"},{"taxonomy":"product_tag","embeddable":true,"href":"https:\/\/pizbube.ch\/en\/wp-json\/wp\/v2\/product_tag?post=159525"}],"curies":[{"name":"wp","href":"https:\/\/api.w.org\/{rel}","templated":true}]}}