{"id":159538,"date":"2021-11-05T11:28:29","date_gmt":"2021-11-05T10:28:29","guid":{"rendered":"https:\/\/pizbube.ch\/?post_type=product&#038;p=159538"},"modified":"2024-11-01T12:48:16","modified_gmt":"2024-11-01T11:48:16","slug":"sagenhafter-wanderfuehrer-surselva","status":"publish","type":"product","link":"https:\/\/pizbube.ch\/en\/shop\/sagenhafter-wanderfuehrer-surselva\/","title":{"rendered":"Sagenhafter Wanderf\u00fchrer Surselva"},"content":{"rendered":"<div id=\"cc-shop-product-desc-text-15974315122\" class=\"description\">Der sagenhafte Wanderf\u00fchrer Surselva in Deutsch und Sursilvan\u00a0verbindet Wandern, Natur und Kultur.<\/div>\n<div class=\"description\">Die Autorinnen Sibylle Mani, Tania Zanetti und der Autor Lars Haefner f\u00fchren die Leser anhand von illustrierten Sagen durch das B\u00fcndner Oberland und lassen einem seine Vielfalt und Einzigartigkeit hautnah erleben.<\/div>\n<div>\n<p class=\"text\">\u201eZur Strafe aber blieb sein Geist nach seinem Tod auf der Alp Lavaz gefangen. Br\u00fcllend wie ein Ochse irrte er umher, und manchmal h\u00f6rt man ihn da oben noch heute sein Schicksal beweinen\u2026\u201c So endet eine der zahlreichen Sagen in diesem Buch.<\/p>\n<p>21 abwechslungsreiche Wanderungen f\u00fchren zu den sch\u00f6nsten Orten der Surselva ( Graub\u00fcnden) und den Schaupl\u00e4tzen von 32 Sagen, die zum Teil erstmals ins Deutsche \u00fcbersetzt wurden: Von der Quelle des Rheins nach Disentis, zur unber\u00fchrten Natur in der Val Medel, entlang der malerischen Hochebene der Greina, in die sch\u00f6ne Val Lumnezia und zu den Burgen der Surselva bis nach Brigels.<\/p>\n<p>Interviews mit Bewohnerinnen und Bewohnern der Surselva und weitere Texte zur Geschichte und Kultur spannen den Bogen von der sagenhaften Vergangenheit zum Alltag der Gegenwart.<\/p>\n<p>Die Wanderungen umfassen verschiedene Schwierigkeitsgrade und richten sich an ein breites Wanderpublikum.<\/p>\n<\/div>\n<div class=\"description\">Deutsch \/ Sursilvan<\/div>\n<div>1. Auflage 2021;<br \/>\n238 Seiten<\/div>","protected":false},"excerpt":{"rendered":"<p>Der sagenhafte Wanderf\u00fchrer Surselva in Deutsch und Sursilvan\u00a0verbindet Wandern, Natur und Kultur. Die Autorinnen Sibylle Mani, Tania Zanetti und der Autor Lars Haefner f\u00fchren die Leser anhand von illustrierten Sagen durch das B\u00fcndner Oberland und lassen einem seine Vielfalt und Einzigartigkeit hautnah erleben. \u201eZur Strafe aber blieb sein Geist nach seinem Tod auf der Alp [&#8230;]\n","protected":false},"featured_media":159539,"template":"","meta":[],"product_brand":[],"product_cat":[21629,21580],"product_tag":[],"class_list":{"0":"post-159538","1":"product","2":"type-product","3":"status-publish","4":"has-post-thumbnail","6":"product_cat-belletristik","7":"product_cat-kunst-kultur","8":"pa_autor-mani-haefner-zanetti","9":"pa_erscheinungsjahr-25440","10":"pa_region-schweiz","11":"pa_sprache-de-raetrom","13":"first","14":"instock","15":"taxable","16":"shipping-taxable","17":"purchasable","18":"product-type-simple"},"_links":{"self":[{"href":"https:\/\/pizbube.ch\/en\/wp-json\/wp\/v2\/product\/159538","targetHints":{"allow":["GET"]}}],"collection":[{"href":"https:\/\/pizbube.ch\/en\/wp-json\/wp\/v2\/product"}],"about":[{"href":"https:\/\/pizbube.ch\/en\/wp-json\/wp\/v2\/types\/product"}],"wp:featuredmedia":[{"embeddable":true,"href":"https:\/\/pizbube.ch\/en\/wp-json\/wp\/v2\/media\/159539"}],"wp:attachment":[{"href":"https:\/\/pizbube.ch\/en\/wp-json\/wp\/v2\/media?parent=159538"}],"wp:term":[{"taxonomy":"product_brand","embeddable":true,"href":"https:\/\/pizbube.ch\/en\/wp-json\/wp\/v2\/product_brand?post=159538"},{"taxonomy":"product_cat","embeddable":true,"href":"https:\/\/pizbube.ch\/en\/wp-json\/wp\/v2\/product_cat?post=159538"},{"taxonomy":"product_tag","embeddable":true,"href":"https:\/\/pizbube.ch\/en\/wp-json\/wp\/v2\/product_tag?post=159538"}],"curies":[{"name":"wp","href":"https:\/\/api.w.org\/{rel}","templated":true}]}}